{"id":27964,"date":"2019-11-14T14:21:48","date_gmt":"2019-11-14T14:21:48","guid":{"rendered":"https:\/\/modrastijena.com\/me\/proizvod\/rust-remover-marble\/"},"modified":"2025-07-14T14:45:35","modified_gmt":"2025-07-14T14:45:35","slug":"rust-remover-marble","status":"publish","type":"product","link":"https:\/\/modrastijena.com\/me\/proizvod\/rust-remover-marble\/","title":{"rendered":"Rust Remover Marble &#8211; sredstvo za \u010di\u0161\u0107enje"},"content":{"rendered":"<p>Lagano alkalno sredstvo za \u010di\u0161\u0107enje, spremno za upotrebu.<\/p>\n<p><strong>UPOTREBA:<\/strong> Za uklanjanje povr\u0161inskih mrlja od hr\u0111e nastalih od korozivnih tvari ili objekata na materijalima koji su osjetljivi na kiseline pa se ne mogu tretirati s Rust Remover. Idealan za sve vrste mramora. Mo\u017ee se nanositi samo na mrlje bez opasnosti da \u0107e promijeniti boju kamena.<\/p>\n<p><strong>NA\u010cIN KORI\u0160TENJA<\/strong>: Proizvod nanijeti na materijal koji se \u017eeli o\u010distiti, ostaviti 10-15 minuta da reagira i izvu\u010de mrlje na povr\u0161inu. Zatim jakim pritiskom vode sve isprati i ostaviti da se osu\u0161i. Po potrebi, postupak ponoviti. Ovisno o vrsti mrlja, mo\u017ee se mije\u0161ati s vodom.<\/p>\n<p><strong>DOSTATNOST <\/strong>:\u00a0 1 L = 10-15 m2<\/p>\n","protected":false},"excerpt":{"rendered":"<p>Lagano alkalno sredstvo za \u010di\u0161\u0107enje, spremno za upotrebu. UPOTREBA: Za uklanjanje povr\u0161inskih mrlja od hr\u0111e nastalih od korozivnih tvari ili objekata na materijalima koji su osjetljivi na kiseline pa se ne mogu tretirati s Rust Remover. Idealan za sve vrste mramora. Mo\u017ee se nanositi samo na mrlje bez opasnosti da \u0107e promijeniti boju kamena. NA\u010cIN [&hellip;]<\/p>\n","protected":false},"featured_media":100000027668,"template":"","meta":{"_acf_changed":false},"product_brand":[725],"product_oblik":[],"product_cat":[62,88],"product_tag":[],"class_list":{"0":"post-27964","1":"product","2":"type-product","3":"status-publish","4":"has-post-thumbnail","6":"product_brand-akemi","7":"product_cat-ostalo","8":"product_cat-sredstva-za-odrzavanje","10":"first","11":"instock","12":"shipping-taxable","13":"purchasable","14":"product-type-simple"},"acf":[],"_links":{"self":[{"href":"https:\/\/modrastijena.com\/me\/wp-json\/wp\/v2\/product\/27964","targetHints":{"allow":["GET"]}}],"collection":[{"href":"https:\/\/modrastijena.com\/me\/wp-json\/wp\/v2\/product"}],"about":[{"href":"https:\/\/modrastijena.com\/me\/wp-json\/wp\/v2\/types\/product"}],"wp:featuredmedia":[{"embeddable":true,"href":"https:\/\/modrastijena.com\/me\/wp-json\/"}],"wp:attachment":[{"href":"https:\/\/modrastijena.com\/me\/wp-json\/wp\/v2\/media?parent=27964"}],"wp:term":[{"taxonomy":"product_brand","embeddable":true,"href":"https:\/\/modrastijena.com\/me\/wp-json\/wp\/v2\/product_brand?post=27964"},{"taxonomy":"product_oblik","embeddable":true,"href":"https:\/\/modrastijena.com\/me\/wp-json\/wp\/v2\/product_oblik?post=27964"},{"taxonomy":"product_cat","embeddable":true,"href":"https:\/\/modrastijena.com\/me\/wp-json\/wp\/v2\/product_cat?post=27964"},{"taxonomy":"product_tag","embeddable":true,"href":"https:\/\/modrastijena.com\/me\/wp-json\/wp\/v2\/product_tag?post=27964"}],"curies":[{"name":"wp","href":"https:\/\/api.w.org\/{rel}","templated":true}]}}