{"id":27963,"date":"2019-11-15T08:12:20","date_gmt":"2019-11-15T08:12:20","guid":{"rendered":"https:\/\/modrastijena.com\/me\/proizvod\/defender-zastita-kamena\/"},"modified":"2025-01-24T13:04:19","modified_gmt":"2025-01-24T13:04:19","slug":"defender-zastita-kamena","status":"publish","type":"product","link":"https:\/\/modrastijena.com\/me\/proizvod\/defender-zastita-kamena\/","title":{"rendered":"Defender &#8211; za\u0161tita za kamen"},"content":{"rendered":"<p>Vodo odbojna, neupojna za ulje i masno\u0107e za\u0161titna impregnacija kamena, mramora i granita. Primjena ovog proizvoda ne mijenja povr\u0161inski prirodni izgled.<\/p>\n<p>Posebno je preporu\u010den proizvod za neglazirane ili polirane plo\u010dice od porculaniziranog gresa. Ovaj se proizvod nanosi kistom ili mekom krpom u jednom bogatom i dobro raspore\u0111enom sloju na \u010distu i potpuno suhu povr\u0161inu. Nakon 5 do 10 minuta \u010distom krpom oduzeti vi\u0161ak sa povr\u0161ine.<\/p>\n<p>DEFENDER je proizvod na osnovi razrje\u0111iva\u010da. Primjenjuje se na vanjskim i unutarnjim povr\u0161inama. Kod vanjskih primjena premazati povr\u0161inu zahvata s dodatnim slojem.<\/p>\n","protected":false},"excerpt":{"rendered":"<p>Vodo odbojna, neupojna za ulje i masno\u0107e za\u0161titna impregnacija kamena, mramora i granita. Primjena ovog proizvoda ne mijenja povr\u0161inski prirodni izgled. Posebno je preporu\u010den proizvod za neglazirane ili polirane plo\u010dice od porculaniziranog gresa. Ovaj se proizvod nanosi kistom ili mekom krpom u jednom bogatom i dobro raspore\u0111enom sloju na \u010distu i potpuno suhu povr\u0161inu. Nakon [&hellip;]<\/p>\n","protected":false},"featured_media":1000000996,"template":"","meta":{"_acf_changed":false},"product_brand":[735],"product_oblik":[],"product_cat":[62,88],"product_tag":[],"class_list":{"0":"post-27963","1":"product","2":"type-product","3":"status-publish","4":"has-post-thumbnail","6":"product_brand-abrasivi-adria","7":"product_cat-ostalo","8":"product_cat-sredstva-za-odrzavanje","10":"first","11":"instock","12":"shipping-taxable","13":"purchasable","14":"product-type-simple"},"acf":[],"_links":{"self":[{"href":"https:\/\/modrastijena.com\/me\/wp-json\/wp\/v2\/product\/27963","targetHints":{"allow":["GET"]}}],"collection":[{"href":"https:\/\/modrastijena.com\/me\/wp-json\/wp\/v2\/product"}],"about":[{"href":"https:\/\/modrastijena.com\/me\/wp-json\/wp\/v2\/types\/product"}],"wp:featuredmedia":[{"embeddable":true,"href":"https:\/\/modrastijena.com\/me\/wp-json\/"}],"wp:attachment":[{"href":"https:\/\/modrastijena.com\/me\/wp-json\/wp\/v2\/media?parent=27963"}],"wp:term":[{"taxonomy":"product_brand","embeddable":true,"href":"https:\/\/modrastijena.com\/me\/wp-json\/wp\/v2\/product_brand?post=27963"},{"taxonomy":"product_oblik","embeddable":true,"href":"https:\/\/modrastijena.com\/me\/wp-json\/wp\/v2\/product_oblik?post=27963"},{"taxonomy":"product_cat","embeddable":true,"href":"https:\/\/modrastijena.com\/me\/wp-json\/wp\/v2\/product_cat?post=27963"},{"taxonomy":"product_tag","embeddable":true,"href":"https:\/\/modrastijena.com\/me\/wp-json\/wp\/v2\/product_tag?post=27963"}],"curies":[{"name":"wp","href":"https:\/\/api.w.org\/{rel}","templated":true}]}}