{"id":27960,"date":"2019-11-15T09:36:21","date_gmt":"2019-11-15T09:36:21","guid":{"rendered":"https:\/\/modrastijena.com\/me\/proizvod\/safestone-zastita-za-kamen\/"},"modified":"2024-05-19T10:18:25","modified_gmt":"2024-05-19T10:18:25","slug":"safestone-zastita-za-kamen","status":"publish","type":"product","link":"https:\/\/modrastijena.com\/me\/proizvod\/safestone-zastita-za-kamen\/","title":{"rendered":"Safestone &#8211; za\u0161tita za kamen"},"content":{"rendered":"<p>Vodo odbojna, neupojna za ulje i masti za\u0161titna impregnacija posebno namjenjena za jako upijaju\u0107e tipove prirodnog kamena, limestone, cotto, ukrasne i fasadne cigle te<br \/>\nbetonsku galanteriju.<\/p>\n<p><strong>Upotreba:<\/strong><\/p>\n<p>Ovaj se proizvod nanosi kistom ili mekom krpom u jednom bogatom i dobro raspore\u0111enom<br \/>\nsloju na \u010distu i potpuno suhu povr\u0161inu. Nakon 5 do 10 minuta \u010distom krpom oduzeti vi\u0161ak sa povr\u0161ine.<\/p>\n<p>SAFESTONE je proizvod na osnovi razrje\u0111iva\u0107a. Primjenjuje se na vanjskim i unutarnjim<br \/>\npovr\u0161inama.<\/p>\n<p>Potro\u0161nja 10-20 m2\/ltr.<\/p>\n","protected":false},"excerpt":{"rendered":"<p>Vodo odbojna, neupojna za ulje i masti za\u0161titna impregnacija posebno namjenjena za jako upijaju\u0107e tipove prirodnog kamena, limestone, cotto, ukrasne i fasadne cigle te betonsku galanteriju. Upotreba: Ovaj se proizvod nanosi kistom ili mekom krpom u jednom bogatom i dobro raspore\u0111enom sloju na \u010distu i potpuno suhu povr\u0161inu. Nakon 5 do 10 minuta \u010distom krpom [&hellip;]<\/p>\n","protected":false},"featured_media":10000001004,"template":"","meta":{"_acf_changed":false},"product_brand":[735],"product_oblik":[],"product_cat":[62,88],"product_tag":[],"class_list":{"0":"post-27960","1":"product","2":"type-product","3":"status-publish","4":"has-post-thumbnail","6":"product_brand-abrasivi-adria","7":"product_cat-ostalo","8":"product_cat-sredstva-za-odrzavanje","10":"first","11":"instock","12":"shipping-taxable","13":"purchasable","14":"product-type-simple"},"acf":[],"_links":{"self":[{"href":"https:\/\/modrastijena.com\/me\/wp-json\/wp\/v2\/product\/27960","targetHints":{"allow":["GET"]}}],"collection":[{"href":"https:\/\/modrastijena.com\/me\/wp-json\/wp\/v2\/product"}],"about":[{"href":"https:\/\/modrastijena.com\/me\/wp-json\/wp\/v2\/types\/product"}],"wp:featuredmedia":[{"embeddable":true,"href":"https:\/\/modrastijena.com\/me\/wp-json\/"}],"wp:attachment":[{"href":"https:\/\/modrastijena.com\/me\/wp-json\/wp\/v2\/media?parent=27960"}],"wp:term":[{"taxonomy":"product_brand","embeddable":true,"href":"https:\/\/modrastijena.com\/me\/wp-json\/wp\/v2\/product_brand?post=27960"},{"taxonomy":"product_oblik","embeddable":true,"href":"https:\/\/modrastijena.com\/me\/wp-json\/wp\/v2\/product_oblik?post=27960"},{"taxonomy":"product_cat","embeddable":true,"href":"https:\/\/modrastijena.com\/me\/wp-json\/wp\/v2\/product_cat?post=27960"},{"taxonomy":"product_tag","embeddable":true,"href":"https:\/\/modrastijena.com\/me\/wp-json\/wp\/v2\/product_tag?post=27960"}],"curies":[{"name":"wp","href":"https:\/\/api.w.org\/{rel}","templated":true}]}}