{"id":27935,"date":"2020-01-15T10:28:13","date_gmt":"2020-01-15T10:28:13","guid":{"rendered":"https:\/\/modrastijena.com\/me\/proizvod\/rujan-bunja-h5-cm-i-h95-cm\/"},"modified":"2024-05-19T10:18:03","modified_gmt":"2024-05-19T10:18:03","slug":"rujan-bunja-h5-cm-i-h95-cm","status":"publish","type":"product","link":"https:\/\/modrastijena.com\/me\/proizvod\/rujan-bunja-h5-cm-i-h95-cm\/","title":{"rendered":"Rujan Bunja h= 10 cm"},"content":{"rendered":"<p>Visina dekorativnog kamena Rujna mo\u017ee biti: 3 cm, 5 cm ili 9,5 cm.<\/p>\n<p>Na ovim slikama prikazana je visina h= 9,5 cm.<\/p>\n<p>cijena za bunjicu od Rujna visine h= 5 cm iznosi 76,05 KM\/m\u00b2<\/p>\n<p>Ja\u010danjem ekolo\u0161ke svijesti i op\u0107eg trenda povratka prirodnom, u ure\u0111enju interijera i eksterijera dekorativni prirodni kamen je jedan od najtra\u017eenijih.<\/p>\n<p><b>Napomena:<\/b><br \/>\nKamen je prirodan materijal i svaka kamena plo\u010da je unikatna, stoga preporu\u010dujemo da vidite uzorak kamena u jednoj od na\u0161ih poslovnica. Fotografije ne moraju nu\u017eno u potpunosti odgovarati stvarnom izgledu proizvoda. Provjerite dostupnost u prodajnim salonima Modre Stijene.<\/p>\n","protected":false},"excerpt":{"rendered":"<p>Visina dekorativnog kamena Rujna mo\u017ee biti: 3 cm, 5 cm ili 9,5 cm. Na ovim slikama prikazana je visina h= 9,5 cm. cijena za bunjicu od Rujna visine h= 5 cm iznosi 76,05 KM\/m\u00b2 Ja\u010danjem ekolo\u0161ke svijesti i op\u0107eg trenda povratka prirodnom, u ure\u0111enju interijera i eksterijera dekorativni prirodni kamen je jedan od najtra\u017eenijih. Napomena: [&hellip;]<\/p>\n","protected":false},"featured_media":10000001078,"template":"","meta":{"_acf_changed":false},"product_brand":[740],"product_oblik":[],"product_cat":[22,268],"product_tag":[],"class_list":{"0":"post-27935","1":"product","2":"type-product","3":"status-publish","4":"has-post-thumbnail","6":"product_brand-domaca-proizvodnja","7":"product_cat-kamen","8":"product_cat-dekorativni-kamen","10":"first","11":"instock","12":"shipping-taxable","13":"product-type-simple"},"acf":[],"_links":{"self":[{"href":"https:\/\/modrastijena.com\/me\/wp-json\/wp\/v2\/product\/27935","targetHints":{"allow":["GET"]}}],"collection":[{"href":"https:\/\/modrastijena.com\/me\/wp-json\/wp\/v2\/product"}],"about":[{"href":"https:\/\/modrastijena.com\/me\/wp-json\/wp\/v2\/types\/product"}],"wp:featuredmedia":[{"embeddable":true,"href":"https:\/\/modrastijena.com\/me\/wp-json\/"}],"wp:attachment":[{"href":"https:\/\/modrastijena.com\/me\/wp-json\/wp\/v2\/media?parent=27935"}],"wp:term":[{"taxonomy":"product_brand","embeddable":true,"href":"https:\/\/modrastijena.com\/me\/wp-json\/wp\/v2\/product_brand?post=27935"},{"taxonomy":"product_oblik","embeddable":true,"href":"https:\/\/modrastijena.com\/me\/wp-json\/wp\/v2\/product_oblik?post=27935"},{"taxonomy":"product_cat","embeddable":true,"href":"https:\/\/modrastijena.com\/me\/wp-json\/wp\/v2\/product_cat?post=27935"},{"taxonomy":"product_tag","embeddable":true,"href":"https:\/\/modrastijena.com\/me\/wp-json\/wp\/v2\/product_tag?post=27935"}],"curies":[{"name":"wp","href":"https:\/\/api.w.org\/{rel}","templated":true}]}}