{"id":27753,"date":"2020-06-05T11:38:18","date_gmt":"2020-06-05T11:38:18","guid":{"rendered":"https:\/\/modrastijena.com\/me\/proizvod\/chopok-r90-67-ld-670510-s330l-rp2-sm-so-kobok\/"},"modified":"2024-12-20T16:40:31","modified_gmt":"2024-12-20T16:40:31","slug":"chopok-r90-67-ld-670510-s330l-rp2-sm-so-kobok","status":"publish","type":"product","link":"https:\/\/modrastijena.com\/me\/proizvod\/chopok-r90-67-ld-670510-s330l-rp2-sm-so-kobok\/","title":{"rendered":"Chopok R90 67 LD 670\/510 S330 RP2 SM SO (Kobok)"},"content":{"rendered":"<p>Tehni\u010dki podaci:<\/p>\n<ul>\n<li>Nominalna ja\u010dina kW: 10<\/li>\n<li>Mogu\u0107nost zagrijavanja m\u00b2: 110<\/li>\n<li>U\u010dinkovitost izgaranja %: 80<\/li>\n<\/ul>\n","protected":false},"excerpt":{"rendered":"<p>Tehni\u010dki podaci: Nominalna ja\u010dina kW: 10 Mogu\u0107nost zagrijavanja m\u00b2: 110 U\u010dinkovitost izgaranja %: 80<\/p>\n","protected":false},"featured_media":10000001380,"template":"","meta":{"_acf_changed":false},"product_brand":[723],"product_oblik":[],"product_cat":[95,96],"product_tag":[97,102,103,107],"class_list":{"0":"post-27753","1":"product","2":"type-product","3":"status-publish","4":"has-post-thumbnail","6":"product_brand-kobok","7":"product_cat-kamini-i-peci","8":"product_cat-kamini","9":"product_tag-drva","10":"product_tag-kamin","11":"product_tag-kamin-na-drva","12":"product_tag-ugradbeni-kamin","14":"first","15":"instock","16":"sale","17":"shipping-taxable","18":"purchasable","19":"product-type-simple"},"acf":[],"_links":{"self":[{"href":"https:\/\/modrastijena.com\/me\/wp-json\/wp\/v2\/product\/27753","targetHints":{"allow":["GET"]}}],"collection":[{"href":"https:\/\/modrastijena.com\/me\/wp-json\/wp\/v2\/product"}],"about":[{"href":"https:\/\/modrastijena.com\/me\/wp-json\/wp\/v2\/types\/product"}],"wp:featuredmedia":[{"embeddable":true,"href":"https:\/\/modrastijena.com\/me\/wp-json\/"}],"wp:attachment":[{"href":"https:\/\/modrastijena.com\/me\/wp-json\/wp\/v2\/media?parent=27753"}],"wp:term":[{"taxonomy":"product_brand","embeddable":true,"href":"https:\/\/modrastijena.com\/me\/wp-json\/wp\/v2\/product_brand?post=27753"},{"taxonomy":"product_oblik","embeddable":true,"href":"https:\/\/modrastijena.com\/me\/wp-json\/wp\/v2\/product_oblik?post=27753"},{"taxonomy":"product_cat","embeddable":true,"href":"https:\/\/modrastijena.com\/me\/wp-json\/wp\/v2\/product_cat?post=27753"},{"taxonomy":"product_tag","embeddable":true,"href":"https:\/\/modrastijena.com\/me\/wp-json\/wp\/v2\/product_tag?post=27753"}],"curies":[{"name":"wp","href":"https:\/\/api.w.org\/{rel}","templated":true}]}}