{"id":27661,"date":"2020-07-16T13:39:38","date_gmt":"2020-07-16T13:39:38","guid":{"rendered":"https:\/\/modrastijena.com\/me\/proizvod\/fugolastik-5-kg\/"},"modified":"2025-04-08T16:47:42","modified_gmt":"2025-04-08T16:47:42","slug":"fugolastik-5-kg","status":"publish","type":"product","link":"https:\/\/modrastijena.com\/me\/proizvod\/fugolastik-5-kg\/","title":{"rendered":"Fugolastik 5 kg (Mapei)"},"content":{"rendered":"<p>Teku\u0107i polimerni dodatak za fugirne mase KERACOLOR FF i GG<\/p>\n<p>Podru\u010dje primjene: Fugolastic se primjenjuje kao zamjena za vodu kod pripreme mje\u0161avina cementnih fugirnih masa Keracolor FF i GG s namjerom pobolj\u0161anja prianjanja, mehani\u010dkih svojstava, abrazijskih otpornosti te smanjenja poroznosti i upojnosti.<br \/>\nFugolastic primijenite za fugiranje:<br \/>\n\u2022 fasada, balkona, terasa i bazena;<br \/>\n\u2022 prostora s visokim mehani\u010dkim optere\u0107enjima;<br \/>\n\u2022 starih, o\u0161te\u0107enih i slabo vezanih fuga (odstranite barem \u2154 dubine postoje\u0107e fuge);<br \/>\n\u2022 podnih i zidnih obloga na fleksibilnim podlogama (suhomonta\u017eni elementi, drvo itd.);<br \/>\n\u2022 svih vrsta mozaika;<br \/>\n\u2022 podnih i zidnih obloga koje se \u010desto \u010diste parom ili vodom pod pritiskom;<br \/>\n\u2022 oplo\u010dnika od opeke i plo\u010dica koje \u0107e se prebrusiti i polirati.<\/p>\n<p>Ne primjenjujte Fugolastic za fugiranje oplo\u010dnika od opeke, neglaziranog klinkera i plo\u010dica s vrlo poroznom i\/ili hrapavom povr\u0161inom. Kod fugiranja poliranoga porculaniziranoga gresa, izvedite prethodno probno fugiranje, kako biste provjerili mo\u017ee li ih se odgovaraju\u0107e o\u010distiti.<\/p>\n<p>POTRO\u0160NJA: ovisi o veli\u010dini fuge i plo\u010dica.<\/p>\n<p>AMBALA\u017dA: posude od 5 kg<\/p>\n","protected":false},"excerpt":{"rendered":"<p>Teku\u0107i polimerni dodatak za fugirne mase KERACOLOR FF i GG Podru\u010dje primjene: Fugolastic se primjenjuje kao zamjena za vodu kod pripreme mje\u0161avina cementnih fugirnih masa Keracolor FF i GG s namjerom pobolj\u0161anja prianjanja, mehani\u010dkih svojstava, abrazijskih otpornosti te smanjenja poroznosti i upojnosti. Fugolastic primijenite za fugiranje: \u2022 fasada, balkona, terasa i bazena; \u2022 prostora s [&hellip;]<\/p>\n","protected":false},"featured_media":10000001489,"template":"","meta":{"_acf_changed":false},"product_brand":[727],"product_oblik":[],"product_cat":[62,63],"product_tag":[],"class_list":{"0":"post-27661","1":"product","2":"type-product","3":"status-publish","4":"has-post-thumbnail","6":"product_brand-mapei","7":"product_cat-ostalo","8":"product_cat-materijali-za-polaganje","10":"first","11":"instock","12":"shipping-taxable","13":"purchasable","14":"product-type-simple"},"acf":[],"_links":{"self":[{"href":"https:\/\/modrastijena.com\/me\/wp-json\/wp\/v2\/product\/27661","targetHints":{"allow":["GET"]}}],"collection":[{"href":"https:\/\/modrastijena.com\/me\/wp-json\/wp\/v2\/product"}],"about":[{"href":"https:\/\/modrastijena.com\/me\/wp-json\/wp\/v2\/types\/product"}],"wp:featuredmedia":[{"embeddable":true,"href":"https:\/\/modrastijena.com\/me\/wp-json\/"}],"wp:attachment":[{"href":"https:\/\/modrastijena.com\/me\/wp-json\/wp\/v2\/media?parent=27661"}],"wp:term":[{"taxonomy":"product_brand","embeddable":true,"href":"https:\/\/modrastijena.com\/me\/wp-json\/wp\/v2\/product_brand?post=27661"},{"taxonomy":"product_oblik","embeddable":true,"href":"https:\/\/modrastijena.com\/me\/wp-json\/wp\/v2\/product_oblik?post=27661"},{"taxonomy":"product_cat","embeddable":true,"href":"https:\/\/modrastijena.com\/me\/wp-json\/wp\/v2\/product_cat?post=27661"},{"taxonomy":"product_tag","embeddable":true,"href":"https:\/\/modrastijena.com\/me\/wp-json\/wp\/v2\/product_tag?post=27661"}],"curies":[{"name":"wp","href":"https:\/\/api.w.org\/{rel}","templated":true}]}}