{"id":27658,"date":"2020-07-20T07:00:41","date_gmt":"2020-07-20T07:00:41","guid":{"rendered":"https:\/\/modrastijena.com\/me\/proizvod\/ceresit-cm-16-flexible\/"},"modified":"2025-02-04T08:07:41","modified_gmt":"2025-02-04T08:07:41","slug":"ceresit-cm-16-flexible","status":"publish","type":"product","link":"https:\/\/modrastijena.com\/me\/proizvod\/ceresit-cm-16-flexible\/","title":{"rendered":"Ljepilo Ceresit CM 16 Flexible"},"content":{"rendered":"<div class=\"product__featureText\">\n<p>Fleksibilno tankoslojno ljepilo za polaganje kermi\u010dkih plo\u010dica i obloga na kriti\u010dne podloge<\/p>\n<\/div>\n<div class=\"product__benefits\">\n<h2 id=\"karakteristike-1\" class=\"product__benefitsTitle\">KARAKTERISTIKE<\/h2>\n<div class=\"product__benefitsList\">\n<ul>\n<li>Sada s Fibre Force tehnologijom \u2013 vidljiva silikatna vlakna koja daju jo\u0161 ve\u0107u snagu lijepljenja i finalnu \u010dvrsto\u0107u.<\/li>\n<li>Jednostavna primjena na balkone, terase i trajno mokra podru\u010dja<\/li>\n<li>Za lako o\u0161te\u0107ene i kriti\u010dne povr\u0161ine (posebno plo\u010dica na plo\u010dicu)<\/li>\n<li>Otporno na grijane podove<\/li>\n<li>Preporu\u010duje se za zemljane, kerami\u010dke i plo\u010dice od prirodnog kamena i izolacijske plo\u010de<\/li>\n<li>Pakiranje: vre\u0107a od 25 kg<\/li>\n<li>Skladi\u0161tenje: 12 mjeseci na suhom i hladnom mjestu<\/li>\n<\/ul>\n<\/div>\n<\/div>\n<h2 id=\"opis-2\" class=\"product__read-more-title\">OPIS<\/h2>\n<div class=\"product__descriptionText\">\n<p>CM 16 osigurava fleksibilan ljepljivi spoj i izbjegava unutra\u0161nji lom na kriti\u010dnim podlogama &#8211; zbog toga je prikladno za kori\u0161tenje na grijanim glazurama, balkonima, terasama i fasadama, posebno na betonske podloge (stare najmanje 3 mjeseca).<\/p>\n<p>&nbsp;<\/p>\n<p><b>Potro\u0161nja<\/b><\/p>\n<p>Dubina zubaca lopatice<\/p>\n<p>4 mm: 1,8 kg\/m2<\/p>\n<p>6 mm: 2,5 kg\/m2<\/p>\n<p>8 mm: 3,2 kg\/m2<\/p>\n<p>10 mm: 3,6 kg\/m2<\/p>\n<p><a href=\"https:\/\/modrastijena.com\/wp-content\/uploads\/CeresitCM16_primjena.jpg\"><img fetchpriority=\"high\" decoding=\"async\" class=\"alignnone size-full wp-image-4022\" src=\"https:\/\/modrastijena.com\/wp-content\/uploads\/CeresitCM16_primjena.jpg\" alt=\"\" width=\"588\" height=\"460\" \/><\/a><\/p>\n<\/div>\n<p>&nbsp;<\/p>\n","protected":false},"excerpt":{"rendered":"<p>Fleksibilno tankoslojno ljepilo za polaganje kermi\u010dkih plo\u010dica i obloga na kriti\u010dne podloge KARAKTERISTIKE Sada s Fibre Force tehnologijom \u2013 vidljiva silikatna vlakna koja daju jo\u0161 ve\u0107u snagu lijepljenja i finalnu \u010dvrsto\u0107u. Jednostavna primjena na balkone, terase i trajno mokra podru\u010dja Za lako o\u0161te\u0107ene i kriti\u010dne povr\u0161ine (posebno plo\u010dica na plo\u010dicu) Otporno na grijane podove Preporu\u010duje [&hellip;]<\/p>\n","protected":false},"featured_media":10000001496,"template":"","meta":{"_acf_changed":false},"product_brand":[726],"product_oblik":[],"product_cat":[62,63],"product_tag":[313,145,64,262,342,184,56,189,192,264,57,314,155,169,284,65,31,350,351,316,40],"class_list":{"0":"post-27658","1":"product","2":"type-product","3":"status-publish","4":"has-post-thumbnail","6":"product_brand-ceresit","7":"product_cat-ostalo","8":"product_cat-materijali-za-polaganje","9":"product_tag-bathroom","10":"product_tag-dnevni-boravak","11":"product_tag-fleksibilno-ljepilo","12":"product_tag-flooring","13":"product_tag-fuga","14":"product_tag-gres","15":"product_tag-gres-keramika","16":"product_tag-gres-plocice","17":"product_tag-hodnik","18":"product_tag-keramicke-plocice","19":"product_tag-keramika","20":"product_tag-kitchen","21":"product_tag-kuhinja","22":"product_tag-kupaonica","23":"product_tag-living-room","24":"product_tag-ljepilo","25":"product_tag-pod","26":"product_tag-tile","27":"product_tag-tiling-adhesives","28":"product_tag-wall","29":"product_tag-zid","31":"first","32":"outofstock","33":"shipping-taxable","34":"purchasable","35":"product-type-simple"},"acf":[],"_links":{"self":[{"href":"https:\/\/modrastijena.com\/me\/wp-json\/wp\/v2\/product\/27658","targetHints":{"allow":["GET"]}}],"collection":[{"href":"https:\/\/modrastijena.com\/me\/wp-json\/wp\/v2\/product"}],"about":[{"href":"https:\/\/modrastijena.com\/me\/wp-json\/wp\/v2\/types\/product"}],"wp:featuredmedia":[{"embeddable":true,"href":"https:\/\/modrastijena.com\/me\/wp-json\/"}],"wp:attachment":[{"href":"https:\/\/modrastijena.com\/me\/wp-json\/wp\/v2\/media?parent=27658"}],"wp:term":[{"taxonomy":"product_brand","embeddable":true,"href":"https:\/\/modrastijena.com\/me\/wp-json\/wp\/v2\/product_brand?post=27658"},{"taxonomy":"product_oblik","embeddable":true,"href":"https:\/\/modrastijena.com\/me\/wp-json\/wp\/v2\/product_oblik?post=27658"},{"taxonomy":"product_cat","embeddable":true,"href":"https:\/\/modrastijena.com\/me\/wp-json\/wp\/v2\/product_cat?post=27658"},{"taxonomy":"product_tag","embeddable":true,"href":"https:\/\/modrastijena.com\/me\/wp-json\/wp\/v2\/product_tag?post=27658"}],"curies":[{"name":"wp","href":"https:\/\/api.w.org\/{rel}","templated":true}]}}