{"id":27649,"date":"2020-07-20T07:37:32","date_gmt":"2020-07-20T07:37:32","guid":{"rendered":"https:\/\/modrastijena.com\/me\/proizvod\/ceresit-silikoni\/"},"modified":"2025-10-15T13:47:48","modified_gmt":"2025-10-15T13:47:48","slug":"ceresit-silikoni","status":"publish","type":"product","link":"https:\/\/modrastijena.com\/me\/proizvod\/ceresit-silikoni\/","title":{"rendered":"Silikoni Ceresit CS 25"},"content":{"rendered":"<div class=\"product__benefits\">\n<div class=\"product__benefitsList\">\n<h2 id=\"karakteristike-0\" class=\"product__benefitsTitle\">KARAKTERISTIKE<\/h2>\n<ul>\n<li>dobra adhezija na razne materijale<\/li>\n<li>visoka otpornost na gljivice i plijesan<\/li>\n<li>otporan na UV zra\u010denje<\/li>\n<li>otporan na visoku temperaturu<\/li>\n<li>vodootporan<\/li>\n<\/ul>\n<\/div>\n<\/div>\n<h2 id=\"opis-1\" class=\"product__read-more-title\">OPIS<\/h2>\n<div class=\"product__descriptionText\">\n<p>Sanitarni silikon Ceresit CS 25 koristi se za brtvljenje svih rubnih spojeva na zidovima i podnim povr\u0161inama, te za rubne spojeve sanitarija i opreme u kupatilima i kuhinjama i ostalim prostorima s pove\u0107anom vlagom u zraku. Odli\u010dno prianja na brojne podloge kao \u0161to su keramika, staklo, emajl, glazirane plo\u010dice, plastika (PMMA), aluminij itd. Nije primjeren za nano\u0161enje na metale podlo\u017ene koroziji, beton, cement, \u017ebuku i prirodan kamen. Silikon je visoko u\u010dinkovit za za\u0161titu protiv plijesni &#8211; sadr\u017ei aktivne sastojke za za\u0161titu od plijesni. Visoka otpornost na o\u0161te\u0107enja, vru\u0107u vodu, UV zrake i temperaturne promjene.Nije pogodan za upotrebu na povr\u0161inama koje dolaze u kontakt s hranom ili spremnicima pitke vode i akvarije.<\/p>\n<p>&nbsp;<\/p>\n<p>&nbsp;<\/p>\n<\/div>\n<p><a href=\"https:\/\/modrastijena.com\/wp-content\/uploads\/Ceresit_Silikon_primjena.jpg\"><img fetchpriority=\"high\" decoding=\"async\" class=\"alignnone size-full wp-image-4028\" src=\"https:\/\/modrastijena.com\/wp-content\/uploads\/Ceresit_Silikon_primjena.jpg\" alt=\"\" width=\"583\" height=\"214\" \/><\/a><\/p>\n","protected":false},"excerpt":{"rendered":"<p>KARAKTERISTIKE dobra adhezija na razne materijale visoka otpornost na gljivice i plijesan otporan na UV zra\u010denje otporan na visoku temperaturu vodootporan OPIS Sanitarni silikon Ceresit CS 25 koristi se za brtvljenje svih rubnih spojeva na zidovima i podnim povr\u0161inama, te za rubne spojeve sanitarija i opreme u kupatilima i kuhinjama i ostalim prostorima s pove\u0107anom [&hellip;]<\/p>\n","protected":false},"featured_media":10000001501,"template":"","meta":{"_acf_changed":false},"product_brand":[726],"product_oblik":[],"product_cat":[62,63],"product_tag":[184,56,189,264,57,70],"class_list":{"0":"post-27649","1":"product","2":"type-product","3":"status-publish","4":"has-post-thumbnail","6":"product_brand-ceresit","7":"product_cat-ostalo","8":"product_cat-materijali-za-polaganje","9":"product_tag-gres","10":"product_tag-gres-keramika","11":"product_tag-gres-plocice","12":"product_tag-keramicke-plocice","13":"product_tag-keramika","14":"product_tag-silikon","16":"first","17":"instock","18":"shipping-taxable","19":"purchasable","20":"product-type-variable","21":"wvs-archive-product-wrapper"},"acf":[],"_links":{"self":[{"href":"https:\/\/modrastijena.com\/me\/wp-json\/wp\/v2\/product\/27649","targetHints":{"allow":["GET"]}}],"collection":[{"href":"https:\/\/modrastijena.com\/me\/wp-json\/wp\/v2\/product"}],"about":[{"href":"https:\/\/modrastijena.com\/me\/wp-json\/wp\/v2\/types\/product"}],"wp:featuredmedia":[{"embeddable":true,"href":"https:\/\/modrastijena.com\/me\/wp-json\/"}],"wp:attachment":[{"href":"https:\/\/modrastijena.com\/me\/wp-json\/wp\/v2\/media?parent=27649"}],"wp:term":[{"taxonomy":"product_brand","embeddable":true,"href":"https:\/\/modrastijena.com\/me\/wp-json\/wp\/v2\/product_brand?post=27649"},{"taxonomy":"product_oblik","embeddable":true,"href":"https:\/\/modrastijena.com\/me\/wp-json\/wp\/v2\/product_oblik?post=27649"},{"taxonomy":"product_cat","embeddable":true,"href":"https:\/\/modrastijena.com\/me\/wp-json\/wp\/v2\/product_cat?post=27649"},{"taxonomy":"product_tag","embeddable":true,"href":"https:\/\/modrastijena.com\/me\/wp-json\/wp\/v2\/product_tag?post=27649"}],"curies":[{"name":"wp","href":"https:\/\/api.w.org\/{rel}","templated":true}]}}