{"id":27640,"date":"2020-07-24T12:03:49","date_gmt":"2020-07-24T12:03:49","guid":{"rendered":"https:\/\/modrastijena.com\/me\/proizvod\/boston-gris-33x60-cm\/"},"modified":"2026-02-10T09:57:19","modified_gmt":"2026-02-10T09:57:19","slug":"boston-gris-33x60-cm","status":"publish","type":"product","link":"https:\/\/modrastijena.com\/me\/proizvod\/boston-gris-33x60-cm\/?paket_m2=1.00","title":{"rendered":"Boston Gris 33\u00d760 cm"},"content":{"rendered":"<p style=\"margin: 0cm;margin-bottom: .0001pt\">Komada u paketu: 7<\/p>\n<p style=\"margin: 0cm;margin-bottom: .0001pt\">Paket m\u00b2: 1,38<\/p>\n<p style=\"margin: 0cm;margin-bottom: .0001pt\">Te\u017eina paketa kg: 22,30<\/p>\n<p>&nbsp;<\/p>\n<p>Cijene su izra\u017eene u konvertibilnim markama po m\u00b2. Kona\u010dna cijena se obra\u010dunava po koli\u010dini\/broju paketa koje naru\u010dujete.<\/p>\n","protected":false},"excerpt":{"rendered":"<p>protuklizna mat, gres plo\u010dica, 1 klasa, \u0161panjolska keramika Cristacer<\/p>\n","protected":false},"featured_media":100000028645,"template":"","meta":{"_acf_changed":false},"product_brand":[717],"product_oblik":[],"product_cat":[54],"product_tag":[145,184,56,189,57,155,169,31,209,40],"class_list":{"0":"post-27640","1":"product","2":"type-product","3":"status-publish","4":"has-post-thumbnail","6":"product_brand-cristacer","7":"product_cat-keramika","8":"product_tag-dnevni-boravak","9":"product_tag-gres","10":"product_tag-gres-keramika","11":"product_tag-gres-plocice","12":"product_tag-keramika","13":"product_tag-kuhinja","14":"product_tag-kupaonica","15":"product_tag-pod","16":"product_tag-soba","17":"product_tag-zid","19":"first","20":"instock","21":"shipping-taxable","22":"purchasable","23":"product-type-simple"},"acf":[],"_links":{"self":[{"href":"https:\/\/modrastijena.com\/me\/wp-json\/wp\/v2\/product\/27640","targetHints":{"allow":["GET"]}}],"collection":[{"href":"https:\/\/modrastijena.com\/me\/wp-json\/wp\/v2\/product"}],"about":[{"href":"https:\/\/modrastijena.com\/me\/wp-json\/wp\/v2\/types\/product"}],"wp:featuredmedia":[{"embeddable":true,"href":"https:\/\/modrastijena.com\/me\/wp-json\/"}],"wp:attachment":[{"href":"https:\/\/modrastijena.com\/me\/wp-json\/wp\/v2\/media?parent=27640"}],"wp:term":[{"taxonomy":"product_brand","embeddable":true,"href":"https:\/\/modrastijena.com\/me\/wp-json\/wp\/v2\/product_brand?post=27640"},{"taxonomy":"product_oblik","embeddable":true,"href":"https:\/\/modrastijena.com\/me\/wp-json\/wp\/v2\/product_oblik?post=27640"},{"taxonomy":"product_cat","embeddable":true,"href":"https:\/\/modrastijena.com\/me\/wp-json\/wp\/v2\/product_cat?post=27640"},{"taxonomy":"product_tag","embeddable":true,"href":"https:\/\/modrastijena.com\/me\/wp-json\/wp\/v2\/product_tag?post=27640"}],"curies":[{"name":"wp","href":"https:\/\/api.w.org\/{rel}","templated":true}]}}