{"id":27639,"date":"2020-08-03T12:50:32","date_gmt":"2020-08-03T12:50:32","guid":{"rendered":"https:\/\/modrastijena.com\/me\/proizvod\/la-roche-grey-60x60-cm-str\/"},"modified":"2024-05-19T10:16:17","modified_gmt":"2024-05-19T10:16:17","slug":"la-roche-grey-60x60-cm-str","status":"publish","type":"product","link":"https:\/\/modrastijena.com\/me\/proizvod\/la-roche-grey-60x60-cm-str\/?paket_m2=0.72","title":{"rendered":"La Roche Grey 60&#215;60 cm 20 mm,str"},"content":{"rendered":"<p style=\"margin: 0cm; margin-bottom: .0001pt;\">Komada u paketu: 2<\/p>\n<p style=\"margin: 0cm; margin-bottom: .0001pt;\">Paket m<strong>\u00b2: 0,72<\/strong><\/p>\n<p style=\"margin: 0cm; margin-bottom: .0001pt;\">Te\u017eina paketa kg: 32,10<\/p>\n<p>&nbsp;<\/p>\n<p>Cijene su izra\u017eene u konvertibilnim markama po m\u00b2. Kona\u010dna cijena se obra\u010dunava po koli\u010dini\/broju paketa koje naru\u010dujete.<\/p>\n","protected":false},"excerpt":{"rendered":"<p>retificirana, komercijalna klasa, talijanska keramika Rex<\/p>\n","protected":false},"featured_media":10000001520,"template":"","meta":{"_acf_changed":false},"product_brand":[711],"product_oblik":[],"product_cat":[54],"product_tag":[146,56,189,57,174,58,206],"class_list":{"0":"post-27639","1":"product","2":"type-product","3":"status-publish","4":"has-post-thumbnail","6":"product_brand-rex","7":"product_cat-keramika","8":"product_tag-eksterijer","9":"product_tag-gres-keramika","10":"product_tag-gres-plocice","11":"product_tag-keramika","12":"product_tag-plocice","13":"product_tag-terasa","14":"product_tag-vanjska-keramika","16":"first","17":"instock","18":"shipping-taxable","19":"purchasable","20":"product-type-simple"},"acf":[],"_links":{"self":[{"href":"https:\/\/modrastijena.com\/me\/wp-json\/wp\/v2\/product\/27639","targetHints":{"allow":["GET"]}}],"collection":[{"href":"https:\/\/modrastijena.com\/me\/wp-json\/wp\/v2\/product"}],"about":[{"href":"https:\/\/modrastijena.com\/me\/wp-json\/wp\/v2\/types\/product"}],"wp:featuredmedia":[{"embeddable":true,"href":"https:\/\/modrastijena.com\/me\/wp-json\/"}],"wp:attachment":[{"href":"https:\/\/modrastijena.com\/me\/wp-json\/wp\/v2\/media?parent=27639"}],"wp:term":[{"taxonomy":"product_brand","embeddable":true,"href":"https:\/\/modrastijena.com\/me\/wp-json\/wp\/v2\/product_brand?post=27639"},{"taxonomy":"product_oblik","embeddable":true,"href":"https:\/\/modrastijena.com\/me\/wp-json\/wp\/v2\/product_oblik?post=27639"},{"taxonomy":"product_cat","embeddable":true,"href":"https:\/\/modrastijena.com\/me\/wp-json\/wp\/v2\/product_cat?post=27639"},{"taxonomy":"product_tag","embeddable":true,"href":"https:\/\/modrastijena.com\/me\/wp-json\/wp\/v2\/product_tag?post=27639"}],"curies":[{"name":"wp","href":"https:\/\/api.w.org\/{rel}","templated":true}]}}