{"id":27638,"date":"2020-08-05T08:55:48","date_gmt":"2020-08-05T08:55:48","guid":{"rendered":"https:\/\/modrastijena.com\/me\/proizvod\/porinno-china\/"},"modified":"2024-08-28T13:58:46","modified_gmt":"2024-08-28T13:58:46","slug":"porinno-china","status":"publish","type":"product","link":"https:\/\/modrastijena.com\/me\/proizvod\/porinno-china\/","title":{"rendered":"Porino China"},"content":{"rendered":"<p><b>Napomena:<\/b><br \/>\nKamen je prirodan materijal i svaka kamena plo\u010da je unikatna, stoga preporu\u010dujemo da vidite uzorak kamena u jednoj od na\u0161ih poslovnica. Fotografije ne moraju nu\u017eno u potpunosti odgovarati stvarnom izgledu proizvoda. Provjerite dostupnost u prodajnim salonima Modre Stijene.<\/p>\n","protected":false},"excerpt":{"rendered":"<p>Napomena: Kamen je prirodan materijal i svaka kamena plo\u010da je unikatna, stoga preporu\u010dujemo da vidite uzorak kamena u jednoj od na\u0161ih poslovnica. Fotografije ne moraju nu\u017eno u potpunosti odgovarati stvarnom izgledu proizvoda. Provjerite dostupnost u prodajnim salonima Modre Stijene.<\/p>\n","protected":false},"featured_media":10000001523,"template":"","meta":{"_acf_changed":false},"product_brand":[],"product_oblik":[],"product_cat":[22,23],"product_tag":[24,146,25,147,27,28,29,30,31,34,35,36,37,58,39,40],"class_list":{"0":"post-27638","1":"product","2":"type-product","3":"status-publish","4":"has-post-thumbnail","6":"product_cat-kamen","7":"product_cat-graniti","8":"product_tag-blagovaonski-stol","9":"product_tag-eksterijer","10":"product_tag-granit","11":"product_tag-interijer","12":"product_tag-kameni-stol","13":"product_tag-klub-stol","14":"product_tag-klupice","15":"product_tag-oblaganje-kamina","16":"product_tag-pod","17":"product_tag-radna-ploca","18":"product_tag-sank","19":"product_tag-stepenice","20":"product_tag-stol","21":"product_tag-terasa","22":"product_tag-vanjski-stol","23":"product_tag-zid","25":"first","26":"instock","27":"shipping-taxable","28":"product-type-simple"},"acf":[],"_links":{"self":[{"href":"https:\/\/modrastijena.com\/me\/wp-json\/wp\/v2\/product\/27638","targetHints":{"allow":["GET"]}}],"collection":[{"href":"https:\/\/modrastijena.com\/me\/wp-json\/wp\/v2\/product"}],"about":[{"href":"https:\/\/modrastijena.com\/me\/wp-json\/wp\/v2\/types\/product"}],"wp:featuredmedia":[{"embeddable":true,"href":"https:\/\/modrastijena.com\/me\/wp-json\/"}],"wp:attachment":[{"href":"https:\/\/modrastijena.com\/me\/wp-json\/wp\/v2\/media?parent=27638"}],"wp:term":[{"taxonomy":"product_brand","embeddable":true,"href":"https:\/\/modrastijena.com\/me\/wp-json\/wp\/v2\/product_brand?post=27638"},{"taxonomy":"product_oblik","embeddable":true,"href":"https:\/\/modrastijena.com\/me\/wp-json\/wp\/v2\/product_oblik?post=27638"},{"taxonomy":"product_cat","embeddable":true,"href":"https:\/\/modrastijena.com\/me\/wp-json\/wp\/v2\/product_cat?post=27638"},{"taxonomy":"product_tag","embeddable":true,"href":"https:\/\/modrastijena.com\/me\/wp-json\/wp\/v2\/product_tag?post=27638"}],"curies":[{"name":"wp","href":"https:\/\/api.w.org\/{rel}","templated":true}]}}