{"id":27581,"date":"2021-03-05T14:02:46","date_gmt":"2021-03-05T14:02:46","guid":{"rendered":"https:\/\/modrastijena.com\/me\/proizvod\/minerva-d-25x75-cm-sjaj\/"},"modified":"2024-05-19T10:15:27","modified_gmt":"2024-05-19T10:15:27","slug":"minerva-d-25x75-cm-sjaj","status":"publish","type":"product","link":"https:\/\/modrastijena.com\/me\/proizvod\/minerva-d-25x75-cm-sjaj\/?paket_m2=1.12","title":{"rendered":"Minerva D 25\u00d775 cm, sjaj"},"content":{"rendered":"<p style=\"margin: 0cm; margin-bottom: .0001pt;\">Komada u paketu: 6<\/p>\n<p style=\"margin: 0cm; margin-bottom: .0001pt;\">Paket m\u00b2: 1,12<\/p>\n<p style=\"margin: 0cm; margin-bottom: .0001pt;\">Te\u017eina paketa kg: 21,54<\/p>\n<p>&nbsp;<\/p>\n<p>Cijene su izra\u017eene u konvertibilnim markama po m\u00b2. Kona\u010dna cijena se obra\u010dunava po koli\u010dini\/broju paketa koje naru\u010dujete.<\/p>\n","protected":false},"excerpt":{"rendered":"<p>zidna plo\u010dica, 1 klasa, \u0161panjolska keramika Cristacer<\/p>\n","protected":false},"featured_media":10000001692,"template":"","meta":{"_acf_changed":false},"product_brand":[717],"product_oblik":[],"product_cat":[54],"product_tag":[57,174,170,182],"class_list":{"0":"post-27581","1":"product","2":"type-product","3":"status-publish","4":"has-post-thumbnail","6":"product_brand-cristacer","7":"product_cat-keramika","8":"product_tag-keramika","9":"product_tag-plocice","10":"product_tag-zidna-keramika","11":"product_tag-zidne-plocice","13":"first","14":"instock","15":"shipping-taxable","16":"purchasable","17":"product-type-simple"},"acf":[],"_links":{"self":[{"href":"https:\/\/modrastijena.com\/me\/wp-json\/wp\/v2\/product\/27581","targetHints":{"allow":["GET"]}}],"collection":[{"href":"https:\/\/modrastijena.com\/me\/wp-json\/wp\/v2\/product"}],"about":[{"href":"https:\/\/modrastijena.com\/me\/wp-json\/wp\/v2\/types\/product"}],"wp:featuredmedia":[{"embeddable":true,"href":"https:\/\/modrastijena.com\/me\/wp-json\/"}],"wp:attachment":[{"href":"https:\/\/modrastijena.com\/me\/wp-json\/wp\/v2\/media?parent=27581"}],"wp:term":[{"taxonomy":"product_brand","embeddable":true,"href":"https:\/\/modrastijena.com\/me\/wp-json\/wp\/v2\/product_brand?post=27581"},{"taxonomy":"product_oblik","embeddable":true,"href":"https:\/\/modrastijena.com\/me\/wp-json\/wp\/v2\/product_oblik?post=27581"},{"taxonomy":"product_cat","embeddable":true,"href":"https:\/\/modrastijena.com\/me\/wp-json\/wp\/v2\/product_cat?post=27581"},{"taxonomy":"product_tag","embeddable":true,"href":"https:\/\/modrastijena.com\/me\/wp-json\/wp\/v2\/product_tag?post=27581"}],"curies":[{"name":"wp","href":"https:\/\/api.w.org\/{rel}","templated":true}]}}