{"id":27578,"date":"2021-03-10T15:00:37","date_gmt":"2021-03-10T15:00:37","guid":{"rendered":"https:\/\/modrastijena.com\/me\/proizvod\/silikon-ceresit-cs-28-temperaturno-otporni-crveni\/"},"modified":"2025-02-04T07:44:54","modified_gmt":"2025-02-04T07:44:54","slug":"silikon-ceresit-cs-28-temperaturno-otporni-crveni","status":"publish","type":"product","link":"https:\/\/modrastijena.com\/me\/proizvod\/silikon-ceresit-cs-28-temperaturno-otporni-crveni\/","title":{"rendered":"Silikon Ceresit CS 28 temperaturno otporni crveni"},"content":{"rendered":"<div class=\"product__benefits\">\n<h2 id=\"prednosti-i-zna-ajke-0\" class=\"product__benefitsTitle\">PREDNOSTI I ZNA\u010cAJKE<\/h2>\n<div class=\"product__benefitsList\">\n<ul>\n<li>Osnova: acetatna<\/li>\n<li>Temperatura nano\u0161enja: od +5 \u00b0C do +40 \u00b0C<\/li>\n<li>Temperaturna otpornost: od -65 \u00b0C do +260 \u00b0C (kratkotrajno i do +315 \u00b0C)<\/li>\n<li>Vrijeme nastajanja ko\u017eice: ca. 30 min<\/li>\n<li>Maksimalna \u0161irina spoja: 30 mm<\/li>\n<\/ul>\n<\/div>\n<\/div>\n<h2 id=\"dodatne-informacije-1\" class=\"product__read-more-title\">DODATNE INFORMACIJE<\/h2>\n<div class=\"product__descriptionText\" style=\"margin: 0px;padding: 0px;border: 0px;font-family: FuturaBook, OpenSansRegular, Arial, sans-serif;font-size: 20px;vertical-align: baseline;line-height: 32px;letter-spacing: 0.13px;color: #000000;font-style: normal;font-weight: 400;text-align: left;text-indent: 0px;text-transform: none;background-color: #ffffff\" data-original-html=\"&lt;h4&gt;&lt;span style=&quot;font-weight: normal;&quot;&gt;Temperaturno otporni silikon Ceresit CS 28 koristi se za brtvljenje i lijepljenje pri visokim temperaturama, za cijevi pe\u0107i i centralno grijanje, kamine, klimatizacijske ure\u0111aje, povr\u0161ine u pe\u0107ima, konstrukcije dimnjaka itd. Dobro prianja na ve\u0107inu podloga. Nije primjeren za nano\u0161enje na prirodni kamen, metale koji korodiraju (bakar, \u017eeljezo), ogledala itd. Otporan na UV zrake i vremenske utjecaje. Trajno je elasti\u010dan. Za vanjsku i unutarnju uporabu.&lt;\/span&gt;&lt;\/h4&gt; &lt;h4&gt;&amp;nbsp;&lt;\/h4&gt; &lt;h4&gt;&lt;span style=&quot;font-weight: normal;&quot;&gt;CS 28 silikon za brtvljenje izme\u0111u gra\u0111evnih elemenata izra\u0111enih od opeke, betona i plo\u010dica i koji se koriste za dilatacije kod prirodnog kamena, obloga od granita, vapnenca, kvarca, pje\u0161\u010denjaka, Solnhofen plo\u010dica i Carrara mramora. Prianja bez nano\u0161enja predpremaza na poliester, porculan, drvo i plo\u010dice. Nije pogodan za upotrebu na povr\u0161inama koje dolaze u kontakt s hranom ili spremnicima pitke vode.&lt;\/span&gt;&lt;br&gt; &lt;\/h4&gt; &lt;p&gt;&amp;nbsp;&lt;\/p&gt; &lt;p&gt;TE\u017dINA:&amp;nbsp; 300 ml&lt;\/p&gt; &lt;p&gt;&lt;span style=&quot;&quot;&gt;PAKIRANJE:&amp;nbsp; 12&lt;\/span&gt;&lt;\/p&gt; &lt;p&gt;IDH \u0160IFRA:&amp;nbsp;1160968&lt;\/p&gt; &lt;p&gt;BOJA: Crvena&lt;\/p&gt; &lt;p&gt;ARTIKL:&amp;nbsp;Ceresit CS 28&lt;\/p&gt; \">\n<h4>Temperaturno otporni silikon Ceresit CS 28 koristi se za brtvljenje i lijepljenje pri visokim temperaturama, za cijevi pe\u0107i i centralno grijanje, kamine, klimatizacijske ure\u0111aje, povr\u0161ine u pe\u0107ima, konstrukcije dimnjaka itd. Dobro prianja na ve\u0107inu podloga. Nije primjeren za nano\u0161enje na prirodni kamen, metale koji korodiraju (bakar, \u017eeljezo), ogledala itd. Otporan na UV zrake i vremenske utjecaje. Trajno je elasti\u010dan. Za vanjsku i unutarnju uporabu.<\/h4>\n<h4><\/h4>\n<h4>CS 28 silikon za brtvljenje izme\u0111u gra\u0111evnih elemenata izra\u0111enih od opeke, betona i plo\u010dica i koji se koriste za dilatacije kod prirodnog kamena, obloga od granita, vapnenca, kvarca, pje\u0161\u010denjaka, Solnhofen plo\u010dica i Carrara mramora. Prianja bez nano\u0161enja predpremaza na poliester, porculan, drvo i plo\u010dice. Nije pogodan za upotrebu na povr\u0161inama koje dolaze u kontakt s hranom ili spremnicima pitke vode.<\/h4>\n<\/div>\n","protected":false},"excerpt":{"rendered":"<p>PREDNOSTI I ZNA\u010cAJKE Osnova: acetatna Temperatura nano\u0161enja: od +5 \u00b0C do +40 \u00b0C Temperaturna otpornost: od -65 \u00b0C do +260 \u00b0C (kratkotrajno i do +315 \u00b0C) Vrijeme nastajanja ko\u017eice: ca. 30 min Maksimalna \u0161irina spoja: 30 mm DODATNE INFORMACIJE Temperaturno otporni silikon Ceresit CS 28 koristi se za brtvljenje i lijepljenje pri visokim temperaturama, za [&hellip;]<\/p>\n","protected":false},"featured_media":10000001713,"template":"","meta":{"_acf_changed":false},"product_brand":[726],"product_oblik":[],"product_cat":[62,63],"product_tag":[70],"class_list":{"0":"post-27578","1":"product","2":"type-product","3":"status-publish","4":"has-post-thumbnail","6":"product_brand-ceresit","7":"product_cat-ostalo","8":"product_cat-materijali-za-polaganje","9":"product_tag-silikon","11":"first","12":"outofstock","13":"shipping-taxable","14":"purchasable","15":"product-type-simple"},"acf":[],"_links":{"self":[{"href":"https:\/\/modrastijena.com\/me\/wp-json\/wp\/v2\/product\/27578","targetHints":{"allow":["GET"]}}],"collection":[{"href":"https:\/\/modrastijena.com\/me\/wp-json\/wp\/v2\/product"}],"about":[{"href":"https:\/\/modrastijena.com\/me\/wp-json\/wp\/v2\/types\/product"}],"wp:featuredmedia":[{"embeddable":true,"href":"https:\/\/modrastijena.com\/me\/wp-json\/"}],"wp:attachment":[{"href":"https:\/\/modrastijena.com\/me\/wp-json\/wp\/v2\/media?parent=27578"}],"wp:term":[{"taxonomy":"product_brand","embeddable":true,"href":"https:\/\/modrastijena.com\/me\/wp-json\/wp\/v2\/product_brand?post=27578"},{"taxonomy":"product_oblik","embeddable":true,"href":"https:\/\/modrastijena.com\/me\/wp-json\/wp\/v2\/product_oblik?post=27578"},{"taxonomy":"product_cat","embeddable":true,"href":"https:\/\/modrastijena.com\/me\/wp-json\/wp\/v2\/product_cat?post=27578"},{"taxonomy":"product_tag","embeddable":true,"href":"https:\/\/modrastijena.com\/me\/wp-json\/wp\/v2\/product_tag?post=27578"}],"curies":[{"name":"wp","href":"https:\/\/api.w.org\/{rel}","templated":true}]}}