{"id":27576,"date":"2021-06-25T08:38:55","date_gmt":"2021-06-25T08:38:55","guid":{"rendered":"https:\/\/modrastijena.com\/me\/proizvod\/river-black\/"},"modified":"2024-05-19T10:15:22","modified_gmt":"2024-05-19T10:15:22","slug":"river-black","status":"publish","type":"product","link":"https:\/\/modrastijena.com\/me\/proizvod\/river-black\/","title":{"rendered":"River Black"},"content":{"rendered":"<p>Granit River Black dostupan je u dvije vrste obrade &#8211; polirano i \u010detkano.<\/p>\n<p><strong>Va\u017eno je znati<\/strong><\/p>\n<p>Nijedan materijal nije potpuno otporan na ogrebotine ili upijanje pa se kod granita kao i kod svih ostalih materijala preporu\u010duje oprezno rukovanje.<\/p>\n<div><b>Napomena:<\/b><br \/>\nKamen je prirodan materijal i svaka kamena plo\u010da je unikatna, stoga preporu\u010dujemo da vidite uzorak kamena u jednoj od na\u0161ih poslovnica. Fotografije ne moraju nu\u017eno u potpunosti odgovarati stvarnom izgledu proizvoda. Provjerite dostupnost u prodajnim salonima Modre Stijene.<\/div>\n","protected":false},"excerpt":{"rendered":"<p>Granit River Black dostupan je u dvije vrste obrade &#8211; polirano i \u010detkano. Va\u017eno je znati Nijedan materijal nije potpuno otporan na ogrebotine ili upijanje pa se kod granita kao i kod svih ostalih materijala preporu\u010duje oprezno rukovanje. Napomena: Kamen je prirodan materijal i svaka kamena plo\u010da je unikatna, stoga preporu\u010dujemo da vidite uzorak kamena [&hellip;]<\/p>\n","protected":false},"featured_media":10000001751,"template":"","meta":{"_acf_changed":false},"product_brand":[],"product_oblik":[],"product_cat":[22,23],"product_tag":[141,146,147,46,155,220,221],"class_list":{"0":"post-27576","1":"product","2":"type-product","3":"status-publish","4":"has-post-thumbnail","6":"product_cat-kamen","7":"product_cat-graniti","8":"product_tag-crni-kamen","9":"product_tag-eksterijer","10":"product_tag-interijer","11":"product_tag-kamen","12":"product_tag-kuhinja","13":"product_tag-oblaganje-poda","14":"product_tag-oblaganje-zida","16":"first","17":"instock","18":"shipping-taxable","19":"product-type-simple"},"acf":[],"_links":{"self":[{"href":"https:\/\/modrastijena.com\/me\/wp-json\/wp\/v2\/product\/27576","targetHints":{"allow":["GET"]}}],"collection":[{"href":"https:\/\/modrastijena.com\/me\/wp-json\/wp\/v2\/product"}],"about":[{"href":"https:\/\/modrastijena.com\/me\/wp-json\/wp\/v2\/types\/product"}],"wp:featuredmedia":[{"embeddable":true,"href":"https:\/\/modrastijena.com\/me\/wp-json\/"}],"wp:attachment":[{"href":"https:\/\/modrastijena.com\/me\/wp-json\/wp\/v2\/media?parent=27576"}],"wp:term":[{"taxonomy":"product_brand","embeddable":true,"href":"https:\/\/modrastijena.com\/me\/wp-json\/wp\/v2\/product_brand?post=27576"},{"taxonomy":"product_oblik","embeddable":true,"href":"https:\/\/modrastijena.com\/me\/wp-json\/wp\/v2\/product_oblik?post=27576"},{"taxonomy":"product_cat","embeddable":true,"href":"https:\/\/modrastijena.com\/me\/wp-json\/wp\/v2\/product_cat?post=27576"},{"taxonomy":"product_tag","embeddable":true,"href":"https:\/\/modrastijena.com\/me\/wp-json\/wp\/v2\/product_tag?post=27576"}],"curies":[{"name":"wp","href":"https:\/\/api.w.org\/{rel}","templated":true}]}}