{"id":27559,"date":"2021-10-07T19:55:14","date_gmt":"2021-10-07T19:55:14","guid":{"rendered":"https:\/\/modrastijena.com\/me\/proizvod\/dinamic-uni-black-thorma\/"},"modified":"2024-08-01T09:17:09","modified_gmt":"2024-08-01T09:17:09","slug":"dinamic-uni-black-thorma","status":"publish","type":"product","link":"https:\/\/modrastijena.com\/me\/proizvod\/dinamic-uni-black-thorma\/","title":{"rendered":"Dynamic Uni Black (Thorma)"},"content":{"rendered":"<p>Tehni\u010dki podaci:<\/p>\n<ul>\n<li>Dimenzije cm: 128x75x95<\/li>\n<li>Nominalna toplinska snaga kW: 9<\/li>\n<li>U\u010dinkovitost-iskoristivost %: 78,67<\/li>\n<li>Promjer dimnjaka cm: 15<\/li>\n<li>Ukupna te\u017eina kg: 185<\/li>\n<li>Zagrijava m\u00b3: 98 &#8211; 200<\/li>\n<\/ul>\n","protected":false},"excerpt":{"rendered":"<p>Tehni\u010dki podaci: Dimenzije cm: 128x75x95 Nominalna toplinska snaga kW: 9 U\u010dinkovitost-iskoristivost %: 78,67 Promjer dimnjaka cm: 15 Ukupna te\u017eina kg: 185 Zagrijava m\u00b3: 98 &#8211; 200<\/p>\n","protected":false},"featured_media":10000001794,"template":"","meta":{"_acf_changed":false},"product_brand":[724],"product_oblik":[],"product_cat":[95,112],"product_tag":[100,120,113,114,108],"class_list":{"0":"post-27559","1":"product","2":"type-product","3":"status-publish","4":"has-post-thumbnail","6":"product_brand-thorma","7":"product_cat-kamini-i-peci","8":"product_cat-peci-na-drva","9":"product_tag-grijanje","10":"product_tag-lijevano-zeljezo","11":"product_tag-pec","12":"product_tag-pec-na-drva","13":"product_tag-vatra","15":"first","16":"instock","17":"sold-individually","18":"shipping-taxable","19":"purchasable","20":"product-type-simple"},"acf":[],"_links":{"self":[{"href":"https:\/\/modrastijena.com\/me\/wp-json\/wp\/v2\/product\/27559","targetHints":{"allow":["GET"]}}],"collection":[{"href":"https:\/\/modrastijena.com\/me\/wp-json\/wp\/v2\/product"}],"about":[{"href":"https:\/\/modrastijena.com\/me\/wp-json\/wp\/v2\/types\/product"}],"wp:featuredmedia":[{"embeddable":true,"href":"https:\/\/modrastijena.com\/me\/wp-json\/"}],"wp:attachment":[{"href":"https:\/\/modrastijena.com\/me\/wp-json\/wp\/v2\/media?parent=27559"}],"wp:term":[{"taxonomy":"product_brand","embeddable":true,"href":"https:\/\/modrastijena.com\/me\/wp-json\/wp\/v2\/product_brand?post=27559"},{"taxonomy":"product_oblik","embeddable":true,"href":"https:\/\/modrastijena.com\/me\/wp-json\/wp\/v2\/product_oblik?post=27559"},{"taxonomy":"product_cat","embeddable":true,"href":"https:\/\/modrastijena.com\/me\/wp-json\/wp\/v2\/product_cat?post=27559"},{"taxonomy":"product_tag","embeddable":true,"href":"https:\/\/modrastijena.com\/me\/wp-json\/wp\/v2\/product_tag?post=27559"}],"curies":[{"name":"wp","href":"https:\/\/api.w.org\/{rel}","templated":true}]}}