{"id":27538,"date":"2022-03-02T15:17:35","date_gmt":"2022-03-02T15:17:35","guid":{"rendered":"https:\/\/modrastijena.com\/me\/proizvod\/hidroizolacija-baumacol-protekt-2k-elastik\/"},"modified":"2025-08-04T07:04:04","modified_gmt":"2025-08-04T07:04:04","slug":"hidroizolacija-baumacol-protekt-2k-elastik","status":"publish","type":"product","link":"https:\/\/modrastijena.com\/me\/proizvod\/hidroizolacija-baumacol-protekt-2k-elastik\/","title":{"rendered":"Hidroizolacija Baumacol Protekt 2K Elastik"},"content":{"rendered":"<p>Dvokomponentna visokoelasti\u010dna polimer-cementna, vodonepropusna masa kod pozitivnog i negativnog tlaka vode.<br \/>\nOtporna na smrzavanje. Prikladna za hidroizolaciju terasa, kupaonica, bazena, ispod ljepila za plo\u010dice itd.<br \/>\nZa unutarnja mokra podru\u010dja, podru\u010dja pod vodom (bazeni, rezervoari pitke vode itd.) te vanjska podru\u010dja poput balkona, terasa, temelji zidova i sl.<br \/>\nPrikladna visokim zahtjevima elasti\u010dnosti, podru\u010dja sa pje\u0161a\u010dkim i teretnim prometom koja su direktno oblo\u017eena keramikom, podru\u010dja optere\u0107ena korozijom soli.<br \/>\nZahvaljuju\u0107i visokom elasticitetu, masa je izrazito prikladna za premo\u0161tenje pukotina u podlozi.<br \/>\nKonzistenciju mase mo\u017eemo prilagoditi za nanos \u010detkom ili gleterom.<\/p>\n<p>Kod izrazito glatkih podloga, preporuka je da se prije nano\u0161enja mase ohrapave \u017ei\u010danom \u010detkom ili pjeskare.<br \/>\nPukotine, o\u0161te\u0107enja, segregacijska gnijezda i druga o\u0161te\u0107enja na podlozi prethodno se saniraju brzovezuju\u0107im izravnavaju\u0107im mortom PRECISO SPEED.<\/p>\n<p>Tehni\u010dke karakteristike:<br \/>\nOmjer mije\u0161anja: 20 kg komponente A + 8 kg komponente B<br \/>\nRazvrstavanje prema normi: CM 02 P, EN 14891, EN 1504-2<br \/>\nPremo\u0161\u0107ivanje pukotina: 2,5 mm, razred A5, EN 1062-7<br \/>\nVrijednost Sd: 5 m (pri debljini sloja od 2 mm)<br \/>\nVrijednost W: 0,1 kg\/m2h0,5<br \/>\nPona\u0161anje u po\u017earu: razred F, EN 13501<br \/>\nProhodnost i<br \/>\nspremnost za polaganje: nakon cca. 72 sata<br \/>\nVrijeme obrade: cca. 1 sat<br \/>\nDebljina suhog sloja: min. 2 mm do max. 5 mm (u 2 ili 3 sloja)<br \/>\nPotro\u0161nja: cca. 3,5-4 kg\/m2 po sloju debljine od 2 mm<\/p>\n","protected":false},"excerpt":{"rendered":"<p>Dvokomponentna visokoelasti\u010dna polimer-cementna, vodonepropusna masa kod pozitivnog i negativnog tlaka vode. Otporna na smrzavanje. Prikladna za hidroizolaciju terasa, kupaonica, bazena, ispod ljepila za plo\u010dice itd. Za unutarnja mokra podru\u010dja, podru\u010dja pod vodom (bazeni, rezervoari pitke vode itd.) te vanjska podru\u010dja poput balkona, terasa, temelji zidova i sl. Prikladna visokim zahtjevima elasti\u010dnosti, podru\u010dja sa pje\u0161a\u010dkim i [&hellip;]<\/p>\n","protected":false},"featured_media":10000001860,"template":"","meta":{"_acf_changed":false},"product_brand":[752],"product_oblik":[],"product_cat":[62,83],"product_tag":[55,56,86,264,57,155,169,178,58],"class_list":{"0":"post-27538","1":"product","2":"type-product","3":"status-publish","4":"has-post-thumbnail","6":"product_brand-baumit","7":"product_cat-ostalo","8":"product_cat-materijali-za-pripremu","9":"product_tag-balkon","10":"product_tag-gres-keramika","11":"product_tag-hidroizolacija","12":"product_tag-keramicke-plocice","13":"product_tag-keramika","14":"product_tag-kuhinja","15":"product_tag-kupaonica","16":"product_tag-podna-keramika","17":"product_tag-terasa","19":"first","20":"instock","21":"shipping-taxable","22":"purchasable","23":"product-type-simple"},"acf":[],"_links":{"self":[{"href":"https:\/\/modrastijena.com\/me\/wp-json\/wp\/v2\/product\/27538","targetHints":{"allow":["GET"]}}],"collection":[{"href":"https:\/\/modrastijena.com\/me\/wp-json\/wp\/v2\/product"}],"about":[{"href":"https:\/\/modrastijena.com\/me\/wp-json\/wp\/v2\/types\/product"}],"wp:featuredmedia":[{"embeddable":true,"href":"https:\/\/modrastijena.com\/me\/wp-json\/"}],"wp:attachment":[{"href":"https:\/\/modrastijena.com\/me\/wp-json\/wp\/v2\/media?parent=27538"}],"wp:term":[{"taxonomy":"product_brand","embeddable":true,"href":"https:\/\/modrastijena.com\/me\/wp-json\/wp\/v2\/product_brand?post=27538"},{"taxonomy":"product_oblik","embeddable":true,"href":"https:\/\/modrastijena.com\/me\/wp-json\/wp\/v2\/product_oblik?post=27538"},{"taxonomy":"product_cat","embeddable":true,"href":"https:\/\/modrastijena.com\/me\/wp-json\/wp\/v2\/product_cat?post=27538"},{"taxonomy":"product_tag","embeddable":true,"href":"https:\/\/modrastijena.com\/me\/wp-json\/wp\/v2\/product_tag?post=27538"}],"curies":[{"name":"wp","href":"https:\/\/api.w.org\/{rel}","templated":true}]}}