{"id":27477,"date":"2022-04-05T09:07:20","date_gmt":"2022-04-05T09:07:20","guid":{"rendered":"https:\/\/modrastijena.com\/me\/proizvod\/acquatondo-29-s-bocnim-staklom-edilkamin\/"},"modified":"2024-12-10T13:31:56","modified_gmt":"2024-12-10T13:31:56","slug":"acquatondo-29-s-bocnim-staklom-edilkamin","status":"publish","type":"product","link":"https:\/\/modrastijena.com\/me\/proizvod\/acquatondo-29-s-bocnim-staklom-edilkamin\/","title":{"rendered":"Acquatondo 29 s bo\u010dnim staklom (EdilKamin)"},"content":{"rendered":"<p>Lo\u017ei\u0161te na vodu- lo\u017ei\u0161te koje toplinu u prostoriju \u0161alje putem centralnog grijanja, vodom; kotao za centralno grijanje, ravno staklo, otvaranje bo\u010dno na lantu, promjer dimnjaka 18 cm.<\/p>\n<p>Tehni\u010dki podaci:<\/p>\n<ul>\n<li>Dimenzija cm: 99x78x138,5<\/li>\n<li>Dimenzija lo\u017ei\u0161ta cm: 74x55x50<\/li>\n<li>Max snaga-toplina kW: 28,1<\/li>\n<li>Korisna snaga &#8211; vode kW: 17,4<\/li>\n<li>Efikasnost- u\u010dinkovitost %: 81,5<\/li>\n<li>Potro\u0161nja goriva kg\/h: 7,5<\/li>\n<li>Sadr\u017eaj vode l: 90<\/li>\n<li>Promjer dimnjaka cm: 25<\/li>\n<li>Vanjski zrak cm: 12,5<\/li>\n<li>Ukupna te\u017eina kg: 319<\/li>\n<li>Zagrijava m\u00b3: 730\u00a0 (\u2248 260 m\u00b2)<\/li>\n<\/ul>\n","protected":false},"excerpt":{"rendered":"<p>Lo\u017ei\u0161te na vodu- lo\u017ei\u0161te koje toplinu u prostoriju \u0161alje putem centralnog grijanja, vodom; kotao za centralno grijanje, ravno staklo, otvaranje bo\u010dno na lantu, promjer dimnjaka 18 cm. Tehni\u010dki podaci: Dimenzija cm: 99x78x138,5 Dimenzija lo\u017ei\u0161ta cm: 74x55x50 Max snaga-toplina kW: 28,1 Korisna snaga &#8211; vode kW: 17,4 Efikasnost- u\u010dinkovitost %: 81,5 Potro\u0161nja goriva kg\/h: 7,5 Sadr\u017eaj [&hellip;]<\/p>\n","protected":false},"featured_media":10000001966,"template":"","meta":{"_acf_changed":false},"product_brand":[709],"product_oblik":[],"product_cat":[95,339],"product_tag":[97,102,340,103,111,108],"class_list":{"0":"post-27477","1":"product","2":"type-product","3":"status-publish","4":"has-post-thumbnail","6":"product_brand-edilkamin","7":"product_cat-kamini-i-peci","8":"product_cat-kamini-za-centralno-grijanje","9":"product_tag-drva","10":"product_tag-kamin","11":"product_tag-kamin-na-centralno-grijanje","12":"product_tag-kamin-na-drva","13":"product_tag-moderni-kamini","14":"product_tag-vatra","16":"first","17":"instock","18":"sale","19":"shipping-taxable","20":"purchasable","21":"product-type-simple"},"acf":[],"_links":{"self":[{"href":"https:\/\/modrastijena.com\/me\/wp-json\/wp\/v2\/product\/27477","targetHints":{"allow":["GET"]}}],"collection":[{"href":"https:\/\/modrastijena.com\/me\/wp-json\/wp\/v2\/product"}],"about":[{"href":"https:\/\/modrastijena.com\/me\/wp-json\/wp\/v2\/types\/product"}],"wp:featuredmedia":[{"embeddable":true,"href":"https:\/\/modrastijena.com\/me\/wp-json\/"}],"wp:attachment":[{"href":"https:\/\/modrastijena.com\/me\/wp-json\/wp\/v2\/media?parent=27477"}],"wp:term":[{"taxonomy":"product_brand","embeddable":true,"href":"https:\/\/modrastijena.com\/me\/wp-json\/wp\/v2\/product_brand?post=27477"},{"taxonomy":"product_oblik","embeddable":true,"href":"https:\/\/modrastijena.com\/me\/wp-json\/wp\/v2\/product_oblik?post=27477"},{"taxonomy":"product_cat","embeddable":true,"href":"https:\/\/modrastijena.com\/me\/wp-json\/wp\/v2\/product_cat?post=27477"},{"taxonomy":"product_tag","embeddable":true,"href":"https:\/\/modrastijena.com\/me\/wp-json\/wp\/v2\/product_tag?post=27477"}],"curies":[{"name":"wp","href":"https:\/\/api.w.org\/{rel}","templated":true}]}}