{"id":27462,"date":"2022-05-05T11:43:20","date_gmt":"2022-05-05T11:43:20","guid":{"rendered":"https:\/\/modrastijena.com\/me\/proizvod\/andia-taupe-592x592-cm-r-mat\/"},"modified":"2024-05-19T10:14:14","modified_gmt":"2024-05-19T10:14:14","slug":"andia-taupe-592x592-cm-r-mat","status":"publish","type":"product","link":"https:\/\/modrastijena.com\/me\/proizvod\/andia-taupe-592x592-cm-r-mat\/?paket_m2=1.05","title":{"rendered":"Andia Taupe 59,2&#215;59,2 cm R, mat"},"content":{"rendered":"<p style=\"margin: 0cm; margin-bottom: .0001pt;\">Komada u paketu: 3<\/p>\n<p style=\"margin: 0cm; margin-bottom: .0001pt;\">Paket m\u00b2: 1,05<\/p>\n<p style=\"margin: 0cm; margin-bottom: .0001pt;\">Te\u017eina paketa kg: 21,64<\/p>\n<p>&nbsp;<\/p>\n<p>Cijene su izra\u017eene u konvertibilnim markama po m\u00b2. Kona\u010dna cijena se obra\u010dunava po koli\u010dini\/broju paketa koje naru\u010dujete.<\/p>\n","protected":false},"excerpt":{"rendered":"<p>zidna plo\u010dica, 1 klasa, \u0161panjolska keramika Cristacer<\/p>\n","protected":false},"featured_media":10000002019,"template":"","meta":{"_acf_changed":false},"product_brand":[717],"product_oblik":[],"product_cat":[54],"product_tag":[264,57,220,174,31,178,179],"class_list":{"0":"post-27462","1":"product","2":"type-product","3":"status-publish","4":"has-post-thumbnail","6":"product_brand-cristacer","7":"product_cat-keramika","8":"product_tag-keramicke-plocice","9":"product_tag-keramika","10":"product_tag-oblaganje-poda","11":"product_tag-plocice","12":"product_tag-pod","13":"product_tag-podna-keramika","14":"product_tag-podne-plocice","16":"first","17":"instock","18":"shipping-taxable","19":"purchasable","20":"product-type-simple"},"acf":[],"_links":{"self":[{"href":"https:\/\/modrastijena.com\/me\/wp-json\/wp\/v2\/product\/27462","targetHints":{"allow":["GET"]}}],"collection":[{"href":"https:\/\/modrastijena.com\/me\/wp-json\/wp\/v2\/product"}],"about":[{"href":"https:\/\/modrastijena.com\/me\/wp-json\/wp\/v2\/types\/product"}],"wp:featuredmedia":[{"embeddable":true,"href":"https:\/\/modrastijena.com\/me\/wp-json\/"}],"wp:attachment":[{"href":"https:\/\/modrastijena.com\/me\/wp-json\/wp\/v2\/media?parent=27462"}],"wp:term":[{"taxonomy":"product_brand","embeddable":true,"href":"https:\/\/modrastijena.com\/me\/wp-json\/wp\/v2\/product_brand?post=27462"},{"taxonomy":"product_oblik","embeddable":true,"href":"https:\/\/modrastijena.com\/me\/wp-json\/wp\/v2\/product_oblik?post=27462"},{"taxonomy":"product_cat","embeddable":true,"href":"https:\/\/modrastijena.com\/me\/wp-json\/wp\/v2\/product_cat?post=27462"},{"taxonomy":"product_tag","embeddable":true,"href":"https:\/\/modrastijena.com\/me\/wp-json\/wp\/v2\/product_tag?post=27462"}],"curies":[{"name":"wp","href":"https:\/\/api.w.org\/{rel}","templated":true}]}}