{"id":27439,"date":"2022-05-18T06:39:56","date_gmt":"2022-05-18T06:39:56","guid":{"rendered":"https:\/\/modrastijena.com\/me\/proizvod\/ellora-white\/"},"modified":"2024-05-19T10:13:54","modified_gmt":"2024-05-19T10:13:54","slug":"ellora-white","status":"publish","type":"product","link":"https:\/\/modrastijena.com\/me\/proizvod\/ellora-white\/","title":{"rendered":"Ellora White"},"content":{"rendered":"<p>Mramor Ellora White dostupan je u debljini 3 cm.<\/p>\n<p><b>Napomena:<\/b><br \/>\nKamen je prirodan materijal i svaka kamena plo\u010da je unikatna, stoga preporu\u010dujemo da vidite uzorak kamena u jednoj od na\u0161ih poslovnica. Fotografije ne moraju nu\u017eno u potpunosti odgovarati stvarnom izgledu proizvoda. Provjerite dostupnost u prodajnim salonima Modre Stijene.<\/p>\n","protected":false},"excerpt":{"rendered":"<p>Mramor Ellora White dostupan je u debljini 3 cm. Napomena: Kamen je prirodan materijal i svaka kamena plo\u010da je unikatna, stoga preporu\u010dujemo da vidite uzorak kamena u jednoj od na\u0161ih poslovnica. Fotografije ne moraju nu\u017eno u potpunosti odgovarati stvarnom izgledu proizvoda. Provjerite dostupnost u prodajnim salonima Modre Stijene.<\/p>\n","protected":false},"featured_media":10000002068,"template":"","meta":{"_acf_changed":false},"product_brand":[],"product_oblik":[],"product_cat":[22,44],"product_tag":[25,46,394,30,31,33,36,37,396,48,49,395,40],"class_list":{"0":"post-27439","1":"product","2":"type-product","3":"status-publish","4":"has-post-thumbnail","6":"product_cat-kamen","7":"product_cat-mramori","8":"product_tag-granit","9":"product_tag-kamen","10":"product_tag-luksuz","11":"product_tag-oblaganje-kamina","12":"product_tag-pod","13":"product_tag-prirodni-kamen","14":"product_tag-stepenice","15":"product_tag-stol","16":"product_tag-stol-za-blagovaonicu","17":"product_tag-stubiste","18":"product_tag-unutarnje-klupice","19":"product_tag-uredenje-interijera","20":"product_tag-zid","22":"first","23":"instock","24":"shipping-taxable","25":"product-type-simple"},"acf":[],"_links":{"self":[{"href":"https:\/\/modrastijena.com\/me\/wp-json\/wp\/v2\/product\/27439","targetHints":{"allow":["GET"]}}],"collection":[{"href":"https:\/\/modrastijena.com\/me\/wp-json\/wp\/v2\/product"}],"about":[{"href":"https:\/\/modrastijena.com\/me\/wp-json\/wp\/v2\/types\/product"}],"wp:featuredmedia":[{"embeddable":true,"href":"https:\/\/modrastijena.com\/me\/wp-json\/"}],"wp:attachment":[{"href":"https:\/\/modrastijena.com\/me\/wp-json\/wp\/v2\/media?parent=27439"}],"wp:term":[{"taxonomy":"product_brand","embeddable":true,"href":"https:\/\/modrastijena.com\/me\/wp-json\/wp\/v2\/product_brand?post=27439"},{"taxonomy":"product_oblik","embeddable":true,"href":"https:\/\/modrastijena.com\/me\/wp-json\/wp\/v2\/product_oblik?post=27439"},{"taxonomy":"product_cat","embeddable":true,"href":"https:\/\/modrastijena.com\/me\/wp-json\/wp\/v2\/product_cat?post=27439"},{"taxonomy":"product_tag","embeddable":true,"href":"https:\/\/modrastijena.com\/me\/wp-json\/wp\/v2\/product_tag?post=27439"}],"curies":[{"name":"wp","href":"https:\/\/api.w.org\/{rel}","templated":true}]}}