{"id":27342,"date":"2022-06-09T09:50:58","date_gmt":"2022-06-09T09:50:58","guid":{"rendered":"https:\/\/modrastijena.com\/me\/proizvod\/antigelo-s-tekuci-mapei\/"},"modified":"2025-01-31T14:24:59","modified_gmt":"2025-01-31T14:24:59","slug":"antigelo-s-tekuci-mapei","status":"publish","type":"product","link":"https:\/\/modrastijena.com\/me\/proizvod\/antigelo-s-tekuci-mapei\/","title":{"rendered":"Antigelo S teku\u0107i (Mapei)"},"content":{"rendered":"<p>Antifriz bez klorida za cementne mortove i betone.<br \/>\nAntifreeze S se koristi za pripremu morta i betona (uklju\u010duju\u0107i i armirani) za upotrebu na temperaturi od \u010dak -10\u00b0C. Antifreeze S je posebno primjeren za pove\u0107anje mehani\u010dke \u010dvrsto\u0107e u prva 24 sata, \u010dak i na niskim temperaturama, te za br\u017ee i sigurnije skidanje oplate. Upotrebom Antifreeze-a S nema opasnosti od smrzavanja betona. Antifreeze S je dodatak u prahu ili teku\u0107ini na osnovi ubrziva\u010da za stvrdnjavanje betona, koji ubrzavaju hidraciju, ali ne utje\u010du na normalno vrijeme vezanja, pod uvjetom da se koristi u preporu\u010denoj koli\u010dini.<\/p>\n<p>Antifreeze S teku\u0107ina: posude 30 kg<\/p>\n","protected":false},"excerpt":{"rendered":"<p>Antifriz bez klorida za cementne mortove i betone. Antifreeze S se koristi za pripremu morta i betona (uklju\u010duju\u0107i i armirani) za upotrebu na temperaturi od \u010dak -10\u00b0C. Antifreeze S je posebno primjeren za pove\u0107anje mehani\u010dke \u010dvrsto\u0107e u prva 24 sata, \u010dak i na niskim temperaturama, te za br\u017ee i sigurnije skidanje oplate. Upotrebom Antifreeze-a S [&hellip;]<\/p>\n","protected":false},"featured_media":10000002163,"template":"","meta":{"_acf_changed":false},"product_brand":[727],"product_oblik":[],"product_cat":[62,63],"product_tag":[68],"class_list":{"0":"post-27342","1":"product","2":"type-product","3":"status-publish","4":"has-post-thumbnail","6":"product_brand-mapei","7":"product_cat-ostalo","8":"product_cat-materijali-za-polaganje","9":"product_tag-mapei","11":"first","12":"outofstock","13":"shipping-taxable","14":"purchasable","15":"product-type-simple"},"acf":[],"_links":{"self":[{"href":"https:\/\/modrastijena.com\/me\/wp-json\/wp\/v2\/product\/27342","targetHints":{"allow":["GET"]}}],"collection":[{"href":"https:\/\/modrastijena.com\/me\/wp-json\/wp\/v2\/product"}],"about":[{"href":"https:\/\/modrastijena.com\/me\/wp-json\/wp\/v2\/types\/product"}],"wp:featuredmedia":[{"embeddable":true,"href":"https:\/\/modrastijena.com\/me\/wp-json\/"}],"wp:attachment":[{"href":"https:\/\/modrastijena.com\/me\/wp-json\/wp\/v2\/media?parent=27342"}],"wp:term":[{"taxonomy":"product_brand","embeddable":true,"href":"https:\/\/modrastijena.com\/me\/wp-json\/wp\/v2\/product_brand?post=27342"},{"taxonomy":"product_oblik","embeddable":true,"href":"https:\/\/modrastijena.com\/me\/wp-json\/wp\/v2\/product_oblik?post=27342"},{"taxonomy":"product_cat","embeddable":true,"href":"https:\/\/modrastijena.com\/me\/wp-json\/wp\/v2\/product_cat?post=27342"},{"taxonomy":"product_tag","embeddable":true,"href":"https:\/\/modrastijena.com\/me\/wp-json\/wp\/v2\/product_tag?post=27342"}],"curies":[{"name":"wp","href":"https:\/\/api.w.org\/{rel}","templated":true}]}}