{"id":27341,"date":"2022-06-09T12:46:44","date_gmt":"2022-06-09T12:46:44","guid":{"rendered":"https:\/\/modrastijena.com\/me\/proizvod\/mapefoam-mapei\/"},"modified":"2024-05-19T10:13:25","modified_gmt":"2024-05-19T10:13:25","slug":"mapefoam-mapei","status":"publish","type":"product","link":"https:\/\/modrastijena.com\/me\/proizvod\/mapefoam-mapei\/","title":{"rendered":"Mapefoam (Mapei)"},"content":{"rendered":"<p>Okrugla traka od polietilenske ekstrudirane pjene zatvorene strukture \u0107elija za pravilno dimenzioniranje dilatacija prije zapunjenja s trajno elasti\u010dnim masama za brtvljenje<br \/>\nPodru\u010dje primjene: Mapefoam se primjenjuje za zapunjavanje donjih dijelova vertikalnih i vodoravnih spojeva (dilatacijskih, priklju\u010dnih, konstrukcijskih itd.) u unutarnjim i vanjskim prostorima.<br \/>\nNamijenjen je za pravilno dimenzioniranje (\u0161irina : dubina) izme\u0111u gra\u0111evinskih elemenata i zavr\u0161nih obloga od plo\u010dica i kamena prije zapunjenja s trajno elasti\u010dnim masama za brtvljenje.<br \/>\nJednostavnim umetanjem Mapefoam trake, koja ima promjer ne\u0161to ve\u0107i od \u0161irine spoja, na odgovaraju\u0107oj dubini omogu\u0107ujete odli\u010dnu podlogu za zapunjenje brtve\u0107om masom koja se samo pripoji stijenki spoja i tako osigurava njeno pravilno funkcijsko djelovanje.<br \/>\nAMBALA\u017dA: \u00d8 6 mm<\/p>\n<p>&nbsp;<\/p>\n<p>Cijena iznosi 0,55 KM\/m\u2032<\/p>\n","protected":false},"excerpt":{"rendered":"<p>Okrugla traka od polietilenske ekstrudirane pjene zatvorene strukture \u0107elija za pravilno dimenzioniranje dilatacija prije zapunjenja s trajno elasti\u010dnim masama za brtvljenje Podru\u010dje primjene: Mapefoam se primjenjuje za zapunjavanje donjih dijelova vertikalnih i vodoravnih spojeva (dilatacijskih, priklju\u010dnih, konstrukcijskih itd.) u unutarnjim i vanjskim prostorima. Namijenjen je za pravilno dimenzioniranje (\u0161irina : dubina) izme\u0111u gra\u0111evinskih elemenata i [&hellip;]<\/p>\n","protected":false},"featured_media":10000002172,"template":"","meta":{"_acf_changed":false},"product_brand":[727],"product_oblik":[],"product_cat":[62,63],"product_tag":[68],"class_list":{"0":"post-27341","1":"product","2":"type-product","3":"status-publish","4":"has-post-thumbnail","6":"product_brand-mapei","7":"product_cat-ostalo","8":"product_cat-materijali-za-polaganje","9":"product_tag-mapei","11":"first","12":"instock","13":"shipping-taxable","14":"purchasable","15":"product-type-simple"},"acf":[],"_links":{"self":[{"href":"https:\/\/modrastijena.com\/me\/wp-json\/wp\/v2\/product\/27341","targetHints":{"allow":["GET"]}}],"collection":[{"href":"https:\/\/modrastijena.com\/me\/wp-json\/wp\/v2\/product"}],"about":[{"href":"https:\/\/modrastijena.com\/me\/wp-json\/wp\/v2\/types\/product"}],"wp:featuredmedia":[{"embeddable":true,"href":"https:\/\/modrastijena.com\/me\/wp-json\/"}],"wp:attachment":[{"href":"https:\/\/modrastijena.com\/me\/wp-json\/wp\/v2\/media?parent=27341"}],"wp:term":[{"taxonomy":"product_brand","embeddable":true,"href":"https:\/\/modrastijena.com\/me\/wp-json\/wp\/v2\/product_brand?post=27341"},{"taxonomy":"product_oblik","embeddable":true,"href":"https:\/\/modrastijena.com\/me\/wp-json\/wp\/v2\/product_oblik?post=27341"},{"taxonomy":"product_cat","embeddable":true,"href":"https:\/\/modrastijena.com\/me\/wp-json\/wp\/v2\/product_cat?post=27341"},{"taxonomy":"product_tag","embeddable":true,"href":"https:\/\/modrastijena.com\/me\/wp-json\/wp\/v2\/product_tag?post=27341"}],"curies":[{"name":"wp","href":"https:\/\/api.w.org\/{rel}","templated":true}]}}