{"id":27324,"date":"2022-06-23T08:18:35","date_gmt":"2022-06-23T08:18:35","guid":{"rendered":"https:\/\/modrastijena.com\/me\/proizvod\/disk-fi-125-mm-za-granit-m14-2\/"},"modified":"2025-07-17T13:53:59","modified_gmt":"2025-07-17T13:53:59","slug":"disk-fi-125-mm-za-granit-m14-2","status":"publish","type":"product","link":"https:\/\/modrastijena.com\/me\/proizvod\/disk-fi-125-mm-za-granit-m14-2\/","title":{"rendered":"Disk ntp fi 125 mm za granit m14"},"content":{"rendered":"<p>\u00b7 Turbo o\u0161trica sa bo\u010dnim premazom. Omogu\u0107uje duboko rezanje<br \/>\n\u00b7 Velika brzina rezanja<\/p>\n","protected":false},"excerpt":{"rendered":"<p>\u00b7 Turbo o\u0161trica sa bo\u010dnim premazom. Omogu\u0107uje duboko rezanje \u00b7 Velika brzina rezanja<\/p>\n","protected":false},"featured_media":10000002204,"template":"","meta":{"_acf_changed":false},"product_brand":[732],"product_oblik":[],"product_cat":[62,249],"product_tag":[450,451],"class_list":{"0":"post-27324","1":"product","2":"type-product","3":"status-publish","4":"has-post-thumbnail","6":"product_brand-sorma","7":"product_cat-ostalo","8":"product_cat-alati-za-kamen","9":"product_tag-disk","10":"product_tag-disk-za-granit","12":"first","13":"instock","14":"shipping-taxable","15":"purchasable","16":"product-type-simple"},"acf":[],"_links":{"self":[{"href":"https:\/\/modrastijena.com\/me\/wp-json\/wp\/v2\/product\/27324","targetHints":{"allow":["GET"]}}],"collection":[{"href":"https:\/\/modrastijena.com\/me\/wp-json\/wp\/v2\/product"}],"about":[{"href":"https:\/\/modrastijena.com\/me\/wp-json\/wp\/v2\/types\/product"}],"wp:featuredmedia":[{"embeddable":true,"href":"https:\/\/modrastijena.com\/me\/wp-json\/"}],"wp:attachment":[{"href":"https:\/\/modrastijena.com\/me\/wp-json\/wp\/v2\/media?parent=27324"}],"wp:term":[{"taxonomy":"product_brand","embeddable":true,"href":"https:\/\/modrastijena.com\/me\/wp-json\/wp\/v2\/product_brand?post=27324"},{"taxonomy":"product_oblik","embeddable":true,"href":"https:\/\/modrastijena.com\/me\/wp-json\/wp\/v2\/product_oblik?post=27324"},{"taxonomy":"product_cat","embeddable":true,"href":"https:\/\/modrastijena.com\/me\/wp-json\/wp\/v2\/product_cat?post=27324"},{"taxonomy":"product_tag","embeddable":true,"href":"https:\/\/modrastijena.com\/me\/wp-json\/wp\/v2\/product_tag?post=27324"}],"curies":[{"name":"wp","href":"https:\/\/api.w.org\/{rel}","templated":true}]}}