{"id":27299,"date":"2022-06-30T07:55:43","date_gmt":"2022-06-30T07:55:43","guid":{"rendered":"https:\/\/modrastijena.com\/me\/proizvod\/castor-40x120x2\/"},"modified":"2024-05-19T10:12:47","modified_gmt":"2024-05-19T10:12:47","slug":"castor-40x120x2","status":"publish","type":"product","link":"https:\/\/modrastijena.com\/me\/proizvod\/castor-40x120x2\/?paket_m2=0.96","title":{"rendered":"Castor 40x120x2"},"content":{"rendered":"<p style=\"margin: 0cm; margin-bottom: .0001pt;\">Komada u paketu: 2<\/p>\n<p style=\"margin: 0cm; margin-bottom: .0001pt;\">Paket m<strong>\u00b2: 0,96<\/strong><\/p>\n<p style=\"margin: 0cm; margin-bottom: .0001pt;\">Te\u017eina paketa kg: 45<\/p>\n<p>&nbsp;<\/p>\n<p>Cijene su izra\u017eene u konvertibilnim markama po m\u00b2. Kona\u010dna cijena se obra\u010dunava po koli\u010dini\/broju paketa koje naru\u010dujete.<\/p>\n","protected":false},"excerpt":{"rendered":"<p>gres plo\u010dica, 1. klasa, talijanski proizvo\u0111a\u010d Castelvetro<\/p>\n","protected":false},"featured_media":10000002257,"template":"","meta":{"_acf_changed":false},"product_brand":[747],"product_oblik":[],"product_cat":[54],"product_tag":[146,184,56,189,57,31,58,206],"class_list":{"0":"post-27299","1":"product","2":"type-product","3":"status-publish","4":"has-post-thumbnail","6":"product_brand-castelvetro","7":"product_cat-keramika","8":"product_tag-eksterijer","9":"product_tag-gres","10":"product_tag-gres-keramika","11":"product_tag-gres-plocice","12":"product_tag-keramika","13":"product_tag-pod","14":"product_tag-terasa","15":"product_tag-vanjska-keramika","17":"first","18":"instock","19":"shipping-taxable","20":"purchasable","21":"product-type-simple"},"acf":[],"_links":{"self":[{"href":"https:\/\/modrastijena.com\/me\/wp-json\/wp\/v2\/product\/27299","targetHints":{"allow":["GET"]}}],"collection":[{"href":"https:\/\/modrastijena.com\/me\/wp-json\/wp\/v2\/product"}],"about":[{"href":"https:\/\/modrastijena.com\/me\/wp-json\/wp\/v2\/types\/product"}],"wp:featuredmedia":[{"embeddable":true,"href":"https:\/\/modrastijena.com\/me\/wp-json\/"}],"wp:attachment":[{"href":"https:\/\/modrastijena.com\/me\/wp-json\/wp\/v2\/media?parent=27299"}],"wp:term":[{"taxonomy":"product_brand","embeddable":true,"href":"https:\/\/modrastijena.com\/me\/wp-json\/wp\/v2\/product_brand?post=27299"},{"taxonomy":"product_oblik","embeddable":true,"href":"https:\/\/modrastijena.com\/me\/wp-json\/wp\/v2\/product_oblik?post=27299"},{"taxonomy":"product_cat","embeddable":true,"href":"https:\/\/modrastijena.com\/me\/wp-json\/wp\/v2\/product_cat?post=27299"},{"taxonomy":"product_tag","embeddable":true,"href":"https:\/\/modrastijena.com\/me\/wp-json\/wp\/v2\/product_tag?post=27299"}],"curies":[{"name":"wp","href":"https:\/\/api.w.org\/{rel}","templated":true}]}}