{"id":27269,"date":"2022-07-07T09:05:07","date_gmt":"2022-07-07T09:05:07","guid":{"rendered":"https:\/\/modrastijena.com\/me\/proizvod\/firebox-luce-plus-62-n-edilkamin\/"},"modified":"2025-09-15T10:41:54","modified_gmt":"2025-09-15T10:41:54","slug":"firebox-luce-plus-62-n-edilkamin","status":"publish","type":"product","link":"https:\/\/modrastijena.com\/me\/proizvod\/firebox-luce-plus-62-n-edilkamin\/","title":{"rendered":"Firebox Luce Plus 62 V (EdilKamin)"},"content":{"rendered":"<p>Tehni\u010dki podaci:<\/p>\n<ul>\n<li>Dimenzije cm: 70x50x68<\/li>\n<li>Dimenzije lo\u017ei\u0161ta cm: 52x32x28,5<\/li>\n<li>Nominalna toplinska snaga kW: 9,6<\/li>\n<li>Mogu\u0107nost zagrijavanja m\u00b3: 250<\/li>\n<li>U\u010dinkovitost-iskoristivost %: 89,5<\/li>\n<li>Potro\u0161nja goriva(drvo) kg\/h: 2,3<\/li>\n<li>Promjer dimnjaka cm: 20<\/li>\n<li>Ukupna te\u017eina kg: 144<\/li>\n<\/ul>\n","protected":false},"excerpt":{"rendered":"<p>Tehni\u010dki podaci: Dimenzije cm: 70x50x68 Dimenzije lo\u017ei\u0161ta cm: 52x32x28,5 Nominalna toplinska snaga kW: 9,6 Mogu\u0107nost zagrijavanja m\u00b3: 250 U\u010dinkovitost-iskoristivost %: 89,5 Potro\u0161nja goriva(drvo) kg\/h: 2,3 Promjer dimnjaka cm: 20 Ukupna te\u017eina kg: 144<\/p>\n","protected":false},"featured_media":100000027698,"template":"","meta":{"_acf_changed":false},"product_brand":[709],"product_oblik":[],"product_cat":[95,96],"product_tag":[97,98,99,100,101,102,103,104,341,108,109],"class_list":{"0":"post-27269","1":"product","2":"type-product","3":"status-publish","4":"has-post-thumbnail","6":"product_brand-edilkamin","7":"product_cat-kamini-i-peci","8":"product_cat-kamini","9":"product_tag-drva","10":"product_tag-fire","11":"product_tag-fireplaces","12":"product_tag-grijanje","13":"product_tag-heating","14":"product_tag-kamin","15":"product_tag-kamin-na-drva","16":"product_tag-made-in-italy","17":"product_tag-talijanski-kamin","18":"product_tag-vatra","19":"product_tag-wood","21":"first","22":"instock","23":"shipping-taxable","24":"purchasable","25":"product-type-simple"},"acf":[],"_links":{"self":[{"href":"https:\/\/modrastijena.com\/me\/wp-json\/wp\/v2\/product\/27269","targetHints":{"allow":["GET"]}}],"collection":[{"href":"https:\/\/modrastijena.com\/me\/wp-json\/wp\/v2\/product"}],"about":[{"href":"https:\/\/modrastijena.com\/me\/wp-json\/wp\/v2\/types\/product"}],"wp:featuredmedia":[{"embeddable":true,"href":"https:\/\/modrastijena.com\/me\/wp-json\/"}],"wp:attachment":[{"href":"https:\/\/modrastijena.com\/me\/wp-json\/wp\/v2\/media?parent=27269"}],"wp:term":[{"taxonomy":"product_brand","embeddable":true,"href":"https:\/\/modrastijena.com\/me\/wp-json\/wp\/v2\/product_brand?post=27269"},{"taxonomy":"product_oblik","embeddable":true,"href":"https:\/\/modrastijena.com\/me\/wp-json\/wp\/v2\/product_oblik?post=27269"},{"taxonomy":"product_cat","embeddable":true,"href":"https:\/\/modrastijena.com\/me\/wp-json\/wp\/v2\/product_cat?post=27269"},{"taxonomy":"product_tag","embeddable":true,"href":"https:\/\/modrastijena.com\/me\/wp-json\/wp\/v2\/product_tag?post=27269"}],"curies":[{"name":"wp","href":"https:\/\/api.w.org\/{rel}","templated":true}]}}