{"id":27268,"date":"2022-07-07T09:20:16","date_gmt":"2022-07-07T09:20:16","guid":{"rendered":"https:\/\/modrastijena.com\/me\/proizvod\/widro-85-edilkamin\/"},"modified":"2024-08-01T07:49:35","modified_gmt":"2024-08-01T07:49:35","slug":"widro-85-edilkamin","status":"publish","type":"product","link":"https:\/\/modrastijena.com\/me\/proizvod\/widro-85-edilkamin\/","title":{"rendered":"Widro 85 (EdilKamin)"},"content":{"rendered":"<p>Tehni\u010dki podaci:<\/p>\n<ul>\n<li>Dimenzije cm: 105x68x161,5<\/li>\n<li>Dimenzije lo\u017ei\u0161ta cm: 77x48x45<\/li>\n<li>Max toplinska snaga kW: 30<\/li>\n<li>Snaga prema vodi kW: 20<\/li>\n<li>Mogu\u0107nost zagrijavanja m\u00b3: 782<\/li>\n<li>U\u010dinkovitost-iskoristivost %: 85<\/li>\n<li>Potro\u0161nja goriva(drvo) kg\/h: 7,7<\/li>\n<li>Promjer dimnjaka cm: 20<\/li>\n<li>Ukupna te\u017eina kg: 516<\/li>\n<\/ul>\n","protected":false},"excerpt":{"rendered":"<p>Tehni\u010dki podaci: Dimenzije cm: 105x68x161,5 Dimenzije lo\u017ei\u0161ta cm: 77x48x45 Max toplinska snaga kW: 30 Snaga prema vodi kW: 20 Mogu\u0107nost zagrijavanja m\u00b3: 782 U\u010dinkovitost-iskoristivost %: 85 Potro\u0161nja goriva(drvo) kg\/h: 7,7 Promjer dimnjaka cm: 20 Ukupna te\u017eina kg: 516<\/p>\n","protected":false},"featured_media":10000002323,"template":"","meta":{"_acf_changed":false},"product_brand":[709],"product_oblik":[],"product_cat":[95,96],"product_tag":[97,98,99,100,101,102,103,104,341,108,109],"class_list":{"0":"post-27268","1":"product","2":"type-product","3":"status-publish","4":"has-post-thumbnail","6":"product_brand-edilkamin","7":"product_cat-kamini-i-peci","8":"product_cat-kamini","9":"product_tag-drva","10":"product_tag-fire","11":"product_tag-fireplaces","12":"product_tag-grijanje","13":"product_tag-heating","14":"product_tag-kamin","15":"product_tag-kamin-na-drva","16":"product_tag-made-in-italy","17":"product_tag-talijanski-kamin","18":"product_tag-vatra","19":"product_tag-wood","21":"first","22":"instock","23":"shipping-taxable","24":"purchasable","25":"product-type-simple"},"acf":[],"_links":{"self":[{"href":"https:\/\/modrastijena.com\/me\/wp-json\/wp\/v2\/product\/27268","targetHints":{"allow":["GET"]}}],"collection":[{"href":"https:\/\/modrastijena.com\/me\/wp-json\/wp\/v2\/product"}],"about":[{"href":"https:\/\/modrastijena.com\/me\/wp-json\/wp\/v2\/types\/product"}],"wp:featuredmedia":[{"embeddable":true,"href":"https:\/\/modrastijena.com\/me\/wp-json\/"}],"wp:attachment":[{"href":"https:\/\/modrastijena.com\/me\/wp-json\/wp\/v2\/media?parent=27268"}],"wp:term":[{"taxonomy":"product_brand","embeddable":true,"href":"https:\/\/modrastijena.com\/me\/wp-json\/wp\/v2\/product_brand?post=27268"},{"taxonomy":"product_oblik","embeddable":true,"href":"https:\/\/modrastijena.com\/me\/wp-json\/wp\/v2\/product_oblik?post=27268"},{"taxonomy":"product_cat","embeddable":true,"href":"https:\/\/modrastijena.com\/me\/wp-json\/wp\/v2\/product_cat?post=27268"},{"taxonomy":"product_tag","embeddable":true,"href":"https:\/\/modrastijena.com\/me\/wp-json\/wp\/v2\/product_tag?post=27268"}],"curies":[{"name":"wp","href":"https:\/\/api.w.org\/{rel}","templated":true}]}}