{"id":27217,"date":"2022-08-02T09:35:46","date_gmt":"2022-08-02T09:35:46","guid":{"rendered":"https:\/\/modrastijena.com\/me\/proizvod\/traka-mapeband-h12-cm-mapei\/"},"modified":"2025-10-06T12:41:40","modified_gmt":"2025-10-06T12:41:40","slug":"traka-mapeband-h12-cm-mapei","status":"publish","type":"product","link":"https:\/\/modrastijena.com\/me\/proizvod\/traka-mapeband-h12-cm-mapei\/","title":{"rendered":"Traka Mapeband h=12 cm (Mapei)"},"content":{"rendered":"<p>Cijena trake MAPEBAND iznosi 7 KM\/m &#8216;<\/p>\n<p style=\"background: white;margin: 0cm 0cm 12.5pt 0cm\"><span lang=\"HR\" style=\"font-size: 11.0pt;color: #535353\">Gumirana poliesterska traka, elementi za rubove i kutove, man\u0161ete za brtvljenje dilatacijskih spojeva <\/span><\/p>\n<p style=\"background: white;margin: 0cm 0cm 12.5pt 0cm\"><span lang=\"HR\" style=\"font-size: 11.0pt;color: #535353\">Podru\u010dje primjene: Mapeband se primjenjuje na unutarnjim i vanjskim povr\u0161inama podloga za:<\/span><\/p>\n<ul>\n<li style=\"background: white none repeat scroll 0% 0%\"><span lang=\"HR\" style=\"font-size: 11.0pt;color: #535353\">brtvljenje rubova i kutova na spojevima zidova te zidova i podova svih vrsta uobi\u010dajenih podloga koje su obra\u0111ene Mapegum-om WP i\/ili Mapelastic-om;<\/span><\/li>\n<li style=\"background: white none repeat scroll 0% 0%\"><span lang=\"HR\" style=\"font-size: 11.0pt;color: #535353\">fleksibilno brtvljenje dilatacijskih spojeva na balkonima i terasama koje su obra\u0111ene Mapelastic-om;<\/span><\/li>\n<li style=\"background: white none repeat scroll 0% 0%\"><span lang=\"HR\" style=\"font-size: 11.0pt;color: #535353\">brtvljenje instalacijskih priklju\u010daka i odvoda u kupaonicama, tu\u0161 kabinama i kuhinjama u kombinaciji s Mapegum-om WPS i\/ili Mapelastic-om;<\/span><\/li>\n<li style=\"background: white none repeat scroll 0% 0%\"><span lang=\"HR\" style=\"font-size: 11.0pt;color: #535353\">brtvljenje dilatacijskih spojeva izme\u0111u prefabriciranih elemenata.<br \/>\n<\/span><\/li>\n<\/ul>\n<p><span lang=\"HR\" style=\"font-size: 11.0pt;color: #535353\">AMBALA\u017dA: traka &#8211; role 50 m<\/span><\/p>\n","protected":false},"excerpt":{"rendered":"<p>Cijena trake MAPEBAND iznosi 7 KM\/m &#8216; Gumirana poliesterska traka, elementi za rubove i kutove, man\u0161ete za brtvljenje dilatacijskih spojeva Podru\u010dje primjene: Mapeband se primjenjuje na unutarnjim i vanjskim povr\u0161inama podloga za: brtvljenje rubova i kutova na spojevima zidova te zidova i podova svih vrsta uobi\u010dajenih podloga koje su obra\u0111ene Mapegum-om WP i\/ili Mapelastic-om; fleksibilno [&hellip;]<\/p>\n","protected":false},"featured_media":10000002387,"template":"","meta":{"_acf_changed":false},"product_brand":[727],"product_oblik":[],"product_cat":[62,63],"product_tag":[],"class_list":{"0":"post-27217","1":"product","2":"type-product","3":"status-publish","4":"has-post-thumbnail","6":"product_brand-mapei","7":"product_cat-ostalo","8":"product_cat-materijali-za-polaganje","10":"first","11":"instock","12":"shipping-taxable","13":"purchasable","14":"product-type-simple"},"acf":[],"_links":{"self":[{"href":"https:\/\/modrastijena.com\/me\/wp-json\/wp\/v2\/product\/27217","targetHints":{"allow":["GET"]}}],"collection":[{"href":"https:\/\/modrastijena.com\/me\/wp-json\/wp\/v2\/product"}],"about":[{"href":"https:\/\/modrastijena.com\/me\/wp-json\/wp\/v2\/types\/product"}],"wp:featuredmedia":[{"embeddable":true,"href":"https:\/\/modrastijena.com\/me\/wp-json\/"}],"wp:attachment":[{"href":"https:\/\/modrastijena.com\/me\/wp-json\/wp\/v2\/media?parent=27217"}],"wp:term":[{"taxonomy":"product_brand","embeddable":true,"href":"https:\/\/modrastijena.com\/me\/wp-json\/wp\/v2\/product_brand?post=27217"},{"taxonomy":"product_oblik","embeddable":true,"href":"https:\/\/modrastijena.com\/me\/wp-json\/wp\/v2\/product_oblik?post=27217"},{"taxonomy":"product_cat","embeddable":true,"href":"https:\/\/modrastijena.com\/me\/wp-json\/wp\/v2\/product_cat?post=27217"},{"taxonomy":"product_tag","embeddable":true,"href":"https:\/\/modrastijena.com\/me\/wp-json\/wp\/v2\/product_tag?post=27217"}],"curies":[{"name":"wp","href":"https:\/\/api.w.org\/{rel}","templated":true}]}}