{"id":27190,"date":"2022-08-12T09:47:19","date_gmt":"2022-08-12T09:47:19","guid":{"rendered":"https:\/\/modrastijena.com\/me\/proizvod\/rezac-simple-bevel-sigma\/"},"modified":"2025-03-03T14:28:35","modified_gmt":"2025-03-03T14:28:35","slug":"rezac-simple-bevel-sigma","status":"publish","type":"product","link":"https:\/\/modrastijena.com\/me\/proizvod\/rezac-simple-bevel-sigma\/","title":{"rendered":"Reza\u010d Simple Bevel M14 + 72D + 72E 36A4 (Sigma)"},"content":{"rendered":"<p>Tehni\u010dke karakteristike:<\/p>\n<ul>\n<li>Klizanje po rubu plo\u010dice\/plo\u010de (posu\u0111e od kamena, mramora, granita itd.) jam\u010di ujedna\u010denost sko\u0161enja po cijeloj du\u017eini strojno obra\u0111enog ruba, to\u010dno kopiraju\u0107i fiziolo\u0161ke krivulje plo\u010de.<\/li>\n<li>Isko\u0161enje od 0-12 mm (0-6 mm na porculanskom kamenu) i veli\u010dina od 30 cm do beskona\u010dnosti.<\/li>\n<li>Podesiv pod bilo kojim kutom izme\u0111u 22\u00b0 i 90\u00b0.<\/li>\n<li>Omogu\u0107uje zavr\u0161nu obradu bo\u010dnog ruba plo\u010dice (max. 30 mm).<\/li>\n<li>Pripremljen za usisavanje pra\u0161ine za suho rezanje bez difuzije pra\u0161ine u zrak.<\/li>\n<li>Univerzalni nastavak M14 za kutne brusilice 700 &#8211; 1400 W.<\/li>\n<li>U kompletu s dr\u017ea\u010dem jastu\u010di\u0107a od 100 mm i dijamantnim kota\u010dem granulacije 50.<\/li>\n<\/ul>\n","protected":false},"excerpt":{"rendered":"<p>Tehni\u010dke karakteristike: Klizanje po rubu plo\u010dice\/plo\u010de (posu\u0111e od kamena, mramora, granita itd.) jam\u010di ujedna\u010denost sko\u0161enja po cijeloj du\u017eini strojno obra\u0111enog ruba, to\u010dno kopiraju\u0107i fiziolo\u0161ke krivulje plo\u010de. Isko\u0161enje od 0-12 mm (0-6 mm na porculanskom kamenu) i veli\u010dina od 30 cm do beskona\u010dnosti. Podesiv pod bilo kojim kutom izme\u0111u 22\u00b0 i 90\u00b0. Omogu\u0107uje zavr\u0161nu obradu bo\u010dnog [&hellip;]<\/p>\n","protected":false},"featured_media":10000002484,"template":"","meta":{"_acf_changed":false},"product_brand":[728],"product_oblik":[],"product_cat":[62,87],"product_tag":[94],"class_list":{"0":"post-27190","1":"product","2":"type-product","3":"status-publish","4":"has-post-thumbnail","6":"product_brand-sigma","7":"product_cat-ostalo","8":"product_cat-alati-za-keramiku","9":"product_tag-rezac-keramike","11":"first","12":"instock","13":"shipping-taxable","14":"purchasable","15":"product-type-simple"},"acf":[],"_links":{"self":[{"href":"https:\/\/modrastijena.com\/me\/wp-json\/wp\/v2\/product\/27190","targetHints":{"allow":["GET"]}}],"collection":[{"href":"https:\/\/modrastijena.com\/me\/wp-json\/wp\/v2\/product"}],"about":[{"href":"https:\/\/modrastijena.com\/me\/wp-json\/wp\/v2\/types\/product"}],"wp:featuredmedia":[{"embeddable":true,"href":"https:\/\/modrastijena.com\/me\/wp-json\/"}],"wp:attachment":[{"href":"https:\/\/modrastijena.com\/me\/wp-json\/wp\/v2\/media?parent=27190"}],"wp:term":[{"taxonomy":"product_brand","embeddable":true,"href":"https:\/\/modrastijena.com\/me\/wp-json\/wp\/v2\/product_brand?post=27190"},{"taxonomy":"product_oblik","embeddable":true,"href":"https:\/\/modrastijena.com\/me\/wp-json\/wp\/v2\/product_oblik?post=27190"},{"taxonomy":"product_cat","embeddable":true,"href":"https:\/\/modrastijena.com\/me\/wp-json\/wp\/v2\/product_cat?post=27190"},{"taxonomy":"product_tag","embeddable":true,"href":"https:\/\/modrastijena.com\/me\/wp-json\/wp\/v2\/product_tag?post=27190"}],"curies":[{"name":"wp","href":"https:\/\/api.w.org\/{rel}","templated":true}]}}