{"id":27162,"date":"2022-08-18T11:40:15","date_gmt":"2022-08-18T11:40:15","guid":{"rendered":"https:\/\/modrastijena.com\/me\/proizvod\/cicak-o-100-mm-na-suho-sorma\/"},"modified":"2025-07-14T09:27:14","modified_gmt":"2025-07-14T09:27:14","slug":"cicak-o-100-mm-na-suho-sorma","status":"publish","type":"product","link":"https:\/\/modrastijena.com\/me\/proizvod\/cicak-o-100-mm-na-suho-sorma\/","title":{"rendered":"\u010ci\u010dak \u00f8 100 mm na suho (Sorma)"},"content":{"rendered":"","protected":false},"excerpt":{"rendered":"","protected":false},"featured_media":10000002523,"template":"","meta":{"_acf_changed":false},"product_brand":[732],"product_oblik":[],"product_cat":[62,249],"product_tag":[497],"class_list":{"0":"post-27162","1":"product","2":"type-product","3":"status-publish","4":"has-post-thumbnail","6":"product_brand-sorma","7":"product_cat-ostalo","8":"product_cat-alati-za-kamen","9":"product_tag-cicak-za-kamen","11":"first","12":"instock","13":"shipping-taxable","14":"purchasable","15":"product-type-variable","16":"wvs-archive-product-wrapper"},"acf":[],"_links":{"self":[{"href":"https:\/\/modrastijena.com\/me\/wp-json\/wp\/v2\/product\/27162","targetHints":{"allow":["GET"]}}],"collection":[{"href":"https:\/\/modrastijena.com\/me\/wp-json\/wp\/v2\/product"}],"about":[{"href":"https:\/\/modrastijena.com\/me\/wp-json\/wp\/v2\/types\/product"}],"wp:featuredmedia":[{"embeddable":true,"href":"https:\/\/modrastijena.com\/me\/wp-json\/"}],"wp:attachment":[{"href":"https:\/\/modrastijena.com\/me\/wp-json\/wp\/v2\/media?parent=27162"}],"wp:term":[{"taxonomy":"product_brand","embeddable":true,"href":"https:\/\/modrastijena.com\/me\/wp-json\/wp\/v2\/product_brand?post=27162"},{"taxonomy":"product_oblik","embeddable":true,"href":"https:\/\/modrastijena.com\/me\/wp-json\/wp\/v2\/product_oblik?post=27162"},{"taxonomy":"product_cat","embeddable":true,"href":"https:\/\/modrastijena.com\/me\/wp-json\/wp\/v2\/product_cat?post=27162"},{"taxonomy":"product_tag","embeddable":true,"href":"https:\/\/modrastijena.com\/me\/wp-json\/wp\/v2\/product_tag?post=27162"}],"curies":[{"name":"wp","href":"https:\/\/api.w.org\/{rel}","templated":true}]}}