{"id":27138,"date":"2022-09-07T13:48:20","date_gmt":"2022-09-07T13:48:20","guid":{"rendered":"https:\/\/modrastijena.com\/me\/proizvod\/ljepilo-ceresit-cm-12-plus-white\/"},"modified":"2024-06-27T12:57:30","modified_gmt":"2024-06-27T12:57:30","slug":"ljepilo-ceresit-cm-12-plus-white","status":"publish","type":"product","link":"https:\/\/modrastijena.com\/me\/proizvod\/ljepilo-ceresit-cm-12-plus-white\/","title":{"rendered":"Ljepilo Ceresit CM 12 Plus White"},"content":{"rendered":"<div class=\"product__featureText\">\n<p>Bijelo elasti\u010dno ljepilo za kerami\u010dke plo\u010dice, prirodni i umjetan kamen te mozaik.<\/p>\n<\/div>\n<div class=\"product__benefits\">\n<h2 id=\"karakteristike-1\" class=\"product__benefitsTitle\">KARAKTERISTIKE<\/h2>\n<div class=\"product__benefitsList\">\n<ul>\n<li>Za unutarnju i vanjsku primjenu, uklju\u010duju\u0107i vla\u017ene prostorije<\/li>\n<li>Za podno grijanje, terase, bazene<\/li>\n<li>Za kamene i kerami\u010dke plo\u010dice<\/li>\n<li>Za sve vrste mozaika<\/li>\n<li>Vodonepropusno i otporno na smrzavanje<\/li>\n<li>Fugiranje je mogu\u0107e nakon 24 sata<\/li>\n<li>Bez klizanja na okomitim povr\u0161inama<\/li>\n<li>Pakiranje: vre\u0107a od 25 kg<\/li>\n<li>Skladi\u0161tenje: 12 mjeseci na suhom i hladnom mjestu<\/li>\n<\/ul>\n<\/div>\n<\/div>\n<h2 id=\"opis-2\" class=\"product__read-more-title\">OPIS<\/h2>\n<div class=\"product__descriptionText\">\n<p>Ceresit CM 12 PLUS WHITE je bijelo ljepilo namijenjeno za polaganje gres i ostalih kerami\u010dkih, cementnih i plo\u010dica od prirodnog i umjetnog kamena (dokaz za diskoloraciju), unutra i vani. Pogodno je i postavljanje svih vrsta mozaika. Ceresit CM 12 PLUS WHITE mo\u017ee se primijeniti na podru\u010djima koja su izlo\u017eena prodorima vode i na grijanim podovima. Kao srednjeslojno ljepilo, CM 12 mo\u017eete primijeniti za popravak i izravnavanje povr\u0161ine s udubinama do 8 mm prije polaganja plo\u010dica.<\/p>\n<\/div>\n<p>&nbsp;<\/p>\n","protected":false},"excerpt":{"rendered":"<p>Bijelo elasti\u010dno ljepilo za kerami\u010dke plo\u010dice, prirodni i umjetan kamen te mozaik. KARAKTERISTIKE Za unutarnju i vanjsku primjenu, uklju\u010duju\u0107i vla\u017ene prostorije Za podno grijanje, terase, bazene Za kamene i kerami\u010dke plo\u010dice Za sve vrste mozaika Vodonepropusno i otporno na smrzavanje Fugiranje je mogu\u0107e nakon 24 sata Bez klizanja na okomitim povr\u0161inama Pakiranje: vre\u0107a od 25 [&hellip;]<\/p>\n","protected":false},"featured_media":10000002568,"template":"","meta":{"_acf_changed":false},"product_brand":[],"product_oblik":[],"product_cat":[62,63],"product_tag":[313,260,145,64,261,262,342,184,56,189,192,264,57,314,155,169,284,65,31,266,351,316,40],"class_list":{"0":"post-27138","1":"product","2":"type-product","3":"status-publish","4":"has-post-thumbnail","6":"product_cat-ostalo","7":"product_cat-materijali-za-polaganje","8":"product_tag-bathroom","9":"product_tag-ceramics","10":"product_tag-dnevni-boravak","11":"product_tag-fleksibilno-ljepilo","12":"product_tag-floor","13":"product_tag-flooring","14":"product_tag-fuga","15":"product_tag-gres","16":"product_tag-gres-keramika","17":"product_tag-gres-plocice","18":"product_tag-hodnik","19":"product_tag-keramicke-plocice","20":"product_tag-keramika","21":"product_tag-kitchen","22":"product_tag-kuhinja","23":"product_tag-kupaonica","24":"product_tag-living-room","25":"product_tag-ljepilo","26":"product_tag-pod","27":"product_tag-tiles","28":"product_tag-tiling-adhesives","29":"product_tag-wall","30":"product_tag-zid","32":"first","33":"instock","34":"shipping-taxable","35":"purchasable","36":"product-type-simple"},"acf":[],"_links":{"self":[{"href":"https:\/\/modrastijena.com\/me\/wp-json\/wp\/v2\/product\/27138","targetHints":{"allow":["GET"]}}],"collection":[{"href":"https:\/\/modrastijena.com\/me\/wp-json\/wp\/v2\/product"}],"about":[{"href":"https:\/\/modrastijena.com\/me\/wp-json\/wp\/v2\/types\/product"}],"wp:featuredmedia":[{"embeddable":true,"href":"https:\/\/modrastijena.com\/me\/wp-json\/"}],"wp:attachment":[{"href":"https:\/\/modrastijena.com\/me\/wp-json\/wp\/v2\/media?parent=27138"}],"wp:term":[{"taxonomy":"product_brand","embeddable":true,"href":"https:\/\/modrastijena.com\/me\/wp-json\/wp\/v2\/product_brand?post=27138"},{"taxonomy":"product_oblik","embeddable":true,"href":"https:\/\/modrastijena.com\/me\/wp-json\/wp\/v2\/product_oblik?post=27138"},{"taxonomy":"product_cat","embeddable":true,"href":"https:\/\/modrastijena.com\/me\/wp-json\/wp\/v2\/product_cat?post=27138"},{"taxonomy":"product_tag","embeddable":true,"href":"https:\/\/modrastijena.com\/me\/wp-json\/wp\/v2\/product_tag?post=27138"}],"curies":[{"name":"wp","href":"https:\/\/api.w.org\/{rel}","templated":true}]}}