{"id":27135,"date":"2022-09-21T13:29:18","date_gmt":"2022-09-21T13:29:18","guid":{"rendered":"https:\/\/modrastijena.com\/me\/proizvod\/fokus-nordflam\/"},"modified":"2025-09-15T10:33:37","modified_gmt":"2025-09-15T10:33:37","slug":"fokus-nordflam","status":"publish","type":"product","link":"https:\/\/modrastijena.com\/me\/proizvod\/fokus-nordflam\/","title":{"rendered":"Fokus (Nordflam)"},"content":{"rendered":"<p>Tehni\u010dki podaci:<\/p>\n<ul>\n<li>Dimenzije cm: 85&#215;39,6&#215;37,5<\/li>\n<li>Nominalna toplinska snaga kW: 4<\/li>\n<li>U\u010dinkovitost-iskoristivost %: 83,7<\/li>\n<li>Promjer dimnjaka cm: 12<\/li>\n<li>Ukupna te\u017eina kg: 52<\/li>\n<li>Zagrijava m\u00b2: 40<\/li>\n<\/ul>\n","protected":false},"excerpt":{"rendered":"<p>Tehni\u010dki podaci: Dimenzije cm: 85&#215;39,6&#215;37,5 Nominalna toplinska snaga kW: 4 U\u010dinkovitost-iskoristivost %: 83,7 Promjer dimnjaka cm: 12 Ukupna te\u017eina kg: 52 Zagrijava m\u00b2: 40<\/p>\n","protected":false},"featured_media":10000002574,"template":"","meta":{"_acf_changed":false},"product_brand":[760],"product_oblik":[],"product_cat":[95,112],"product_tag":[97,98,100,101,113,114,523,108,109],"class_list":{"0":"post-27135","1":"product","2":"type-product","3":"status-publish","4":"has-post-thumbnail","6":"product_brand-nordflam","7":"product_cat-kamini-i-peci","8":"product_cat-peci-na-drva","9":"product_tag-drva","10":"product_tag-fire","11":"product_tag-grijanje","12":"product_tag-heating","13":"product_tag-pec","14":"product_tag-pec-na-drva","15":"product_tag-stoves","16":"product_tag-vatra","17":"product_tag-wood","19":"first","20":"instock","21":"shipping-taxable","22":"purchasable","23":"product-type-simple"},"acf":[],"_links":{"self":[{"href":"https:\/\/modrastijena.com\/me\/wp-json\/wp\/v2\/product\/27135","targetHints":{"allow":["GET"]}}],"collection":[{"href":"https:\/\/modrastijena.com\/me\/wp-json\/wp\/v2\/product"}],"about":[{"href":"https:\/\/modrastijena.com\/me\/wp-json\/wp\/v2\/types\/product"}],"wp:featuredmedia":[{"embeddable":true,"href":"https:\/\/modrastijena.com\/me\/wp-json\/"}],"wp:attachment":[{"href":"https:\/\/modrastijena.com\/me\/wp-json\/wp\/v2\/media?parent=27135"}],"wp:term":[{"taxonomy":"product_brand","embeddable":true,"href":"https:\/\/modrastijena.com\/me\/wp-json\/wp\/v2\/product_brand?post=27135"},{"taxonomy":"product_oblik","embeddable":true,"href":"https:\/\/modrastijena.com\/me\/wp-json\/wp\/v2\/product_oblik?post=27135"},{"taxonomy":"product_cat","embeddable":true,"href":"https:\/\/modrastijena.com\/me\/wp-json\/wp\/v2\/product_cat?post=27135"},{"taxonomy":"product_tag","embeddable":true,"href":"https:\/\/modrastijena.com\/me\/wp-json\/wp\/v2\/product_tag?post=27135"}],"curies":[{"name":"wp","href":"https:\/\/api.w.org\/{rel}","templated":true}]}}