{"id":27120,"date":"2022-10-13T07:08:40","date_gmt":"2022-10-13T07:08:40","guid":{"rendered":"https:\/\/modrastijena.com\/me\/proizvod\/rezac-keramike-103-cm-4du-serie-4-up-sigma\/"},"modified":"2025-03-03T14:06:19","modified_gmt":"2025-03-03T14:06:19","slug":"rezac-keramike-103-cm-4du-serie-4-up-sigma","status":"publish","type":"product","link":"https:\/\/modrastijena.com\/me\/proizvod\/rezac-keramike-103-cm-4du-serie-4-up-sigma\/","title":{"rendered":"Reza\u010d Keramike 103 cm 4DU Serie 4 UP (Sigma)"},"content":{"rendered":"<p>Reza\u010d za plo\u010dice &#8216;Series 4 UP&#8217; NOVA SERIJA 2022 vu\u010dni rez 103 cm 4DU SIGMA<\/p>\n<p>Nova serija 4 je maksimalna evolucija reza\u010da plo\u010dica, potpuno redizajnirana i nudi maksimalnu u\u010dinkovitost rezanja i prakti\u010dnost!<\/p>\n<p>Godine istra\u017eivanja i pobolj\u0161anja spojile su se kako bi se stvorila nova linija koja kombinira inovacije, preciznu mehaniku i dizajn kako bi ponudila jedinstveno iskustvo rezanja.<\/p>\n<p>Serija 4 s novom vu\u010dnom ru\u010dkom UP.<\/p>\n<p>Automatski oporavak od tro\u0161enja.<br \/>\nVo\u0111eno graviranje kliznih kolica na vrlo preciznim kugli\u010dnim le\u017eajevima.<br \/>\n\u0160iroko stopalo za cijepanje od 10 cm sa za\u0161titom od tragova.<br \/>\nKota\u010d promjera 12 mm s unutarnjim le\u017eajem savr\u0161eno vidljiv u fazi graviranja s o\u0161tricom dr\u017ea\u010da kota\u010da.<br \/>\nOklop protiv trenja za bo\u010dnu za\u0161titu kota\u010da radi izbjegavanja bo\u010dnog tro\u0161enja.<br \/>\nAutomatski sustav koji dr\u017ei ru\u010dku podignutom tijekom postavljanja plo\u010dice.<\/p>\n<p><strong>Tehni\u010dki podaci:<\/strong><\/p>\n<ul>\n<li>Korisna du\u017eina rezanja 103 cm<\/li>\n<li>Dijagonalno rezanje plo\u010dica do 72,8 x 72,8 cm<\/li>\n<li>Debljina rezanja do 19 mm<\/li>\n<\/ul>\n","protected":false},"excerpt":{"rendered":"<p>Reza\u010d za plo\u010dice &#8216;Series 4 UP&#8217; NOVA SERIJA 2022 vu\u010dni rez 103 cm 4DU SIGMA Nova serija 4 je maksimalna evolucija reza\u010da plo\u010dica, potpuno redizajnirana i nudi maksimalnu u\u010dinkovitost rezanja i prakti\u010dnost! Godine istra\u017eivanja i pobolj\u0161anja spojile su se kako bi se stvorila nova linija koja kombinira inovacije, preciznu mehaniku i dizajn kako bi ponudila [&hellip;]<\/p>\n","protected":false},"featured_media":10000002625,"template":"","meta":{"_acf_changed":false},"product_brand":[728],"product_oblik":[],"product_cat":[62,87],"product_tag":[94,449],"class_list":{"0":"post-27120","1":"product","2":"type-product","3":"status-publish","4":"has-post-thumbnail","6":"product_brand-sigma","7":"product_cat-ostalo","8":"product_cat-alati-za-keramiku","9":"product_tag-rezac-keramike","10":"product_tag-sigma-rezac","12":"first","13":"instock","14":"shipping-taxable","15":"purchasable","16":"product-type-simple"},"acf":[],"_links":{"self":[{"href":"https:\/\/modrastijena.com\/me\/wp-json\/wp\/v2\/product\/27120","targetHints":{"allow":["GET"]}}],"collection":[{"href":"https:\/\/modrastijena.com\/me\/wp-json\/wp\/v2\/product"}],"about":[{"href":"https:\/\/modrastijena.com\/me\/wp-json\/wp\/v2\/types\/product"}],"wp:featuredmedia":[{"embeddable":true,"href":"https:\/\/modrastijena.com\/me\/wp-json\/"}],"wp:attachment":[{"href":"https:\/\/modrastijena.com\/me\/wp-json\/wp\/v2\/media?parent=27120"}],"wp:term":[{"taxonomy":"product_brand","embeddable":true,"href":"https:\/\/modrastijena.com\/me\/wp-json\/wp\/v2\/product_brand?post=27120"},{"taxonomy":"product_oblik","embeddable":true,"href":"https:\/\/modrastijena.com\/me\/wp-json\/wp\/v2\/product_oblik?post=27120"},{"taxonomy":"product_cat","embeddable":true,"href":"https:\/\/modrastijena.com\/me\/wp-json\/wp\/v2\/product_cat?post=27120"},{"taxonomy":"product_tag","embeddable":true,"href":"https:\/\/modrastijena.com\/me\/wp-json\/wp\/v2\/product_tag?post=27120"}],"curies":[{"name":"wp","href":"https:\/\/api.w.org\/{rel}","templated":true}]}}