{"id":27104,"date":"2022-11-22T12:45:42","date_gmt":"2022-11-22T12:45:42","guid":{"rendered":"https:\/\/modrastijena.com\/me\/proizvod\/i-naturali-pietra-grey-324x162x2-cm-luc-snizeno-15\/"},"modified":"2024-05-19T10:10:56","modified_gmt":"2024-05-19T10:10:56","slug":"i-naturali-pietra-grey-324x162x2-cm-luc-snizeno-15","status":"publish","type":"product","link":"https:\/\/modrastijena.com\/me\/proizvod\/i-naturali-pietra-grey-324x162x2-cm-luc-snizeno-15\/","title":{"rendered":"I Naturali Pietra Grey 324x162x2 cm, luc"},"content":{"rendered":"<p>Veliki formati keramike predstavljaju revoluciju u svijetu keramike te su zavladale u arhitekturi i dizajnu interijera i eksterijera. Omogu\u0107uju oblaganje zidova, podova i namje\u0161taja. Zbog dobrih tehni\u010dkih svojstava kao \u0161to su otpornost na ogrebotine, habanje, otpornost na upijanje, visoke temperature i pogodnost za kontakt sa hranom sve se vi\u0161e koriste kao radne plo\u010de u kuhinji, za izradu stolova, radnih povr\u0161ina u kupaonici, oblaganje stepenica, oblaganje kamina, izradu za\u0161titnih plo\u010da ispod pe\u0107i i dekoraciju zidova.<\/p>\n<p><strong>Napomena:<\/strong><br \/>\nProvjerite dostupnost u prodajnim salonima Modre Stijene.<br \/>\nFotografije ne moraju nu\u017eno u potpunosti odgovarati stvarnom izgledu proizvoda<\/p>\n<p>&nbsp;<\/p>\n","protected":false},"excerpt":{"rendered":"<p>Veliki formati keramike predstavljaju revoluciju u svijetu keramike te su zavladale u arhitekturi i dizajnu interijera i eksterijera. Omogu\u0107uju oblaganje zidova, podova i namje\u0161taja. Zbog dobrih tehni\u010dkih svojstava kao \u0161to su otpornost na ogrebotine, habanje, otpornost na upijanje, visoke temperature i pogodnost za kontakt sa hranom sve se vi\u0161e koriste kao radne plo\u010de u kuhinji, [&hellip;]<\/p>\n","protected":false},"featured_media":10000001877,"template":"","meta":{"_acf_changed":false},"product_brand":[741],"product_oblik":[],"product_cat":[218],"product_tag":[219,184,56,57,28,30,220,221,31,34,35,36,222,223,224,225,40],"class_list":{"0":"post-27104","1":"product","2":"type-product","3":"status-publish","4":"has-post-thumbnail","6":"product_brand-laminam","7":"product_cat-veliki-formati","8":"product_tag-blagovaonski-stolovi","9":"product_tag-gres","10":"product_tag-gres-keramika","11":"product_tag-keramika","12":"product_tag-klub-stol","13":"product_tag-oblaganje-kamina","14":"product_tag-oblaganje-poda","15":"product_tag-oblaganje-zida","16":"product_tag-pod","17":"product_tag-radna-ploca","18":"product_tag-sank","19":"product_tag-stepenice","20":"product_tag-stolovi","21":"product_tag-trpezarijski-stolovi","22":"product_tag-veliki-formati","23":"product_tag-veliki-formati-keramike","24":"product_tag-zid","26":"first","27":"instock","28":"shipping-taxable","29":"product-type-simple"},"acf":[],"_links":{"self":[{"href":"https:\/\/modrastijena.com\/me\/wp-json\/wp\/v2\/product\/27104","targetHints":{"allow":["GET"]}}],"collection":[{"href":"https:\/\/modrastijena.com\/me\/wp-json\/wp\/v2\/product"}],"about":[{"href":"https:\/\/modrastijena.com\/me\/wp-json\/wp\/v2\/types\/product"}],"wp:featuredmedia":[{"embeddable":true,"href":"https:\/\/modrastijena.com\/me\/wp-json\/"}],"wp:attachment":[{"href":"https:\/\/modrastijena.com\/me\/wp-json\/wp\/v2\/media?parent=27104"}],"wp:term":[{"taxonomy":"product_brand","embeddable":true,"href":"https:\/\/modrastijena.com\/me\/wp-json\/wp\/v2\/product_brand?post=27104"},{"taxonomy":"product_oblik","embeddable":true,"href":"https:\/\/modrastijena.com\/me\/wp-json\/wp\/v2\/product_oblik?post=27104"},{"taxonomy":"product_cat","embeddable":true,"href":"https:\/\/modrastijena.com\/me\/wp-json\/wp\/v2\/product_cat?post=27104"},{"taxonomy":"product_tag","embeddable":true,"href":"https:\/\/modrastijena.com\/me\/wp-json\/wp\/v2\/product_tag?post=27104"}],"curies":[{"name":"wp","href":"https:\/\/api.w.org\/{rel}","templated":true}]}}