{"id":27045,"date":"2023-01-04T10:44:47","date_gmt":"2023-01-04T10:44:47","guid":{"rendered":"https:\/\/modrastijena.com\/me\/proizvod\/rezac-art-4en-125-cm-nex\/"},"modified":"2025-03-03T13:55:05","modified_gmt":"2025-03-03T13:55:05","slug":"rezac-art-4en-125-cm-nex","status":"publish","type":"product","link":"https:\/\/modrastijena.com\/me\/proizvod\/rezac-art-4en-125-cm-nex\/","title":{"rendered":"Reza\u010d Art 4EN 125 cm Nex (Sigma)"},"content":{"rendered":"<p>Gurni rez, jednostavan i dubok uz minimalan napor, savr\u0161en za grube, debele i velike plo\u010dice.<br \/>\nErgonomska ru\u010dka specifi\u010dna za guranje reza.<br \/>\nKota\u010d za rezanje promjera 16 mm uvijek je jasno vidljiv na strani operatera i opremljen je dvostrukim ovjesom za amortizirano rezanje strukturiranih plo\u010dica.<br \/>\nKota\u010d za rezanje se okre\u0107e na valjkastom le\u017eaju, bo\u010dno vo\u0111en metalnom ljuskom protiv trenja umetnutom u CNC glodani dr\u017ea\u010d, kako bi se izbjeglo trenje i bo\u010dni zazor.<br \/>\nKota\u010di promjera 16 mm s unutarnjim le\u017eajem za maksimalnu glatko\u0107u u fazi zarezivanja, tako\u0111er dostupni u verziji s TIN premazom.<br \/>\nRazdjelna stopa \u0161irine 120 mm s izmjenjivom za\u0161titom protiv tragova.<br \/>\nKlizna kolica su bez zazora, zahvaljuju\u0107i 3 dvoredna kugli\u010dna le\u017eaja koji jam\u010de preciznost tijekom vremena bez potrebe za odr\u017eavanjem.<br \/>\nPostoji automatski sustav koji dr\u017ei ru\u010dku podignutom kako bi se olak\u0161alo umetanje plo\u010dice.<br \/>\nAutomatski \u010deli\u010dni kompenzator za pode\u0161avanje predoptere\u0107enja kliza\u010da na tra\u010dnici.<br \/>\nZa fazu cijepanja jednostavno podignite ru\u010dku kako biste omogu\u0107ili automatsko okretanje stopala.<br \/>\nPrednja za\u0161titna gumena podloga apsorbira udarac tijekom reza kako se ne bi o\u0161tetila baza.<\/p>\n<p>Tehni\u010dki podaci:<\/p>\n<p>Maksimalna duljina rezanja: 125 cm<br \/>\nDuljina dijagonalnog rezanja: 88,4 cm<br \/>\nMaksimalna debljina rezanja: 19 mm<br \/>\nSnaga lomljenja Sna\u017ena: 1200 kg<br \/>\nTe\u017eina 21,1 kg.<\/p>\n","protected":false},"excerpt":{"rendered":"<p>Gurni rez, jednostavan i dubok uz minimalan napor, savr\u0161en za grube, debele i velike plo\u010dice. Ergonomska ru\u010dka specifi\u010dna za guranje reza. Kota\u010d za rezanje promjera 16 mm uvijek je jasno vidljiv na strani operatera i opremljen je dvostrukim ovjesom za amortizirano rezanje strukturiranih plo\u010dica. Kota\u010d za rezanje se okre\u0107e na valjkastom le\u017eaju, bo\u010dno vo\u0111en metalnom [&hellip;]<\/p>\n","protected":false},"featured_media":10000002727,"template":"","meta":{"_acf_changed":false},"product_brand":[728],"product_oblik":[],"product_cat":[62,87],"product_tag":[93,94],"class_list":{"0":"post-27045","1":"product","2":"type-product","3":"status-publish","4":"has-post-thumbnail","6":"product_brand-sigma","7":"product_cat-ostalo","8":"product_cat-alati-za-keramiku","9":"product_tag-rezac","10":"product_tag-rezac-keramike","12":"first","13":"instock","14":"shipping-taxable","15":"purchasable","16":"product-type-simple"},"acf":[],"_links":{"self":[{"href":"https:\/\/modrastijena.com\/me\/wp-json\/wp\/v2\/product\/27045","targetHints":{"allow":["GET"]}}],"collection":[{"href":"https:\/\/modrastijena.com\/me\/wp-json\/wp\/v2\/product"}],"about":[{"href":"https:\/\/modrastijena.com\/me\/wp-json\/wp\/v2\/types\/product"}],"wp:featuredmedia":[{"embeddable":true,"href":"https:\/\/modrastijena.com\/me\/wp-json\/"}],"wp:attachment":[{"href":"https:\/\/modrastijena.com\/me\/wp-json\/wp\/v2\/media?parent=27045"}],"wp:term":[{"taxonomy":"product_brand","embeddable":true,"href":"https:\/\/modrastijena.com\/me\/wp-json\/wp\/v2\/product_brand?post=27045"},{"taxonomy":"product_oblik","embeddable":true,"href":"https:\/\/modrastijena.com\/me\/wp-json\/wp\/v2\/product_oblik?post=27045"},{"taxonomy":"product_cat","embeddable":true,"href":"https:\/\/modrastijena.com\/me\/wp-json\/wp\/v2\/product_cat?post=27045"},{"taxonomy":"product_tag","embeddable":true,"href":"https:\/\/modrastijena.com\/me\/wp-json\/wp\/v2\/product_tag?post=27045"}],"curies":[{"name":"wp","href":"https:\/\/api.w.org\/{rel}","templated":true}]}}