{"id":27043,"date":"2023-01-10T13:18:20","date_gmt":"2023-01-10T13:18:20","guid":{"rendered":"https:\/\/modrastijena.com\/me\/proizvod\/timeless-calacatta-30x60-cm-luc\/"},"modified":"2025-08-08T08:25:54","modified_gmt":"2025-08-08T08:25:54","slug":"timeless-calacatta-30x60-cm-luc","status":"publish","type":"product","link":"https:\/\/modrastijena.com\/me\/proizvod\/timeless-calacatta-30x60-cm-luc\/?paket_m2=1.08","title":{"rendered":"Timeless Calacatta 30&#215;60 cm, luc"},"content":{"rendered":"<p style=\"margin: 0cm;margin-bottom: .0001pt\">Komada u paketu: 6<\/p>\n<p style=\"margin: 0cm;margin-bottom: .0001pt\">Paket m\u00b2: 1,08<\/p>\n<p style=\"margin: 0cm;margin-bottom: .0001pt\">Te\u017eina paketa: 24,20 kg<\/p>\n<p>&nbsp;<\/p>\n<p>Cijene su izra\u017eene u konvertibilnim markama po m\u00b2. Kona\u010dna cijena se obra\u010dunava po koli\u010dini\/broju paketa koje naru\u010dujete.<\/p>\n","protected":false},"excerpt":{"rendered":"<p>retificirana, gres plo\u010dica, komercijalna klasa, talijanski proizvo\u0111a\u010d Cerim grupacije Florim<\/p>\n","protected":false},"featured_media":100000027990,"template":"","meta":{"_acf_changed":false},"product_brand":[710],"product_oblik":[],"product_cat":[54],"product_tag":[145,184,56,189,192,57,155,169,31,209,40],"class_list":{"0":"post-27043","1":"product","2":"type-product","3":"status-publish","4":"has-post-thumbnail","6":"product_brand-florim","7":"product_cat-keramika","8":"product_tag-dnevni-boravak","9":"product_tag-gres","10":"product_tag-gres-keramika","11":"product_tag-gres-plocice","12":"product_tag-hodnik","13":"product_tag-keramika","14":"product_tag-kuhinja","15":"product_tag-kupaonica","16":"product_tag-pod","17":"product_tag-soba","18":"product_tag-zid","20":"first","21":"instock","22":"shipping-taxable","23":"purchasable","24":"product-type-simple"},"acf":[],"_links":{"self":[{"href":"https:\/\/modrastijena.com\/me\/wp-json\/wp\/v2\/product\/27043","targetHints":{"allow":["GET"]}}],"collection":[{"href":"https:\/\/modrastijena.com\/me\/wp-json\/wp\/v2\/product"}],"about":[{"href":"https:\/\/modrastijena.com\/me\/wp-json\/wp\/v2\/types\/product"}],"wp:featuredmedia":[{"embeddable":true,"href":"https:\/\/modrastijena.com\/me\/wp-json\/"}],"wp:attachment":[{"href":"https:\/\/modrastijena.com\/me\/wp-json\/wp\/v2\/media?parent=27043"}],"wp:term":[{"taxonomy":"product_brand","embeddable":true,"href":"https:\/\/modrastijena.com\/me\/wp-json\/wp\/v2\/product_brand?post=27043"},{"taxonomy":"product_oblik","embeddable":true,"href":"https:\/\/modrastijena.com\/me\/wp-json\/wp\/v2\/product_oblik?post=27043"},{"taxonomy":"product_cat","embeddable":true,"href":"https:\/\/modrastijena.com\/me\/wp-json\/wp\/v2\/product_cat?post=27043"},{"taxonomy":"product_tag","embeddable":true,"href":"https:\/\/modrastijena.com\/me\/wp-json\/wp\/v2\/product_tag?post=27043"}],"curies":[{"name":"wp","href":"https:\/\/api.w.org\/{rel}","templated":true}]}}