{"id":26928,"date":"2023-03-16T08:23:15","date_gmt":"2023-03-16T08:23:15","guid":{"rendered":"https:\/\/modrastijena.com\/me\/proizvod\/wals-beige-60x60-cm-str\/"},"modified":"2024-05-19T10:10:07","modified_gmt":"2024-05-19T10:10:07","slug":"wals-beige-60x60-cm-str","status":"publish","type":"product","link":"https:\/\/modrastijena.com\/me\/proizvod\/wals-beige-60x60-cm-str\/?paket_m2=0.44","title":{"rendered":"Wals Beige 60&#215;60 cm, str"},"content":{"rendered":"<p style=\"margin: 0cm; margin-bottom: .0001pt;\">Komada u paketu: 4<\/p>\n<p style=\"margin: 0cm; margin-bottom: .0001pt;\">Paket m<strong>\u00b2: 1,44<\/strong><\/p>\n<p style=\"margin: 0cm; margin-bottom: .0001pt;\">Te\u017eina paketa kg: 30,90<\/p>\n<p>&nbsp;<\/p>\n<p>Cijene su izra\u017eene u konvertibilnim markama po m\u00b2. Kona\u010dna cijena se obra\u010dunava po koli\u010dini\/broju paketa koje naru\u010dujete.<\/p>\n","protected":false},"excerpt":{"rendered":"<p>gres plo\u010dica, 1. klasa, talijanski proizvo\u0111a\u010d Castelvetro<\/p>\n","protected":false},"featured_media":10000002255,"template":"","meta":{"_acf_changed":false},"product_brand":[747],"product_oblik":[],"product_cat":[54],"product_tag":[260,146,261,184,56,189,57,220,466,31,58,540,266,206,338],"class_list":{"0":"post-26928","1":"product","2":"type-product","3":"status-publish","4":"has-post-thumbnail","6":"product_brand-castelvetro","7":"product_cat-keramika","8":"product_tag-ceramics","9":"product_tag-eksterijer","10":"product_tag-floor","11":"product_tag-gres","12":"product_tag-gres-keramika","13":"product_tag-gres-plocice","14":"product_tag-keramika","15":"product_tag-oblaganje-poda","16":"product_tag-outdoor","17":"product_tag-pod","18":"product_tag-terasa","19":"product_tag-terrace","20":"product_tag-tiles","21":"product_tag-vanjska-keramika","22":"product_tag-vanjske-plocice","24":"first","25":"instock","26":"shipping-taxable","27":"purchasable","28":"product-type-simple"},"acf":[],"_links":{"self":[{"href":"https:\/\/modrastijena.com\/me\/wp-json\/wp\/v2\/product\/26928","targetHints":{"allow":["GET"]}}],"collection":[{"href":"https:\/\/modrastijena.com\/me\/wp-json\/wp\/v2\/product"}],"about":[{"href":"https:\/\/modrastijena.com\/me\/wp-json\/wp\/v2\/types\/product"}],"wp:featuredmedia":[{"embeddable":true,"href":"https:\/\/modrastijena.com\/me\/wp-json\/"}],"wp:attachment":[{"href":"https:\/\/modrastijena.com\/me\/wp-json\/wp\/v2\/media?parent=26928"}],"wp:term":[{"taxonomy":"product_brand","embeddable":true,"href":"https:\/\/modrastijena.com\/me\/wp-json\/wp\/v2\/product_brand?post=26928"},{"taxonomy":"product_oblik","embeddable":true,"href":"https:\/\/modrastijena.com\/me\/wp-json\/wp\/v2\/product_oblik?post=26928"},{"taxonomy":"product_cat","embeddable":true,"href":"https:\/\/modrastijena.com\/me\/wp-json\/wp\/v2\/product_cat?post=26928"},{"taxonomy":"product_tag","embeddable":true,"href":"https:\/\/modrastijena.com\/me\/wp-json\/wp\/v2\/product_tag?post=26928"}],"curies":[{"name":"wp","href":"https:\/\/api.w.org\/{rel}","templated":true}]}}