{"id":26824,"date":"2023-05-12T09:32:36","date_gmt":"2023-05-12T09:32:36","guid":{"rendered":"https:\/\/modrastijena.com\/me\/proizvod\/varia-a-fdh-spartherm\/"},"modified":"2025-02-21T11:44:56","modified_gmt":"2025-02-21T11:44:56","slug":"varia-a-fdh-spartherm","status":"publish","type":"product","link":"https:\/\/modrastijena.com\/me\/proizvod\/varia-a-fdh-spartherm\/","title":{"rendered":"Varia A FDH (Spartherm)"},"content":{"rendered":"<p>Tehni\u010dki podaci:<\/p>\n<ul>\n<li>Dimenzije cm: 101 x 59,6 x 182<\/li>\n<li>Dimenzija lo\u017ei\u0161ta cm (HxLxD): prednje staklo 51,4&#215;67,1 i stra\u017enje staklo 50,7&#215;66,8<\/li>\n<li>Nominalna toplinska snaga kW: 11,6<\/li>\n<li>U\u010dinkovitost-iskoristivost %: 80<\/li>\n<li>Promjer dimnjaka cm: \u00f8 25<\/li>\n<li>Ukupna te\u017eina kg: 265<\/li>\n<\/ul>\n","protected":false},"excerpt":{"rendered":"<p>Tehni\u010dki podaci: Dimenzije cm: 101 x 59,6 x 182 Dimenzija lo\u017ei\u0161ta cm (HxLxD): prednje staklo 51,4&#215;67,1 i stra\u017enje staklo 50,7&#215;66,8 Nominalna toplinska snaga kW: 11,6 U\u010dinkovitost-iskoristivost %: 80 Promjer dimnjaka cm: \u00f8 25 Ukupna te\u017eina kg: 265<\/p>\n","protected":false},"featured_media":10000003077,"template":"","meta":{"_acf_changed":false},"product_brand":[766],"product_oblik":[],"product_cat":[95,96],"product_tag":[97,98,99,100,101,102,103,105,384,341,107,108,109],"class_list":{"0":"post-26824","1":"product","2":"type-product","3":"status-publish","4":"has-post-thumbnail","6":"product_brand-spartherm","7":"product_cat-kamini-i-peci","8":"product_cat-kamini","9":"product_tag-drva","10":"product_tag-fire","11":"product_tag-fireplaces","12":"product_tag-grijanje","13":"product_tag-heating","14":"product_tag-kamin","15":"product_tag-kamin-na-drva","16":"product_tag-modern-fireplaces","17":"product_tag-novo","18":"product_tag-talijanski-kamin","19":"product_tag-ugradbeni-kamin","20":"product_tag-vatra","21":"product_tag-wood","23":"first","24":"instock","25":"shipping-taxable","26":"product-type-simple"},"acf":[],"_links":{"self":[{"href":"https:\/\/modrastijena.com\/me\/wp-json\/wp\/v2\/product\/26824","targetHints":{"allow":["GET"]}}],"collection":[{"href":"https:\/\/modrastijena.com\/me\/wp-json\/wp\/v2\/product"}],"about":[{"href":"https:\/\/modrastijena.com\/me\/wp-json\/wp\/v2\/types\/product"}],"wp:featuredmedia":[{"embeddable":true,"href":"https:\/\/modrastijena.com\/me\/wp-json\/"}],"wp:attachment":[{"href":"https:\/\/modrastijena.com\/me\/wp-json\/wp\/v2\/media?parent=26824"}],"wp:term":[{"taxonomy":"product_brand","embeddable":true,"href":"https:\/\/modrastijena.com\/me\/wp-json\/wp\/v2\/product_brand?post=26824"},{"taxonomy":"product_oblik","embeddable":true,"href":"https:\/\/modrastijena.com\/me\/wp-json\/wp\/v2\/product_oblik?post=26824"},{"taxonomy":"product_cat","embeddable":true,"href":"https:\/\/modrastijena.com\/me\/wp-json\/wp\/v2\/product_cat?post=26824"},{"taxonomy":"product_tag","embeddable":true,"href":"https:\/\/modrastijena.com\/me\/wp-json\/wp\/v2\/product_tag?post=26824"}],"curies":[{"name":"wp","href":"https:\/\/api.w.org\/{rel}","templated":true}]}}