{"id":26821,"date":"2023-05-12T11:28:46","date_gmt":"2023-05-12T11:28:46","guid":{"rendered":"https:\/\/modrastijena.com\/me\/proizvod\/varia-1v-h2o-xxl-spartherm\/"},"modified":"2025-02-21T11:42:48","modified_gmt":"2025-02-21T11:42:48","slug":"varia-1v-h2o-xxl-spartherm","status":"publish","type":"product","link":"https:\/\/modrastijena.com\/me\/proizvod\/varia-1v-h2o-xxl-spartherm\/","title":{"rendered":"Varia 1V H2O XXL (Spartherm)"},"content":{"rendered":"<p>Dodatna u\u010dinkovitost i performanse. Ugradbeni kamin Varia 1V H\u2082O XXL ne samo da dvostruko koristi energiju vatre, ve\u0107 to \u010dini i posebno u\u010dinkovito, posti\u017eu\u0107i impresivan toplinski u\u010dinak do 19,5 kW. Zagrijavanjem vode grija\u010d se mo\u017ee koristiti za grijanje vi\u0161e ili svih prostorija ili \u010dak za grijanje tople vode. S ovim kaminom optimalno se koristi energija ogrjevnog drveta!<\/p>\n<p>Tehni\u010dki podaci:<\/p>\n<ul>\n<li>Dimenzije cm: 101 x 59,6 x 182 cm<\/li>\n<li>Dimenzija vrata cm: 50,7 x 66,8<\/li>\n<li>Nominalna toplinska snaga kW:15 kW<\/li>\n<li>U\u010dinkovitost-iskoristivost %: 80<\/li>\n<li>Promjer dimnjaka cm: \u00f8 25<\/li>\n<li>Ukupna te\u017eina kg: 389<\/li>\n<\/ul>\n","protected":false},"excerpt":{"rendered":"<p>Dodatna u\u010dinkovitost i performanse. Ugradbeni kamin Varia 1V H\u2082O XXL ne samo da dvostruko koristi energiju vatre, ve\u0107 to \u010dini i posebno u\u010dinkovito, posti\u017eu\u0107i impresivan toplinski u\u010dinak do 19,5 kW. Zagrijavanjem vode grija\u010d se mo\u017ee koristiti za grijanje vi\u0161e ili svih prostorija ili \u010dak za grijanje tople vode. S ovim kaminom optimalno se koristi energija [&hellip;]<\/p>\n","protected":false},"featured_media":10000003083,"template":"","meta":{"_acf_changed":false},"product_brand":[766],"product_oblik":[],"product_cat":[95,339],"product_tag":[97,98,99,100,101,102,340,103,105,384,341,107,108,109],"class_list":{"0":"post-26821","1":"product","2":"type-product","3":"status-publish","4":"has-post-thumbnail","6":"product_brand-spartherm","7":"product_cat-kamini-i-peci","8":"product_cat-kamini-za-centralno-grijanje","9":"product_tag-drva","10":"product_tag-fire","11":"product_tag-fireplaces","12":"product_tag-grijanje","13":"product_tag-heating","14":"product_tag-kamin","15":"product_tag-kamin-na-centralno-grijanje","16":"product_tag-kamin-na-drva","17":"product_tag-modern-fireplaces","18":"product_tag-novo","19":"product_tag-talijanski-kamin","20":"product_tag-ugradbeni-kamin","21":"product_tag-vatra","22":"product_tag-wood","24":"first","25":"instock","26":"shipping-taxable","27":"product-type-simple"},"acf":[],"_links":{"self":[{"href":"https:\/\/modrastijena.com\/me\/wp-json\/wp\/v2\/product\/26821","targetHints":{"allow":["GET"]}}],"collection":[{"href":"https:\/\/modrastijena.com\/me\/wp-json\/wp\/v2\/product"}],"about":[{"href":"https:\/\/modrastijena.com\/me\/wp-json\/wp\/v2\/types\/product"}],"wp:featuredmedia":[{"embeddable":true,"href":"https:\/\/modrastijena.com\/me\/wp-json\/"}],"wp:attachment":[{"href":"https:\/\/modrastijena.com\/me\/wp-json\/wp\/v2\/media?parent=26821"}],"wp:term":[{"taxonomy":"product_brand","embeddable":true,"href":"https:\/\/modrastijena.com\/me\/wp-json\/wp\/v2\/product_brand?post=26821"},{"taxonomy":"product_oblik","embeddable":true,"href":"https:\/\/modrastijena.com\/me\/wp-json\/wp\/v2\/product_oblik?post=26821"},{"taxonomy":"product_cat","embeddable":true,"href":"https:\/\/modrastijena.com\/me\/wp-json\/wp\/v2\/product_cat?post=26821"},{"taxonomy":"product_tag","embeddable":true,"href":"https:\/\/modrastijena.com\/me\/wp-json\/wp\/v2\/product_tag?post=26821"}],"curies":[{"name":"wp","href":"https:\/\/api.w.org\/{rel}","templated":true}]}}