{"id":26817,"date":"2023-05-15T09:02:00","date_gmt":"2023-05-15T09:02:00","guid":{"rendered":"https:\/\/modrastijena.com\/me\/proizvod\/marvel-black-grande-60x120-cm-sjaj\/"},"modified":"2024-05-19T10:09:08","modified_gmt":"2024-05-19T10:09:08","slug":"marvel-black-grande-60x120-cm-sjaj","status":"publish","type":"product","link":"https:\/\/modrastijena.com\/me\/proizvod\/marvel-black-grande-60x120-cm-sjaj\/?paket_m2=1.44","title":{"rendered":"Marvel Black Grande 60&#215;120 cm, sjaj"},"content":{"rendered":"<p>Komada u paketu: 2<\/p>\n<p>Paket m\u00b2: 1,44<\/p>\n<p>Te\u017eina paketa kg: 29,75<\/p>\n<p>Debljina: 9 mm<\/p>\n<p>&nbsp;<\/p>\n<p>Cijene su izra\u017eene u konvertibilnim markama po m\u00b2. Kona\u010dna cijena se obra\u010dunava po koli\u010dini\/broju paketa koje naru\u010dujete.<\/p>\n","protected":false},"excerpt":{"rendered":"<p>gres plo\u010dica, 1. klasa, indijski proizvo\u0111a\u010d Icon World of Tile<\/p>\n","protected":false},"featured_media":10000003096,"template":"","meta":{"_acf_changed":false},"product_brand":[738],"product_oblik":[],"product_cat":[54],"product_tag":[313,260,261,262,184,56,189,277,192,147,264,57,314,155,169,220,31,209,266],"class_list":{"0":"post-26817","1":"product","2":"type-product","3":"status-publish","4":"has-post-thumbnail","6":"product_brand-icon-world-of-tile","7":"product_cat-keramika","8":"product_tag-bathroom","9":"product_tag-ceramics","10":"product_tag-floor","11":"product_tag-flooring","12":"product_tag-gres","13":"product_tag-gres-keramika","14":"product_tag-gres-plocice","15":"product_tag-hallway","16":"product_tag-hodnik","17":"product_tag-interijer","18":"product_tag-keramicke-plocice","19":"product_tag-keramika","20":"product_tag-kitchen","21":"product_tag-kuhinja","22":"product_tag-kupaonica","23":"product_tag-oblaganje-poda","24":"product_tag-pod","25":"product_tag-soba","26":"product_tag-tiles","28":"first","29":"instock","30":"shipping-taxable","31":"purchasable","32":"product-type-simple"},"acf":[],"_links":{"self":[{"href":"https:\/\/modrastijena.com\/me\/wp-json\/wp\/v2\/product\/26817","targetHints":{"allow":["GET"]}}],"collection":[{"href":"https:\/\/modrastijena.com\/me\/wp-json\/wp\/v2\/product"}],"about":[{"href":"https:\/\/modrastijena.com\/me\/wp-json\/wp\/v2\/types\/product"}],"wp:featuredmedia":[{"embeddable":true,"href":"https:\/\/modrastijena.com\/me\/wp-json\/"}],"wp:attachment":[{"href":"https:\/\/modrastijena.com\/me\/wp-json\/wp\/v2\/media?parent=26817"}],"wp:term":[{"taxonomy":"product_brand","embeddable":true,"href":"https:\/\/modrastijena.com\/me\/wp-json\/wp\/v2\/product_brand?post=26817"},{"taxonomy":"product_oblik","embeddable":true,"href":"https:\/\/modrastijena.com\/me\/wp-json\/wp\/v2\/product_oblik?post=26817"},{"taxonomy":"product_cat","embeddable":true,"href":"https:\/\/modrastijena.com\/me\/wp-json\/wp\/v2\/product_cat?post=26817"},{"taxonomy":"product_tag","embeddable":true,"href":"https:\/\/modrastijena.com\/me\/wp-json\/wp\/v2\/product_tag?post=26817"}],"curies":[{"name":"wp","href":"https:\/\/api.w.org\/{rel}","templated":true}]}}