{"id":26775,"date":"2023-07-05T07:24:31","date_gmt":"2023-07-05T07:24:31","guid":{"rendered":"https:\/\/modrastijena.com\/me\/proizvod\/firebox-riga-49-frontale\/"},"modified":"2024-08-01T07:45:47","modified_gmt":"2024-08-01T07:45:47","slug":"firebox-riga-49-frontale","status":"publish","type":"product","link":"https:\/\/modrastijena.com\/me\/proizvod\/firebox-riga-49-frontale\/","title":{"rendered":"Firebox Riga 49 Frontale (Edilkamin)"},"content":{"rendered":"<p>Tehni\u010dki podaci:<\/p>\n<ul>\n<li>Dimenzije cm: 71x45x49<\/li>\n<li>Dimenzija lo\u017ei\u0161ta cm: 52x32x21,5<\/li>\n<li>Nominalna toplinska snaga kW: 9,6<\/li>\n<li>U\u010dinkovitost-iskoristivost %: 89,5<\/li>\n<li>Potro\u0161nja goriva(drvo) kg\/h: 2,3<\/li>\n<li>Promjer dimnjaka cm: 20<\/li>\n<li>Ukupna te\u017eina kg: 122<\/li>\n<li>Mogu\u0107nost zagrijavanja m\u00b3: 250<\/li>\n<\/ul>\n","protected":false},"excerpt":{"rendered":"<p>Tehni\u010dki podaci: Dimenzije cm: 71x45x49 Dimenzija lo\u017ei\u0161ta cm: 52x32x21,5 Nominalna toplinska snaga kW: 9,6 U\u010dinkovitost-iskoristivost %: 89,5 Potro\u0161nja goriva(drvo) kg\/h: 2,3 Promjer dimnjaka cm: 20 Ukupna te\u017eina kg: 122 Mogu\u0107nost zagrijavanja m\u00b3: 250<\/p>\n","protected":false},"featured_media":10000003196,"template":"","meta":{"_acf_changed":false},"product_brand":[709],"product_oblik":[],"product_cat":[95,96],"product_tag":[564,565,102,105,108],"class_list":{"0":"post-26775","1":"product","2":"type-product","3":"status-publish","4":"has-post-thumbnail","6":"product_brand-edilkamin","7":"product_cat-kamini-i-peci","8":"product_cat-kamini","9":"product_tag-fireplace","10":"product_tag-grijanje-na-kamin","11":"product_tag-kamin","12":"product_tag-modern-fireplaces","13":"product_tag-vatra","15":"first","16":"instock","17":"shipping-taxable","18":"purchasable","19":"product-type-simple"},"acf":[],"_links":{"self":[{"href":"https:\/\/modrastijena.com\/me\/wp-json\/wp\/v2\/product\/26775","targetHints":{"allow":["GET"]}}],"collection":[{"href":"https:\/\/modrastijena.com\/me\/wp-json\/wp\/v2\/product"}],"about":[{"href":"https:\/\/modrastijena.com\/me\/wp-json\/wp\/v2\/types\/product"}],"wp:featuredmedia":[{"embeddable":true,"href":"https:\/\/modrastijena.com\/me\/wp-json\/"}],"wp:attachment":[{"href":"https:\/\/modrastijena.com\/me\/wp-json\/wp\/v2\/media?parent=26775"}],"wp:term":[{"taxonomy":"product_brand","embeddable":true,"href":"https:\/\/modrastijena.com\/me\/wp-json\/wp\/v2\/product_brand?post=26775"},{"taxonomy":"product_oblik","embeddable":true,"href":"https:\/\/modrastijena.com\/me\/wp-json\/wp\/v2\/product_oblik?post=26775"},{"taxonomy":"product_cat","embeddable":true,"href":"https:\/\/modrastijena.com\/me\/wp-json\/wp\/v2\/product_cat?post=26775"},{"taxonomy":"product_tag","embeddable":true,"href":"https:\/\/modrastijena.com\/me\/wp-json\/wp\/v2\/product_tag?post=26775"}],"curies":[{"name":"wp","href":"https:\/\/api.w.org\/{rel}","templated":true}]}}