{"id":26774,"date":"2023-07-05T08:10:00","date_gmt":"2023-07-05T08:10:00","guid":{"rendered":"https:\/\/modrastijena.com\/me\/proizvod\/windo-100-bianco\/"},"modified":"2024-08-01T07:34:48","modified_gmt":"2024-08-01T07:34:48","slug":"windo-100-bianco","status":"publish","type":"product","link":"https:\/\/modrastijena.com\/me\/proizvod\/windo-100-bianco\/","title":{"rendered":"Windo 100 Bianco (Edilkamin)"},"content":{"rendered":"<p>Tehni\u010dki podaci:<\/p>\n<ul>\n<li>Dimenzije cm: 123x53x135<\/li>\n<li>Dimenzija lo\u017ei\u0161ta cm: 94x31x45<\/li>\n<li>Nominalna toplinska snaga kW: 18<\/li>\n<li>U\u010dinkovitost-iskoristivost %: 78<\/li>\n<li>Potro\u0161nja goriva(drvo) kg\/h: 5<\/li>\n<li>Promjer dimnjaka cm: 18<\/li>\n<li>Ukupna te\u017eina kg: 380<\/li>\n<li>Mogu\u0107nost zagrijavanja m\u00b3: 470<\/li>\n<\/ul>\n","protected":false},"excerpt":{"rendered":"<p>Tehni\u010dki podaci: Dimenzije cm: 123x53x135 Dimenzija lo\u017ei\u0161ta cm: 94x31x45 Nominalna toplinska snaga kW: 18 U\u010dinkovitost-iskoristivost %: 78 Potro\u0161nja goriva(drvo) kg\/h: 5 Promjer dimnjaka cm: 18 Ukupna te\u017eina kg: 380 Mogu\u0107nost zagrijavanja m\u00b3: 470<\/p>\n","protected":false},"featured_media":10000003198,"template":"","meta":{"_acf_changed":false},"product_brand":[709],"product_oblik":[],"product_cat":[95,96],"product_tag":[97,564,100,570,102,103,571,572,108],"class_list":{"0":"post-26774","1":"product","2":"type-product","3":"status-publish","4":"has-post-thumbnail","6":"product_brand-edilkamin","7":"product_cat-kamini-i-peci","8":"product_cat-kamini","9":"product_tag-drva","10":"product_tag-fireplace","11":"product_tag-grijanje","12":"product_tag-interior-design","13":"product_tag-kamin","14":"product_tag-kamin-na-drva","15":"product_tag-modern-fireplace","16":"product_tag-modern-interioe","17":"product_tag-vatra","19":"first","20":"instock","21":"shipping-taxable","22":"purchasable","23":"product-type-simple"},"acf":[],"_links":{"self":[{"href":"https:\/\/modrastijena.com\/me\/wp-json\/wp\/v2\/product\/26774","targetHints":{"allow":["GET"]}}],"collection":[{"href":"https:\/\/modrastijena.com\/me\/wp-json\/wp\/v2\/product"}],"about":[{"href":"https:\/\/modrastijena.com\/me\/wp-json\/wp\/v2\/types\/product"}],"wp:featuredmedia":[{"embeddable":true,"href":"https:\/\/modrastijena.com\/me\/wp-json\/"}],"wp:attachment":[{"href":"https:\/\/modrastijena.com\/me\/wp-json\/wp\/v2\/media?parent=26774"}],"wp:term":[{"taxonomy":"product_brand","embeddable":true,"href":"https:\/\/modrastijena.com\/me\/wp-json\/wp\/v2\/product_brand?post=26774"},{"taxonomy":"product_oblik","embeddable":true,"href":"https:\/\/modrastijena.com\/me\/wp-json\/wp\/v2\/product_oblik?post=26774"},{"taxonomy":"product_cat","embeddable":true,"href":"https:\/\/modrastijena.com\/me\/wp-json\/wp\/v2\/product_cat?post=26774"},{"taxonomy":"product_tag","embeddable":true,"href":"https:\/\/modrastijena.com\/me\/wp-json\/wp\/v2\/product_tag?post=26774"}],"curies":[{"name":"wp","href":"https:\/\/api.w.org\/{rel}","templated":true}]}}