{"id":26771,"date":"2023-07-05T11:14:53","date_gmt":"2023-07-05T11:14:53","guid":{"rendered":"https:\/\/modrastijena.com\/me\/proizvod\/ic-tekno-1-n-edilkamin\/"},"modified":"2024-11-21T09:50:23","modified_gmt":"2024-11-21T09:50:23","slug":"ic-tekno-1-n-edilkamin","status":"publish","type":"product","link":"https:\/\/modrastijena.com\/me\/proizvod\/ic-tekno-1-n-edilkamin\/","title":{"rendered":"IC Tekno 1 N (Edilkamin)"},"content":{"rendered":"<p>Tehni\u010dki podaci:<\/p>\n<ul>\n<li>Dimenzije cm: 93&#215;63,5&#215;155<\/li>\n<li>Dimenzija lo\u017ei\u0161ta cm: 75x48x50<\/li>\n<li>Nominalna toplinska snaga kW: 15,2<\/li>\n<li>U\u010dinkovitost \u2013 iskoristivost %: 78<\/li>\n<li>Potro\u0161nja goriva(drvo) kg\/h: 4,2<\/li>\n<li>Promjer dimnjaka \u00d8 cm: 20<\/li>\n<li>Ukupna te\u017eina kg: 248<\/li>\n<li>Mogu\u0107nost zagrijavanja m\u00b3: 395<\/li>\n<\/ul>\n","protected":false},"excerpt":{"rendered":"<p>Tehni\u010dki podaci: Dimenzije cm: 93&#215;63,5&#215;155 Dimenzija lo\u017ei\u0161ta cm: 75x48x50 Nominalna toplinska snaga kW: 15,2 U\u010dinkovitost \u2013 iskoristivost %: 78 Potro\u0161nja goriva(drvo) kg\/h: 4,2 Promjer dimnjaka \u00d8 cm: 20 Ukupna te\u017eina kg: 248 Mogu\u0107nost zagrijavanja m\u00b3: 395<\/p>\n","protected":false},"featured_media":10000003205,"template":"","meta":{"_acf_changed":false},"product_brand":[709],"product_oblik":[],"product_cat":[95,96],"product_tag":[564,100,565,101,102,561,341],"class_list":{"0":"post-26771","1":"product","2":"type-product","3":"status-publish","4":"has-post-thumbnail","6":"product_brand-edilkamin","7":"product_cat-kamini-i-peci","8":"product_cat-kamini","9":"product_tag-fireplace","10":"product_tag-grijanje","11":"product_tag-grijanje-na-kamin","12":"product_tag-heating","13":"product_tag-kamin","14":"product_tag-moderan-dizajn","15":"product_tag-talijanski-kamin","17":"first","18":"instock","19":"shipping-taxable","20":"purchasable","21":"product-type-simple"},"acf":[],"_links":{"self":[{"href":"https:\/\/modrastijena.com\/me\/wp-json\/wp\/v2\/product\/26771","targetHints":{"allow":["GET"]}}],"collection":[{"href":"https:\/\/modrastijena.com\/me\/wp-json\/wp\/v2\/product"}],"about":[{"href":"https:\/\/modrastijena.com\/me\/wp-json\/wp\/v2\/types\/product"}],"wp:featuredmedia":[{"embeddable":true,"href":"https:\/\/modrastijena.com\/me\/wp-json\/"}],"wp:attachment":[{"href":"https:\/\/modrastijena.com\/me\/wp-json\/wp\/v2\/media?parent=26771"}],"wp:term":[{"taxonomy":"product_brand","embeddable":true,"href":"https:\/\/modrastijena.com\/me\/wp-json\/wp\/v2\/product_brand?post=26771"},{"taxonomy":"product_oblik","embeddable":true,"href":"https:\/\/modrastijena.com\/me\/wp-json\/wp\/v2\/product_oblik?post=26771"},{"taxonomy":"product_cat","embeddable":true,"href":"https:\/\/modrastijena.com\/me\/wp-json\/wp\/v2\/product_cat?post=26771"},{"taxonomy":"product_tag","embeddable":true,"href":"https:\/\/modrastijena.com\/me\/wp-json\/wp\/v2\/product_tag?post=26771"}],"curies":[{"name":"wp","href":"https:\/\/api.w.org\/{rel}","templated":true}]}}