{"id":26760,"date":"2023-07-07T13:21:25","date_gmt":"2023-07-07T13:21:25","guid":{"rendered":"https:\/\/modrastijena.com\/me\/proizvod\/sensi-white-sand-40x80\/"},"modified":"2024-12-11T08:19:07","modified_gmt":"2024-12-11T08:19:07","slug":"sensi-white-sand-40x80","status":"publish","type":"product","link":"https:\/\/modrastijena.com\/me\/proizvod\/sensi-white-sand-40x80\/?paket_m2=0.96","title":{"rendered":"Sensi White Sand 40&#215;80 cm"},"content":{"rendered":"<p><span lang=\"HR\">Komada u paketu: 3<\/span><\/p>\n<p><span lang=\"HR\">Paket m\u00b2: 0,96<\/span><\/p>\n<p><span lang=\"HR\">Te\u017eina paketa: 21,00 kg<\/span><\/p>\n<p>Debljina plo\u010dice: 9 mm<\/p>\n<p>&nbsp;<\/p>\n<p>&nbsp;<\/p>\n<p>Cijene su izra\u017eene u konvertibilnim markama po m\u00b2. Kona\u010dna cijena se obra\u010dunava po koli\u010dini\/broju paketa koju naru\u010dujete.<\/p>\n","protected":false},"excerpt":{"rendered":"<p>gres plo\u010dica, komercijalna klasa, talijanska keramika Florim<\/p>\n","protected":false},"featured_media":10000003239,"template":"","meta":{"_acf_changed":false},"product_brand":[710],"product_oblik":[],"product_cat":[54],"product_tag":[145,261,184,56,189,57,220,170],"class_list":{"0":"post-26760","1":"product","2":"type-product","3":"status-publish","4":"has-post-thumbnail","6":"product_brand-florim","7":"product_cat-keramika","8":"product_tag-dnevni-boravak","9":"product_tag-floor","10":"product_tag-gres","11":"product_tag-gres-keramika","12":"product_tag-gres-plocice","13":"product_tag-keramika","14":"product_tag-oblaganje-poda","15":"product_tag-zidna-keramika","17":"first","18":"outofstock","19":"shipping-taxable","20":"purchasable","21":"product-type-simple"},"acf":[],"_links":{"self":[{"href":"https:\/\/modrastijena.com\/me\/wp-json\/wp\/v2\/product\/26760","targetHints":{"allow":["GET"]}}],"collection":[{"href":"https:\/\/modrastijena.com\/me\/wp-json\/wp\/v2\/product"}],"about":[{"href":"https:\/\/modrastijena.com\/me\/wp-json\/wp\/v2\/types\/product"}],"wp:featuredmedia":[{"embeddable":true,"href":"https:\/\/modrastijena.com\/me\/wp-json\/"}],"wp:attachment":[{"href":"https:\/\/modrastijena.com\/me\/wp-json\/wp\/v2\/media?parent=26760"}],"wp:term":[{"taxonomy":"product_brand","embeddable":true,"href":"https:\/\/modrastijena.com\/me\/wp-json\/wp\/v2\/product_brand?post=26760"},{"taxonomy":"product_oblik","embeddable":true,"href":"https:\/\/modrastijena.com\/me\/wp-json\/wp\/v2\/product_oblik?post=26760"},{"taxonomy":"product_cat","embeddable":true,"href":"https:\/\/modrastijena.com\/me\/wp-json\/wp\/v2\/product_cat?post=26760"},{"taxonomy":"product_tag","embeddable":true,"href":"https:\/\/modrastijena.com\/me\/wp-json\/wp\/v2\/product_tag?post=26760"}],"curies":[{"name":"wp","href":"https:\/\/api.w.org\/{rel}","templated":true}]}}