{"id":26745,"date":"2023-07-20T09:07:28","date_gmt":"2023-07-20T09:07:28","guid":{"rendered":"https:\/\/modrastijena.com\/me\/proizvod\/milton-light-23120cm\/"},"modified":"2024-05-19T10:08:01","modified_gmt":"2024-05-19T10:08:01","slug":"milton-light-23120cm","status":"publish","type":"product","link":"https:\/\/modrastijena.com\/me\/proizvod\/milton-light-23120cm\/?paket_m2=1.118","title":{"rendered":"Milton Light 23&#215;120 cm"},"content":{"rendered":"<p><span lang=\"HR\">Komada u paketu: 4<\/span><\/p>\n<p><span lang=\"HR\">Paket m<strong>\u00b2<\/strong>: 1,118<\/span><\/p>\n<p><span lang=\"HR\">Te\u017eina paketa: 22,78 kg<\/span><\/p>\n<p>&nbsp;<\/p>\n<p>&nbsp;<\/p>\n<p>Cijene su izra\u017eene u konvertibilnim markama po m\u00b2. Kona\u010dna cijena se obra\u010dunava po koli\u010dini\/broju paketa koju naru\u010dujete.<\/p>\n","protected":false},"excerpt":{"rendered":"<p>Komada u paketu: 4 Paket m\u00b2: 1,118 Te\u017eina paketa: 22,78 kg &nbsp; &nbsp; Cijene su izra\u017eene u konvertibilnim markama po m\u00b2. Kona\u010dna cijena se obra\u010dunava po koli\u010dini\/broju paketa koju naru\u010dujete.<\/p>\n","protected":false},"featured_media":10000003277,"template":"","meta":{"_acf_changed":false},"product_brand":[768],"product_oblik":[],"product_cat":[54],"product_tag":[260,57,220,221,174,178,170,182],"class_list":{"0":"post-26745","1":"product","2":"type-product","3":"status-publish","4":"has-post-thumbnail","6":"product_brand-vitacer","7":"product_cat-keramika","8":"product_tag-ceramics","9":"product_tag-keramika","10":"product_tag-oblaganje-poda","11":"product_tag-oblaganje-zida","12":"product_tag-plocice","13":"product_tag-podna-keramika","14":"product_tag-zidna-keramika","15":"product_tag-zidne-plocice","17":"first","18":"instock","19":"shipping-taxable","20":"purchasable","21":"product-type-simple"},"acf":[],"_links":{"self":[{"href":"https:\/\/modrastijena.com\/me\/wp-json\/wp\/v2\/product\/26745","targetHints":{"allow":["GET"]}}],"collection":[{"href":"https:\/\/modrastijena.com\/me\/wp-json\/wp\/v2\/product"}],"about":[{"href":"https:\/\/modrastijena.com\/me\/wp-json\/wp\/v2\/types\/product"}],"wp:featuredmedia":[{"embeddable":true,"href":"https:\/\/modrastijena.com\/me\/wp-json\/"}],"wp:attachment":[{"href":"https:\/\/modrastijena.com\/me\/wp-json\/wp\/v2\/media?parent=26745"}],"wp:term":[{"taxonomy":"product_brand","embeddable":true,"href":"https:\/\/modrastijena.com\/me\/wp-json\/wp\/v2\/product_brand?post=26745"},{"taxonomy":"product_oblik","embeddable":true,"href":"https:\/\/modrastijena.com\/me\/wp-json\/wp\/v2\/product_oblik?post=26745"},{"taxonomy":"product_cat","embeddable":true,"href":"https:\/\/modrastijena.com\/me\/wp-json\/wp\/v2\/product_cat?post=26745"},{"taxonomy":"product_tag","embeddable":true,"href":"https:\/\/modrastijena.com\/me\/wp-json\/wp\/v2\/product_tag?post=26745"}],"curies":[{"name":"wp","href":"https:\/\/api.w.org\/{rel}","templated":true}]}}