{"id":26727,"date":"2023-09-15T08:48:42","date_gmt":"2023-09-15T08:48:42","guid":{"rendered":"https:\/\/modrastijena.com\/me\/proizvod\/i-naturali-statuarietto-luc-bookmatch-xl-12cm\/"},"modified":"2025-08-05T11:42:16","modified_gmt":"2025-08-05T11:42:16","slug":"i-naturali-statuarietto-luc-bookmatch-xl-12cm","status":"publish","type":"product","link":"https:\/\/modrastijena.com\/me\/proizvod\/i-naturali-statuarietto-luc-bookmatch-xl-12cm\/","title":{"rendered":"I Naturali Statuarietto luc 324x162x1,2 cm"},"content":{"rendered":"<p>Veliki formati keramike predstavljaju revoluciju u svijetu keramike te su zavladale u arhitekturi i dizajnu interijera i eksterijera. Omogu\u0107uju oblaganje zidova, podova i namje\u0161taja. Zbog dobrih tehni\u010dkih svojstava kao \u0161to su otpornost na ogrebotine, habanje, otpornost na upijanje, visoke temperature i pogodnost za kontakt sa hranom sve se vi\u0161e koriste kao radne plo\u010de u kuhinji, za izradu stolova, radnih povr\u0161ina u kupaonici, oblaganje stepenica, oblaganje kamina, izradu za\u0161titnih plo\u010da ispod pe\u0107i i dekoraciju zidova.<\/p>\n<p>&nbsp;<\/p>\n<p><strong>Napomena:<\/strong><br \/>\nProvjerite dostupnost u prodajnim salonima Modre Stijene.<br \/>\nFotografije ne moraju nu\u017eno u potpunosti odgovarati stvarnom izgledu proizvoda<\/p>\n","protected":false},"excerpt":{"rendered":"<p>Veliki formati keramike predstavljaju revoluciju u svijetu keramike te su zavladale u arhitekturi i dizajnu interijera i eksterijera. Omogu\u0107uju oblaganje zidova, podova i namje\u0161taja. Zbog dobrih tehni\u010dkih svojstava kao \u0161to su otpornost na ogrebotine, habanje, otpornost na upijanje, visoke temperature i pogodnost za kontakt sa hranom sve se vi\u0161e koriste kao radne plo\u010de u kuhinji, [&hellip;]<\/p>\n","protected":false},"featured_media":100000028118,"template":"","meta":{"_acf_changed":false},"product_brand":[741],"product_oblik":[],"product_cat":[218],"product_tag":[589,260,57,155,477,221,851,852,34,35,222,556,224],"class_list":{"0":"post-26727","1":"product","2":"type-product","3":"status-publish","4":"has-post-thumbnail","6":"product_brand-laminam","7":"product_cat-veliki-formati","8":"product_tag-big-slabs","9":"product_tag-ceramics","10":"product_tag-keramika","11":"product_tag-kuhinja","12":"product_tag-oblaganje-keramikom","13":"product_tag-oblaganje-zida","14":"product_tag-ostrvo","15":"product_tag-otok","16":"product_tag-radna-ploca","17":"product_tag-sank","18":"product_tag-stolovi","19":"product_tag-umivaonik","20":"product_tag-veliki-formati","22":"first","23":"instock","24":"shipping-taxable","25":"product-type-simple"},"acf":[],"_links":{"self":[{"href":"https:\/\/modrastijena.com\/me\/wp-json\/wp\/v2\/product\/26727","targetHints":{"allow":["GET"]}}],"collection":[{"href":"https:\/\/modrastijena.com\/me\/wp-json\/wp\/v2\/product"}],"about":[{"href":"https:\/\/modrastijena.com\/me\/wp-json\/wp\/v2\/types\/product"}],"wp:featuredmedia":[{"embeddable":true,"href":"https:\/\/modrastijena.com\/me\/wp-json\/"}],"wp:attachment":[{"href":"https:\/\/modrastijena.com\/me\/wp-json\/wp\/v2\/media?parent=26727"}],"wp:term":[{"taxonomy":"product_brand","embeddable":true,"href":"https:\/\/modrastijena.com\/me\/wp-json\/wp\/v2\/product_brand?post=26727"},{"taxonomy":"product_oblik","embeddable":true,"href":"https:\/\/modrastijena.com\/me\/wp-json\/wp\/v2\/product_oblik?post=26727"},{"taxonomy":"product_cat","embeddable":true,"href":"https:\/\/modrastijena.com\/me\/wp-json\/wp\/v2\/product_cat?post=26727"},{"taxonomy":"product_tag","embeddable":true,"href":"https:\/\/modrastijena.com\/me\/wp-json\/wp\/v2\/product_tag?post=26727"}],"curies":[{"name":"wp","href":"https:\/\/api.w.org\/{rel}","templated":true}]}}