{"id":26655,"date":"2024-02-06T10:41:14","date_gmt":"2024-02-06T10:41:14","guid":{"rendered":"https:\/\/modrastijena.com\/me\/proizvod\/pietra-grey-gres-20mm-o-70cm-mat-klasicna-obrada\/"},"modified":"2024-08-09T13:23:58","modified_gmt":"2024-08-09T13:23:58","slug":"pietra-grey-gres-20mm-o-70cm-mat-klasicna-obrada","status":"publish","type":"product","link":"https:\/\/modrastijena.com\/me\/proizvod\/pietra-grey-gres-20mm-o-70cm-mat-klasicna-obrada\/","title":{"rendered":"Gres Pietra Grey 20mm, fi50cm, mat, 2600302040"},"content":{"rendered":"<p>Naziv materijala: Pietra Grey gres keramika (Laminam Italija 1.klasa)<br \/>\nObrada povr\u0161ine: mat<br \/>\nDimenzija plo\u010da: \u00f8 70 cm<br \/>\nDebljina plo\u010de: 2 cm<br \/>\nVrsta obrade: klasi\u010dna<\/p>\n<p>Mogu\u0107nosti kupovine:<br \/>\n\u2013 kupovina gotove plo\u010de i postolja<br \/>\n\u2013 kupovina samo gotove plo\u010de<\/p>\n","protected":false},"excerpt":{"rendered":"<p>Naziv materijala: Pietra Grey gres keramika (Laminam Italija 1.klasa) Obrada povr\u0161ine: mat Dimenzija plo\u010da: \u00f8 70 cm Debljina plo\u010de: 2 cm Vrsta obrade: klasi\u010dna Mogu\u0107nosti kupovine: \u2013 kupovina gotove plo\u010de i postolja \u2013 kupovina samo gotove plo\u010de<\/p>\n","protected":false},"featured_media":100000026713,"template":"","meta":{"_acf_changed":false},"product_brand":[],"product_oblik":[792],"product_cat":[789],"product_tag":[],"class_list":{"0":"post-26655","1":"product","2":"type-product","3":"status-publish","4":"has-post-thumbnail","6":"product_oblik-okrugli","7":"product_cat-gotove-ploce-za-stol","9":"first","10":"instock","11":"shipping-taxable","12":"purchasable","13":"product-type-simple"},"acf":[],"_links":{"self":[{"href":"https:\/\/modrastijena.com\/me\/wp-json\/wp\/v2\/product\/26655","targetHints":{"allow":["GET"]}}],"collection":[{"href":"https:\/\/modrastijena.com\/me\/wp-json\/wp\/v2\/product"}],"about":[{"href":"https:\/\/modrastijena.com\/me\/wp-json\/wp\/v2\/types\/product"}],"wp:featuredmedia":[{"embeddable":true,"href":"https:\/\/modrastijena.com\/me\/wp-json\/"}],"wp:attachment":[{"href":"https:\/\/modrastijena.com\/me\/wp-json\/wp\/v2\/media?parent=26655"}],"wp:term":[{"taxonomy":"product_brand","embeddable":true,"href":"https:\/\/modrastijena.com\/me\/wp-json\/wp\/v2\/product_brand?post=26655"},{"taxonomy":"product_oblik","embeddable":true,"href":"https:\/\/modrastijena.com\/me\/wp-json\/wp\/v2\/product_oblik?post=26655"},{"taxonomy":"product_cat","embeddable":true,"href":"https:\/\/modrastijena.com\/me\/wp-json\/wp\/v2\/product_cat?post=26655"},{"taxonomy":"product_tag","embeddable":true,"href":"https:\/\/modrastijena.com\/me\/wp-json\/wp\/v2\/product_tag?post=26655"}],"curies":[{"name":"wp","href":"https:\/\/api.w.org\/{rel}","templated":true}]}}