{"id":20366,"date":"2023-10-20T20:35:07","date_gmt":"2023-10-20T20:35:07","guid":{"rendered":"https:\/\/modrastijena.com\/me\/?page_id=20366"},"modified":"2023-12-13T00:09:14","modified_gmt":"2023-12-13T00:09:14","slug":"karijera","status":"publish","type":"page","link":"https:\/\/modrastijena.com\/me\/karijera\/","title":{"rendered":"Karijera"},"content":{"rendered":"\t\t<div data-elementor-type=\"wp-page\" data-elementor-id=\"20366\" class=\"elementor elementor-20366\" data-elementor-post-type=\"page\">\n\t\t\t\t<div class=\"elementor-element elementor-element-ee7175f e-flex e-con-boxed e-con e-parent\" data-id=\"ee7175f\" data-element_type=\"container\">\n\t\t\t\t\t<div class=\"e-con-inner\">\n\t\t\t\t<div class=\"elementor-element elementor-element-c776175 elementor-widget elementor-widget-woocommerce-breadcrumb\" data-id=\"c776175\" data-element_type=\"widget\" data-widget_type=\"woocommerce-breadcrumb.default\">\n\t\t\t\t<div class=\"elementor-widget-container\">\n\t\t\t\t\t<nav class=\"woocommerce-breadcrumb\" aria-label=\"Breadcrumb\">Po\u010detna<\/nav>\t\t\t\t<\/div>\n\t\t\t\t<\/div>\n\t\t\t\t<div class=\"elementor-element elementor-element-19ef466 elementor-widget-divider--view-line elementor-widget elementor-widget-divider\" data-id=\"19ef466\" data-element_type=\"widget\" data-widget_type=\"divider.default\">\n\t\t\t\t<div class=\"elementor-widget-container\">\n\t\t\t\t\t\t\t<div class=\"elementor-divider\">\n\t\t\t<span class=\"elementor-divider-separator\">\n\t\t\t\t\t\t<\/span>\n\t\t<\/div>\n\t\t\t\t\t\t<\/div>\n\t\t\t\t<\/div>\n\t\t\t\t\t<\/div>\n\t\t\t\t<\/div>\n\t\t<div class=\"elementor-element elementor-element-544eb4e e-flex e-con-boxed e-con e-parent\" data-id=\"544eb4e\" data-element_type=\"container\">\n\t\t\t\t\t<div class=\"e-con-inner\">\n\t\t<div class=\"elementor-element elementor-element-6dd9e20 e-con-full e-flex e-con e-child\" data-id=\"6dd9e20\" data-element_type=\"container\">\n\t\t\t\t<div class=\"elementor-element elementor-element-68a4b43 elementor-widget elementor-widget-heading\" data-id=\"68a4b43\" data-element_type=\"widget\" data-widget_type=\"heading.default\">\n\t\t\t\t<div class=\"elementor-widget-container\">\n\t\t\t\t\t<h2 class=\"elementor-heading-title elementor-size-default\">POSTANI I TI DIO NA\u0160EG TIMA<\/h2>\t\t\t\t<\/div>\n\t\t\t\t<\/div>\n\t\t\t\t<div class=\"elementor-element elementor-element-051257e elementor-widget elementor-widget-text-editor\" data-id=\"051257e\" data-element_type=\"widget\" data-widget_type=\"text-editor.default\">\n\t\t\t\t<div class=\"elementor-widget-container\">\n\t\t\t\t\t\t\t\t\t<p>U Modroj Stijeni, posao je vi\u0161e od obaveze &#8211; to je prilika za kreativno izra\u017eavanje, rast i zajedni\u010dko stvaranje remek-djela od kamena. Na\u0161a radna kultura isti\u010de timski duh, usavr\u0161avanje i vrednovanje na\u0161ih dragocjenih zaposlenika.<\/p>\t\t\t\t\t\t\t\t<\/div>\n\t\t\t\t<\/div>\n\t\t\t\t<div class=\"elementor-element elementor-element-ba7d949 elementor-widget elementor-widget-text-editor\" data-id=\"ba7d949\" data-element_type=\"widget\" data-widget_type=\"text-editor.default\">\n\t\t\t\t<div class=\"elementor-widget-container\">\n\t\t\t\t\t\t\t\t\t<p>Timski rad je srce na\u0161eg poslovanja. Svaki \u010dlan na\u0161eg tima igra klju\u010dnu ulogu u svakom koraku na\u0161eg stvarala\u010dkog procesa. Suradnja, podr\u0161ka i dijeljenje znanja \u010dine nas ja\u010dima. Usavr\u0161avanje je na\u0161a investicija u budu\u0107nost. Stalno tra\u017eimo nove na\u010dine kako bismo obogatili znanje i vje\u0161tine na\u0161ih zaposlenika. Od tehni\u010dkih treninga do kreativnih radionica, poti\u010demo rast i razvoj. Na\u0161i zaposlenici su najvrijedniji resurs. Njihova strast, inovativnost i predanost \u010dine Modru Stijenu onim \u0161to jeste. Njihova raznolikost i iskustva oblikuju na\u0161u stvarala\u010dku raznolikost. Na\u0161a kultura temelji se na vrijednostima kao \u0161to su integritet, kreativnost, predanost i strast prema kamenu. Ove vrijednosti nas usmjeravaju i poma\u017eu nam postizati izvanredne rezultate.<\/p>\t\t\t\t\t\t\t\t<\/div>\n\t\t\t\t<\/div>\n\t\t\t\t<div class=\"elementor-element elementor-element-b02b83a elementor-button-align-start elementor-widget__width-initial cv-forma elementor-widget elementor-widget-form\" data-id=\"b02b83a\" data-element_type=\"widget\" data-settings=\"{&quot;step_next_label&quot;:&quot;Next&quot;,&quot;step_previous_label&quot;:&quot;Previous&quot;,&quot;button_width&quot;:&quot;100&quot;,&quot;step_type&quot;:&quot;number_text&quot;,&quot;step_icon_shape&quot;:&quot;circle&quot;}\" data-widget_type=\"form.default\">\n\t\t\t\t<div class=\"elementor-widget-container\">\n\t\t\t\t\t\t\t<form class=\"elementor-form\" method=\"post\" name=\"Karijera\" aria-label=\"Karijera\">\n\t\t\t<input type=\"hidden\" name=\"post_id\" value=\"20366\"\/>\n\t\t\t<input type=\"hidden\" name=\"form_id\" value=\"b02b83a\"\/>\n\t\t\t<input type=\"hidden\" name=\"referer_title\" value=\"\" \/>\n\n\t\t\t\n\t\t\t<div class=\"elementor-form-fields-wrapper elementor-labels-\">\n\t\t\t\t\t\t\t\t<div class=\"elementor-field-type-text elementor-field-group elementor-column elementor-field-group-ime elementor-col-50\">\n\t\t\t\t\t\t\t\t\t\t\t\t<label for=\"form-field-ime\" class=\"elementor-field-label elementor-screen-only\">\n\t\t\t\t\t\t\t\tIME\t\t\t\t\t\t\t<\/label>\n\t\t\t\t\t\t\t\t\t\t\t\t\t\t<input size=\"1\" type=\"text\" name=\"form_fields[ime]\" id=\"form-field-ime\" class=\"elementor-field elementor-size-md  elementor-field-textual\" placeholder=\"IME\">\n\t\t\t\t\t\t\t\t\t\t\t<\/div>\n\t\t\t\t\t\t\t\t<div class=\"elementor-field-type-text elementor-field-group elementor-column elementor-field-group-prezime elementor-col-50\">\n\t\t\t\t\t\t\t\t\t\t\t\t<label for=\"form-field-prezime\" class=\"elementor-field-label elementor-screen-only\">\n\t\t\t\t\t\t\t\tPREZIME\t\t\t\t\t\t\t<\/label>\n\t\t\t\t\t\t\t\t\t\t\t\t\t\t<input size=\"1\" type=\"text\" name=\"form_fields[prezime]\" id=\"form-field-prezime\" class=\"elementor-field elementor-size-md  elementor-field-textual\" placeholder=\"PREZIME\">\n\t\t\t\t\t\t\t\t\t\t\t<\/div>\n\t\t\t\t\t\t\t\t<div class=\"elementor-field-type-tel elementor-field-group elementor-column elementor-field-group-kontakt elementor-col-50 elementor-field-required\">\n\t\t\t\t\t\t\t\t\t\t\t\t<label for=\"form-field-kontakt\" class=\"elementor-field-label elementor-screen-only\">\n\t\t\t\t\t\t\t\tKONTAKT\t\t\t\t\t\t\t<\/label>\n\t\t\t\t\t\t\t\t<input size=\"1\" type=\"tel\" name=\"form_fields[kontakt]\" id=\"form-field-kontakt\" class=\"elementor-field elementor-size-md  elementor-field-textual\" placeholder=\"KONTAKT\" required=\"required\" pattern=\"[0-9()#&amp;+*-=.]+\" title=\"Only numbers and phone characters (#, -, *, etc) are accepted.\">\n\n\t\t\t\t\t\t<\/div>\n\t\t\t\t\t\t\t\t<div class=\"elementor-field-type-email elementor-field-group elementor-column elementor-field-group-email elementor-col-50 elementor-field-required\">\n\t\t\t\t\t\t\t\t\t\t\t\t<label for=\"form-field-email\" class=\"elementor-field-label elementor-screen-only\">\n\t\t\t\t\t\t\t\tE-MAIL\t\t\t\t\t\t\t<\/label>\n\t\t\t\t\t\t\t\t\t\t\t\t\t\t<input size=\"1\" type=\"email\" name=\"form_fields[email]\" id=\"form-field-email\" class=\"elementor-field elementor-size-md  elementor-field-textual\" placeholder=\"E-MAIL\" required=\"required\">\n\t\t\t\t\t\t\t\t\t\t\t<\/div>\n\t\t\t\t\t\t\t\t<div class=\"elementor-field-type-text elementor-field-group elementor-column elementor-field-group-field_1186cf4 elementor-col-50 elementor-field-required\">\n\t\t\t\t\t\t\t\t\t\t\t\t<label for=\"form-field-field_1186cf4\" class=\"elementor-field-label elementor-screen-only\">\n\t\t\t\t\t\t\t\tOBRAZOVANJE\t\t\t\t\t\t\t<\/label>\n\t\t\t\t\t\t\t\t\t\t\t\t\t\t<input size=\"1\" type=\"text\" name=\"form_fields[field_1186cf4]\" id=\"form-field-field_1186cf4\" class=\"elementor-field elementor-size-md  elementor-field-textual\" placeholder=\"OBRAZOVANJE\" required=\"required\">\n\t\t\t\t\t\t\t\t\t\t\t<\/div>\n\t\t\t\t\t\t\t\t<div class=\"elementor-field-type-text elementor-field-group elementor-column elementor-field-group-field_2b87d34 elementor-col-50 elementor-field-required\">\n\t\t\t\t\t\t\t\t\t\t\t\t<label for=\"form-field-field_2b87d34\" class=\"elementor-field-label elementor-screen-only\">\n\t\t\t\t\t\t\t\tSPREMA\t\t\t\t\t\t\t<\/label>\n\t\t\t\t\t\t\t\t\t\t\t\t\t\t<input size=\"1\" type=\"text\" name=\"form_fields[field_2b87d34]\" id=\"form-field-field_2b87d34\" class=\"elementor-field elementor-size-md  elementor-field-textual\" placeholder=\"SPREMA\" required=\"required\">\n\t\t\t\t\t\t\t\t\t\t\t<\/div>\n\t\t\t\t\t\t\t\t<div class=\"elementor-field-type-textarea elementor-field-group elementor-column elementor-field-group-message elementor-col-100\">\n\t\t\t\t\t\t\t\t\t\t\t\t<label for=\"form-field-message\" class=\"elementor-field-label elementor-screen-only\">\n\t\t\t\t\t\t\t\tISKUSTVO\t\t\t\t\t\t\t<\/label>\n\t\t\t\t\t\t<textarea class=\"elementor-field-textual elementor-field  elementor-size-md\" name=\"form_fields[message]\" id=\"form-field-message\" rows=\"4\" placeholder=\"ISKUSTVO..\"><\/textarea>\t\t\t\t<\/div>\n\t\t\t\t\t\t\t\t<div class=\"elementor-field-type-upload elementor-field-group elementor-column elementor-field-group-field_0630ac2 elementor-col-100\">\n\t\t\t\t\t\t\t\t\t\t\t\t<label for=\"form-field-field_0630ac2\" class=\"elementor-field-label elementor-screen-only\">\n\t\t\t\t\t\t\t\tCV \/ \u017dIVOTOPIS\t\t\t\t\t\t\t<\/label>\n\t\t\t\t\t\t\t\t<input type=\"file\" name=\"form_fields[field_0630ac2][]\" id=\"form-field-field_0630ac2\" class=\"elementor-field elementor-size-md  elementor-upload-field\" multiple=\"multiple\" data-maxsize=\"1\" data-maxsize-message=\"This file exceeds the maximum allowed size.\">\n\n\t\t\t\t\t\t<\/div>\n\t\t\t\t\t\t\t\t<div class=\"elementor-field-type-recaptcha_v3 elementor-field-group elementor-column elementor-field-group-field_af8c934 elementor-col-100 recaptcha_v3-bottomright\">\n\t\t\t\t\t<div class=\"elementor-field\" id=\"form-field-field_af8c934\"><div class=\"elementor-g-recaptcha\" data-sitekey=\"6LcEii8pAAAAAD2s_4kepVqs2MliiLI9nryZ4-Rg\" data-type=\"v3\" data-action=\"Form\" data-badge=\"bottomright\" data-size=\"invisible\"><\/div><\/div>\t\t\t\t<\/div>\n\t\t\t\t\t\t\t\t<div class=\"elementor-field-group elementor-column elementor-field-type-submit elementor-col-100 e-form__buttons\">\n\t\t\t\t\t<button class=\"elementor-button elementor-size-md\" type=\"submit\">\n\t\t\t\t\t\t<span class=\"elementor-button-content-wrapper\">\n\t\t\t\t\t\t\t\t\t\t\t\t\t\t\t\t\t\t\t\t\t\t<span class=\"elementor-button-text\">PRIJAVI SE<\/span>\n\t\t\t\t\t\t\t\t\t\t\t\t\t<\/span>\n\t\t\t\t\t<\/button>\n\t\t\t\t<\/div>\n\t\t\t<\/div>\n\t\t<\/form>\n\t\t\t\t\t\t<\/div>\n\t\t\t\t<\/div>\n\t\t\t\t<\/div>\n\t\t<div class=\"elementor-element elementor-element-47217af e-con-full e-flex e-con e-child\" data-id=\"47217af\" data-element_type=\"container\" data-settings=\"{&quot;background_background&quot;:&quot;classic&quot;}\">\n\t\t\t\t<\/div>\n\t\t\t\t\t<\/div>\n\t\t\t\t<\/div>\n\t\t\t\t<\/div>\n\t\t","protected":false},"excerpt":{"rendered":"<p>POSTANI I TI DIO NA\u0160EG TIMA U Modroj Stijeni, posao je vi\u0161e od obaveze &#8211; to je prilika za kreativno izra\u017eavanje, rast i zajedni\u010dko stvaranje remek-djela od kamena. Na\u0161a radna kultura isti\u010de timski duh, usavr\u0161avanje i vrednovanje na\u0161ih dragocjenih zaposlenika. Timski rad je srce na\u0161eg poslovanja. Svaki \u010dlan na\u0161eg tima igra klju\u010dnu ulogu u svakom [&hellip;]<\/p>\n","protected":false},"author":2,"featured_media":0,"parent":0,"menu_order":0,"comment_status":"closed","ping_status":"closed","template":"","meta":{"_acf_changed":false,"footnotes":""},"class_list":["post-20366","page","type-page","status-publish","hentry"],"acf":[],"_links":{"self":[{"href":"https:\/\/modrastijena.com\/me\/wp-json\/wp\/v2\/pages\/20366","targetHints":{"allow":["GET"]}}],"collection":[{"href":"https:\/\/modrastijena.com\/me\/wp-json\/wp\/v2\/pages"}],"about":[{"href":"https:\/\/modrastijena.com\/me\/wp-json\/wp\/v2\/types\/page"}],"author":[{"embeddable":true,"href":"https:\/\/modrastijena.com\/me\/wp-json\/wp\/v2\/users\/2"}],"replies":[{"embeddable":true,"href":"https:\/\/modrastijena.com\/me\/wp-json\/wp\/v2\/comments?post=20366"}],"version-history":[{"count":80,"href":"https:\/\/modrastijena.com\/me\/wp-json\/wp\/v2\/pages\/20366\/revisions"}],"predecessor-version":[{"id":24688,"href":"https:\/\/modrastijena.com\/me\/wp-json\/wp\/v2\/pages\/20366\/revisions\/24688"}],"wp:attachment":[{"href":"https:\/\/modrastijena.com\/me\/wp-json\/wp\/v2\/media?parent=20366"}],"curies":[{"name":"wp","href":"https:\/\/api.w.org\/{rel}","templated":true}]}}