{"id":29376,"date":"2026-04-03T07:23:03","date_gmt":"2026-04-03T07:23:03","guid":{"rendered":"https:\/\/modrastijena.com\/hr\/proizvod\/roso-portugalo\/"},"modified":"2026-04-03T07:25:18","modified_gmt":"2026-04-03T07:25:18","slug":"roso-portugalo","status":"publish","type":"product","link":"https:\/\/modrastijena.com\/hr\/proizvod\/roso-portugalo\/","title":{"rendered":"Roso Portugalo"},"content":{"rendered":"<p>Rosa Portugal\u00a0je\u00a0poznati portugalski mramor, cijenjen zbog svoje nje\u017ene ru\u017ei\u010daste boje s bijelim, sivim ili be\u017e venama. Ovaj prirodni kamen vadi se u Portugalu te se \u010desto koristi u interijerima za stolove, kupaonice i zidne obloge zbog svoje elegancije i topline.<\/p>\n<p>Dostupan u obradama satin i polirano, te debljinama od 2cm i 3cm.<\/p>\n<div class=\"elementor-element elementor-element-a9c4794 elementor-widget elementor-widget-woocommerce-product-content\" data-id=\"a9c4794\" data-element_type=\"widget\" data-widget_type=\"woocommerce-product-content.default\">\n<div class=\"elementor-widget-container\">\n<p><b>Napomena:<\/b><br \/>\nKamen je prirodan materijal i svaka kamena plo\u010da je unikatna, stoga preporu\u010dujemo da vidite uzorak kamena u jednoj od na\u0161ih poslovnica. Fotografije ne moraju nu\u017eno u potpunosti odgovarati stvarnom izgledu proizvoda. Provjerite dostupnost u prodajnim salonima Modre Stijene.<\/p>\n<\/div>\n<\/div>\n","protected":false},"excerpt":{"rendered":"<p>Rosa Portugal\u00a0je\u00a0poznati portugalski mramor, cijenjen zbog svoje nje\u017ene ru\u017ei\u010daste boje s bijelim, sivim ili be\u017e venama. Ovaj prirodni kamen vadi se u Portugalu te se \u010desto koristi u interijerima za stolove, kupaonice i zidne obloge zbog svoje elegancije i topline. Dostupan u obradama satin i polirano, te debljinama od 2cm i 3cm. Napomena: Kamen je [&hellip;]<\/p>\n","protected":false},"featured_media":100000028727,"template":"","meta":{"_acf_changed":false},"product_brand":[],"product_oblik":[],"product_cat":[44],"product_tag":[],"class_list":{"0":"post-29376","1":"product","2":"type-product","3":"status-publish","4":"has-post-thumbnail","6":"product_cat-mramori","8":"first","9":"instock","10":"shipping-taxable","11":"product-type-simple"},"acf":[],"_links":{"self":[{"href":"https:\/\/modrastijena.com\/hr\/wp-json\/wp\/v2\/product\/29376","targetHints":{"allow":["GET"]}}],"collection":[{"href":"https:\/\/modrastijena.com\/hr\/wp-json\/wp\/v2\/product"}],"about":[{"href":"https:\/\/modrastijena.com\/hr\/wp-json\/wp\/v2\/types\/product"}],"wp:featuredmedia":[{"embeddable":true,"href":"https:\/\/modrastijena.com\/hr\/wp-json\/"}],"wp:attachment":[{"href":"https:\/\/modrastijena.com\/hr\/wp-json\/wp\/v2\/media?parent=29376"}],"wp:term":[{"taxonomy":"product_brand","embeddable":true,"href":"https:\/\/modrastijena.com\/hr\/wp-json\/wp\/v2\/product_brand?post=29376"},{"taxonomy":"product_oblik","embeddable":true,"href":"https:\/\/modrastijena.com\/hr\/wp-json\/wp\/v2\/product_oblik?post=29376"},{"taxonomy":"product_cat","embeddable":true,"href":"https:\/\/modrastijena.com\/hr\/wp-json\/wp\/v2\/product_cat?post=29376"},{"taxonomy":"product_tag","embeddable":true,"href":"https:\/\/modrastijena.com\/hr\/wp-json\/wp\/v2\/product_tag?post=29376"}],"curies":[{"name":"wp","href":"https:\/\/api.w.org\/{rel}","templated":true}]}}