{"id":29375,"date":"2026-04-03T06:58:13","date_gmt":"2026-04-03T06:58:13","guid":{"rendered":"https:\/\/modrastijena.com\/hr\/proizvod\/bunjica-grey-60x15cm\/"},"modified":"2026-04-03T07:17:45","modified_gmt":"2026-04-03T07:17:45","slug":"bunjica-grey-60x15cm","status":"publish","type":"product","link":"https:\/\/modrastijena.com\/hr\/proizvod\/bunjica-grey-60x15cm\/","title":{"rendered":"Bunjica Grey 60x15cm"},"content":{"rendered":"<div class=\"elementor-element elementor-element-a9c4794 elementor-widget elementor-widget-woocommerce-product-content\" data-id=\"a9c4794\" data-element_type=\"widget\" data-widget_type=\"woocommerce-product-content.default\">\n<div class=\"elementor-widget-container\">\n<p>Ja\u010danjem ekolo\u0161ke svijesti i op\u0107eg trenda povratka prirodnom, u ure\u0111enju interijera i eksterijera dekorativni prirodni kamen je jedan od najtra\u017eenijih.<\/p>\n<p><b>Napomena:<\/b><\/p>\n<p>Kamen je prirodan materijal i svaka kamena plo\u010da je unikatna, stoga preporu\u010dujemo da vidite uzorak kamena u jednoj od na\u0161ih poslovnica. Fotografije ne moraju nu\u017eno u potpunosti odgovarati stvarnom izgledu proizvoda. Provjerite dostupnost u prodajnim salonima Modre Stijene.<\/p>\n<\/div>\n<\/div>\n<div class=\"elementor-element elementor-element-2b9bda3 elementor-widget elementor-widget-heading\" data-id=\"2b9bda3\" data-element_type=\"widget\" data-widget_type=\"heading.default\">\n<div class=\"elementor-widget-container\"><\/div>\n<\/div>\n","protected":false},"excerpt":{"rendered":"<p>Ja\u010danjem ekolo\u0161ke svijesti i op\u0107eg trenda povratka prirodnom, u ure\u0111enju interijera i eksterijera dekorativni prirodni kamen je jedan od najtra\u017eenijih. Napomena: Kamen je prirodan materijal i svaka kamena plo\u010da je unikatna, stoga preporu\u010dujemo da vidite uzorak kamena u jednoj od na\u0161ih poslovnica. Fotografije ne moraju nu\u017eno u potpunosti odgovarati stvarnom izgledu proizvoda. Provjerite dostupnost u [&hellip;]<\/p>\n","protected":false},"featured_media":100000028725,"template":"","meta":{"_acf_changed":false},"product_brand":[],"product_oblik":[],"product_cat":[268],"product_tag":[],"class_list":{"0":"post-29375","1":"product","2":"type-product","3":"status-publish","4":"has-post-thumbnail","6":"product_cat-dekorativni-kamen","8":"first","9":"instock","10":"shipping-taxable","11":"product-type-simple"},"acf":[],"_links":{"self":[{"href":"https:\/\/modrastijena.com\/hr\/wp-json\/wp\/v2\/product\/29375","targetHints":{"allow":["GET"]}}],"collection":[{"href":"https:\/\/modrastijena.com\/hr\/wp-json\/wp\/v2\/product"}],"about":[{"href":"https:\/\/modrastijena.com\/hr\/wp-json\/wp\/v2\/types\/product"}],"wp:featuredmedia":[{"embeddable":true,"href":"https:\/\/modrastijena.com\/hr\/wp-json\/"}],"wp:attachment":[{"href":"https:\/\/modrastijena.com\/hr\/wp-json\/wp\/v2\/media?parent=29375"}],"wp:term":[{"taxonomy":"product_brand","embeddable":true,"href":"https:\/\/modrastijena.com\/hr\/wp-json\/wp\/v2\/product_brand?post=29375"},{"taxonomy":"product_oblik","embeddable":true,"href":"https:\/\/modrastijena.com\/hr\/wp-json\/wp\/v2\/product_oblik?post=29375"},{"taxonomy":"product_cat","embeddable":true,"href":"https:\/\/modrastijena.com\/hr\/wp-json\/wp\/v2\/product_cat?post=29375"},{"taxonomy":"product_tag","embeddable":true,"href":"https:\/\/modrastijena.com\/hr\/wp-json\/wp\/v2\/product_tag?post=29375"}],"curies":[{"name":"wp","href":"https:\/\/api.w.org\/{rel}","templated":true}]}}