{"id":29367,"date":"2026-03-17T08:51:30","date_gmt":"2026-03-17T08:51:30","guid":{"rendered":"https:\/\/modrastijena.com\/hr\/proizvod\/intensive-cleaner-sredstvo-za-ciscenje-prirodnog-kamena\/"},"modified":"2026-03-17T08:51:30","modified_gmt":"2026-03-17T08:51:30","slug":"intensive-cleaner-sredstvo-za-ciscenje-prirodnog-kamena","status":"publish","type":"product","link":"https:\/\/modrastijena.com\/hr\/proizvod\/intensive-cleaner-sredstvo-za-ciscenje-prirodnog-kamena\/","title":{"rendered":"Intensive Cleaner- sredstvo za \u010di\u0161\u0107enje prirodnog kamena"},"content":{"rendered":"<p><span dir=\"auto\">Intenzivno sredstvo za \u010di\u0161\u0107enje <\/span><span style=\"font-size: 16px\">koncentrirano, visoko alkalno sredstvo za \u010di\u0161\u0107enje koje sadr\u017ei anionske surfaktante, pomo\u0107ne tvari i otapala, lako biorazgradivo, mo\u017ee se koristiti u prehrambenom sektoru (potvr\u0111eno od strane vanjskog njema\u010dkog instituta za ispitivanje)<\/span><\/p>\n<div class=\"text-application\">\n<p><span dir=\"auto\">Temeljito \u010disti prirodni kamen, kerami\u010dke plo\u010dice i sli\u010dan kamen u kuhinjama, prostorijama u kojima se boravi, trgovinama prehrambenih proizvoda, radionicama i drugim industrijskim pogonima. Alkalni proizvod lako i brzo uklanja tvrdokornu prljav\u0161tinu poput ulja i masti, \u010da\u0111e, gume, raznih voskova i slojeva trenutnog laka.<\/span><\/p>\n<\/div>\n","protected":false},"excerpt":{"rendered":"<p>Intenzivno sredstvo za \u010di\u0161\u0107enje koncentrirano, visoko alkalno sredstvo za \u010di\u0161\u0107enje koje sadr\u017ei anionske surfaktante, pomo\u0107ne tvari i otapala, lako biorazgradivo, mo\u017ee se koristiti u prehrambenom sektoru (potvr\u0111eno od strane vanjskog njema\u010dkog instituta za ispitivanje) Temeljito \u010disti prirodni kamen, kerami\u010dke plo\u010dice i sli\u010dan kamen u kuhinjama, prostorijama u kojima se boravi, trgovinama prehrambenih proizvoda, radionicama i [&hellip;]<\/p>\n","protected":false},"featured_media":100000028692,"template":"","meta":{"_acf_changed":false},"product_brand":[725],"product_oblik":[],"product_cat":[88],"product_tag":[],"class_list":{"0":"post-29367","1":"product","2":"type-product","3":"status-publish","4":"has-post-thumbnail","6":"product_brand-akemi","7":"product_cat-sredstva-za-odrzavanje","9":"first","10":"instock","11":"shipping-taxable","12":"purchasable","13":"product-type-simple"},"acf":[],"_links":{"self":[{"href":"https:\/\/modrastijena.com\/hr\/wp-json\/wp\/v2\/product\/29367","targetHints":{"allow":["GET"]}}],"collection":[{"href":"https:\/\/modrastijena.com\/hr\/wp-json\/wp\/v2\/product"}],"about":[{"href":"https:\/\/modrastijena.com\/hr\/wp-json\/wp\/v2\/types\/product"}],"wp:featuredmedia":[{"embeddable":true,"href":"https:\/\/modrastijena.com\/hr\/wp-json\/"}],"wp:attachment":[{"href":"https:\/\/modrastijena.com\/hr\/wp-json\/wp\/v2\/media?parent=29367"}],"wp:term":[{"taxonomy":"product_brand","embeddable":true,"href":"https:\/\/modrastijena.com\/hr\/wp-json\/wp\/v2\/product_brand?post=29367"},{"taxonomy":"product_oblik","embeddable":true,"href":"https:\/\/modrastijena.com\/hr\/wp-json\/wp\/v2\/product_oblik?post=29367"},{"taxonomy":"product_cat","embeddable":true,"href":"https:\/\/modrastijena.com\/hr\/wp-json\/wp\/v2\/product_cat?post=29367"},{"taxonomy":"product_tag","embeddable":true,"href":"https:\/\/modrastijena.com\/hr\/wp-json\/wp\/v2\/product_tag?post=29367"}],"curies":[{"name":"wp","href":"https:\/\/api.w.org\/{rel}","templated":true}]}}