{"id":29362,"date":"2026-03-11T08:30:44","date_gmt":"2026-03-11T08:30:44","guid":{"rendered":"https:\/\/modrastijena.com\/hr\/proizvod\/silikoni-mapesil-tile-matt\/"},"modified":"2026-03-11T08:37:15","modified_gmt":"2026-03-11T08:37:15","slug":"silikoni-mapesil-tile-matt","status":"publish","type":"product","link":"https:\/\/modrastijena.com\/hr\/proizvod\/silikoni-mapesil-tile-matt\/","title":{"rendered":"Silikoni Mapesil Tile Matt"},"content":{"rendered":"<p>MAPESIL TILE MATT\u00a0je masa za brtvljenje\u00a0bez otapala,\u00a0otporna na plijesan,\u00a0niskog modula elasti\u010dnosti. Posebno je namijenjena za brtvljenje\u00a0keramike\u00a0i\u00a0sanitarne opreme\u00a0te prikladna za naj\u010de\u0161\u0107e upojne i neupojne podloge, poput cementnih materijala, opeke, drva, metala, obojenih povr\u0161ina i stakla.<\/p>\n<p>MAPESIL TILE MATT ima\u00a0mat zavr\u0161ni izgled\u00a0koji se idealno uklapa u arhitektonske projekte u kojima je va\u017ean estetski dojam<\/p>\n<p>Prikladan je za brtvljenje dilatacijskih i kutnih spojeva, \u010dak i kod ve\u0107ih pomaka, kako u interijerima tako i u eksterijerima.<\/p>\n","protected":false},"excerpt":{"rendered":"<p>MAPESIL TILE MATT\u00a0je masa za brtvljenje\u00a0bez otapala,\u00a0otporna na plijesan,\u00a0niskog modula elasti\u010dnosti. Posebno je namijenjena za brtvljenje\u00a0keramike\u00a0i\u00a0sanitarne opreme\u00a0te prikladna za naj\u010de\u0161\u0107e upojne i neupojne podloge, poput cementnih materijala, opeke, drva, metala, obojenih povr\u0161ina i stakla. MAPESIL TILE MATT ima\u00a0mat zavr\u0161ni izgled\u00a0koji se idealno uklapa u arhitektonske projekte u kojima je va\u017ean estetski dojam Prikladan je za [&hellip;]<\/p>\n","protected":false},"featured_media":100000028688,"template":"","meta":{"_acf_changed":false},"product_brand":[727],"product_oblik":[],"product_cat":[63],"product_tag":[],"class_list":{"0":"post-29362","1":"product","2":"type-product","3":"status-publish","4":"has-post-thumbnail","6":"product_brand-mapei","7":"product_cat-materijali-za-polaganje","9":"first","10":"instock","11":"shipping-taxable","12":"purchasable","13":"product-type-variable","14":"wvs-archive-product-wrapper"},"acf":[],"_links":{"self":[{"href":"https:\/\/modrastijena.com\/hr\/wp-json\/wp\/v2\/product\/29362","targetHints":{"allow":["GET"]}}],"collection":[{"href":"https:\/\/modrastijena.com\/hr\/wp-json\/wp\/v2\/product"}],"about":[{"href":"https:\/\/modrastijena.com\/hr\/wp-json\/wp\/v2\/types\/product"}],"wp:featuredmedia":[{"embeddable":true,"href":"https:\/\/modrastijena.com\/hr\/wp-json\/"}],"wp:attachment":[{"href":"https:\/\/modrastijena.com\/hr\/wp-json\/wp\/v2\/media?parent=29362"}],"wp:term":[{"taxonomy":"product_brand","embeddable":true,"href":"https:\/\/modrastijena.com\/hr\/wp-json\/wp\/v2\/product_brand?post=29362"},{"taxonomy":"product_oblik","embeddable":true,"href":"https:\/\/modrastijena.com\/hr\/wp-json\/wp\/v2\/product_oblik?post=29362"},{"taxonomy":"product_cat","embeddable":true,"href":"https:\/\/modrastijena.com\/hr\/wp-json\/wp\/v2\/product_cat?post=29362"},{"taxonomy":"product_tag","embeddable":true,"href":"https:\/\/modrastijena.com\/hr\/wp-json\/wp\/v2\/product_tag?post=29362"}],"curies":[{"name":"wp","href":"https:\/\/api.w.org\/{rel}","templated":true}]}}